{"id":2284,"date":"2017-08-23T11:30:14","date_gmt":"2017-08-23T09:30:14","guid":{"rendered":"http:\/\/www.diamond-consult.com\/consultant\/services-copy\/"},"modified":"2019-08-19T18:30:18","modified_gmt":"2019-08-19T16:30:18","slug":"les-defis","status":"publish","type":"page","link":"https:\/\/www.diamond-consult.com\/consultant\/les-defis\/","title":{"rendered":"Les D\u00e9fis"},"content":{"rendered":"<p>[vc_section css=\u00a0\u00bb.vc_custom_1497455841382{border-bottom-width: 1px !important;background-color: #f7f8fa !important;border-bottom-color: #dddddd !important;border-bottom-style: solid !important;}\u00a0\u00bb][vc_row][vc_column]<div class=\"wpb_content_element \"><style type=\"text\/css\" scoped><\/style><header id=\"ut_header_69e4f671841a4\" class=\"section-header ut-no-title-linebreak-mobile ut-no-lead-linebreak-mobile pt-style-7 header-center element-with-custom-line-height\"><h2  class=\"section-title \"><span>Les <b>D\u00e9fis<\/b> d'Aujourd'hui et de Demain<\/span><\/h2><div data-delay=\"0\" class=\"lead \"><p>\u00ab\u00a0le futur a \u00e9t\u00e9 cr\u00e9\u00e9 pour \u00eatre chang\u00e9\u00a0\u00bb Paolo Coelho<\/p>\n<\/div><\/header><\/div>[\/vc_column][\/vc_row][vc_row disable_element=\u00a0\u00bbyes\u00a0\u00bb][vc_column width=\u00a0\u00bb1\/3&Prime; offset=\u00a0\u00bbvc_col-lg-4 vc_col-md-12 vc_col-sm-12 vc_col-xs-12&Prime;]<div class=\"wpb_content_element  vc_custom_1503482041087\"><style type=\"text\/css\" scoped>#ut_pc_69e4f67184341 circle.circle { stroke: #e5e5e5; }#ut_pc_69e4f67184341 circle.stroke { stroke: #9b335d; }#ut_pc_69e4f67184341 .bkly-progress-circle-style-two.bkly-progress-circle-with-fa-icon i { color: #9b335d; }<\/style><div id=\"ut_pc_69e4f67184341\" class=\"bkly-progress-circle-wrap\"><div class=\"bkly-progress-circle bkly-progress-circle-style-two  bkly-progress-circle-with-fa-icon\"  data-circle-percent=\"80\" data-circle-text=\"&lt;b&gt;DSI&lt;\/b&gt; Projets\"><i class=\"fa fa-clock-o\"><\/i><svg class=\"bkly-progress-svg\" data-animateonce=\"no\"><circle class=\"stroke\" r=\"80\" cx=\"90\" cy=\"90\" fill=\"transparent\" stroke-dasharray=\"502.4\" stroke-dashoffset=\"0\"><\/circle><circle class=\"circle\" r=\"80\" cx=\"90\" cy=\"90\" fill=\"transparent\" stroke-dasharray=\"502.4\" stroke-dashoffset=\"0\"><\/circle><\/svg><\/div><h3><b>DSI<\/b> Projets<\/h3><\/div><\/div><div class=\"wpb_content_element  vc_custom_1503481732309\"><style type=\"text\/css\" scoped>#ut_sc_69e4f67184372 .ut-service-column a.ut-service-column-link { font-size: 12px; }#ut-svg-69e4f67184373 { display:none; }#ut-svg-69e4f67184373.ut-svg-loaded { display:block; }#ut-svg-69e4f67184373 path { stroke:#9b335d; }<\/style><div id=\"ut_sc_69e4f67184372\"  class=\"ut-horizontal-style-align-left  clearfix \" ><div class=\"ut-service-column ut-service-column-horiz\"><p>Lorem ipsum dolor sit amet, consetetur sadipscing elitr, sed diam nonumy eirmod tempor invidunt ut labore et dolore magna aliquyam erat, sed diam voluptua.<\/p><\/div><\/div><\/div>[\/vc_column][vc_column width=\u00a0\u00bb1\/3&Prime; offset=\u00a0\u00bbvc_col-lg-4 vc_col-md-12 vc_col-sm-12 vc_col-xs-12&Prime;]<div class=\"wpb_content_element  vc_custom_1503481054729\"><style type=\"text\/css\" scoped>#ut_pc_69e4f671843be circle.circle { stroke: #e5e5e5; }#ut_pc_69e4f671843be circle.stroke { stroke: #9b335d; }#ut_pc_69e4f671843be .bkly-progress-circle-style-two.bkly-progress-circle-with-fa-icon i { color: #9b335d; }<\/style><div id=\"ut_pc_69e4f671843be\" class=\"bkly-progress-circle-wrap\"><div class=\"bkly-progress-circle bkly-progress-circle-style-two  bkly-progress-circle-with-fa-icon\"  data-circle-percent=\"90\" data-circle-text=\"&lt;b&gt;Formation&lt;\/b&gt;\"><i class=\"fa fa-plus-circle\"><\/i><svg class=\"bkly-progress-svg\" data-animateonce=\"no\"><circle class=\"stroke\" r=\"80\" cx=\"90\" cy=\"90\" fill=\"transparent\" stroke-dasharray=\"502.4\" stroke-dashoffset=\"0\"><\/circle><circle class=\"circle\" r=\"80\" cx=\"90\" cy=\"90\" fill=\"transparent\" stroke-dasharray=\"502.4\" stroke-dashoffset=\"0\"><\/circle><\/svg><\/div><h3><b>Formation<\/b><\/h3><\/div><\/div><div class=\"wpb_content_element  vc_custom_1503481747298\"><style type=\"text\/css\" scoped>#ut_sc_69e4f671843d4 .ut-service-column a.ut-service-column-link { font-size: 12px; }#ut-svg-69e4f671843d5 { display:none; }#ut-svg-69e4f671843d5.ut-svg-loaded { display:block; }#ut-svg-69e4f671843d5 path { stroke:#9b335d; }<\/style><div id=\"ut_sc_69e4f671843d4\"  class=\"ut-horizontal-style-align-left  clearfix \" ><div class=\"ut-service-column ut-service-column-horiz\"><p>Lorem ipsum dolor sit amet, consetetur sadipscing elitr, sed diam nonumy eirmod tempor invidunt ut labore et dolore magna aliquyam erat, sed diam voluptua.<\/p><\/div><\/div><\/div>[\/vc_column][vc_column width=\u00a0\u00bb1\/3&Prime; offset=\u00a0\u00bbvc_col-lg-4 vc_col-md-12 vc_col-sm-12 vc_col-xs-12&Prime;]<div class=\"wpb_content_element  vc_custom_1503481074433\"><style type=\"text\/css\" scoped>#ut_pc_69e4f671843f5 circle.circle { stroke: #e5e5e5; }#ut_pc_69e4f671843f5 circle.stroke { stroke: #9b335d; }#ut_pc_69e4f671843f5 .bkly-progress-circle-style-two.bkly-progress-circle-with-fa-icon i { color: #9b335d; }<\/style><div id=\"ut_pc_69e4f671843f5\" class=\"bkly-progress-circle-wrap\"><div class=\"bkly-progress-circle bkly-progress-circle-style-two  bkly-progress-circle-with-fa-icon\"  data-circle-percent=\"95\" data-circle-text=\"&lt;b&gt;Exp\u00e9rience&lt;\/b&gt;\"><i class=\"fa fa-star\"><\/i><svg class=\"bkly-progress-svg\" data-animateonce=\"no\"><circle class=\"stroke\" r=\"80\" cx=\"90\" cy=\"90\" fill=\"transparent\" stroke-dasharray=\"502.4\" stroke-dashoffset=\"0\"><\/circle><circle class=\"circle\" r=\"80\" cx=\"90\" cy=\"90\" fill=\"transparent\" stroke-dasharray=\"502.4\" stroke-dashoffset=\"0\"><\/circle><\/svg><\/div><h3><b>Exp\u00e9rience<\/b><\/h3><\/div><\/div><div class=\"wpb_content_element  vc_custom_1503481760165\"><style type=\"text\/css\" scoped>#ut_sc_69e4f67184408 .ut-service-column a.ut-service-column-link { font-size: 12px; }#ut-svg-69e4f67184409 { display:none; }#ut-svg-69e4f67184409.ut-svg-loaded { display:block; }#ut-svg-69e4f67184409 path { stroke:#9b335d; }<\/style><div id=\"ut_sc_69e4f67184408\"  class=\"ut-horizontal-style-align-left  clearfix \" ><div class=\"ut-service-column ut-service-column-horiz\"><p>Lorem ipsum dolor sit amet, consetetur sadipscing elitr, sed diam nonumy eirmod tempor invidunt ut labore et dolore magna aliquyam erat, sed diam voluptua.<\/p><\/div><\/div><\/div>[\/vc_column][\/vc_row][vc_row][vc_column][vc_column_text el_class=\u00a0\u00bbjustifier\u00a0\u00bb]<\/p>\n<p style=\"text-align: justify;\"><strong>L\u2019intelligence\u00a0artificielle<\/strong>, les innovations technologiques, les nouveaux usages transforment nos vies personnelles et le monde du travail : nous devons relever ces <strong>nouveaux d\u00e9fis<\/strong>.<\/p>\n<p style=\"text-align: justify;\">Agissons et cassons les silos dans les organisations en utilisant la <strong>transformation digitale<\/strong> comme levier de croissance pour relever vos<strong> challenges.<\/strong><\/p>\n<p style=\"text-align: justify;\">Proposons des solutions op\u00e9rationnelles en r\u00e9ponse aux <strong>enjeux d\u2019innovation<\/strong> et de transformation digitale des entreprises.<\/p>\n<p style=\"text-align: justify;\">Diamond-consult propose de vous aider \u00e0 relever vos d\u00e9fis num\u00e9riques, \u00e0 am\u00e9liorer la performance client, pour accro\u00eetre votre\u00a0<strong>comp\u00e9titivit\u00e9<\/strong> sur de nouveaux march\u00e9s en initiant ou en acc\u00e9l\u00e9rant votre transition num\u00e9rique.<\/p>\n<p style=\"text-align: justify;\">Nous accompagnons votre transformation de mani\u00e8re <strong>collaborative<\/strong> et efficiente en augmentant la vitesse de vos adaptations.<\/p>\n<p style=\"text-align: justify;\">Relevons le d\u00e9fi de faire \u00e9merger des id\u00e9es novatrices pour construire une <strong>strat\u00e9gie<\/strong>, une d\u00e9marche de changement dynamique en <strong>collaboration<\/strong>.<\/p>\n<p>Le monde change et se transforme. Le paysage technologique est en \u00e9volution, les entreprise doivent relever le d\u00e9fi de s\u2019adapter aux transformations car la r\u00e9sistance est inutile et irr\u00e9aliste.<\/p>\n<p><strong>L\u2019intelligence artificielle<\/strong> est un formidable vecteur de progr\u00e8s social et \u00e9conomique.<\/p>\n<p>Depuis 30 ans, nous sommes sp\u00e9cialistes en <strong>Intelligence Artificielle. <\/strong><\/p>\n<p>Ce domaine\u00a0s\u2019int\u00e9ressait \u00e0 l\u2019\u00e9poque \u00e0 la mod\u00e9lisation des r\u00e9seaux neuronaux et aux m\u00e9thodes d\u2019apprentissage automatique comme la reconnaissance de la parole.<\/p>\n<p>Depuis cette date, l\u2019explosion des volumes de donn\u00e9es disponibles et les capacit\u00e9s des machines permettent d\u2019utiliser les recherches de l\u2019\u00e9poque et d\u2019obtenir des r\u00e9sultats et de mettre en avant ce domaine en explosion, longtemps \u00e9tait pass\u00e9 sous silence et r\u00e9serv\u00e9 \u00e0 quelques experts qui se reconna\u00eetront.<\/p>\n<p>L\u2019expertise humaine nous ouvre des opportunit\u00e9s et nous permet de combiner la puissance des algorithmes, les capacit\u00e9s des infrastructure et l\u2019augmentation fulgurante des <strong>volumes de donn\u00e9es<\/strong>.[\/vc_column_text][\/vc_column][\/vc_row][\/vc_section]<\/p>\n","protected":false},"excerpt":{"rendered":"<p>[vc_section css=\u00a0\u00bb.vc_custom_1497455841382{border-bottom-width: 1px !important;background-color: #f7f8fa !important;border-bottom-color: #dddddd !important;border-bottom-style: solid !important;}\u00a0\u00bb][vc_row][vc_column][\/vc_column][\/vc_row][vc_row disable_element=\u00a0\u00bbyes\u00a0\u00bb][vc_column width=\u00a0\u00bb1\/3&Prime; offset=\u00a0\u00bbvc_col-lg-4 vc_col-md-12 vc_col-sm-12 vc_col-xs-12&Prime;][\/vc_column][vc_column width=\u00a0\u00bb1\/3&Prime; offset=\u00a0\u00bbvc_col-lg-4 vc_col-md-12 vc_col-sm-12 vc_col-xs-12&Prime;][\/vc_column][vc_column width=\u00a0\u00bb1\/3&Prime; offset=\u00a0\u00bbvc_col-lg-4 vc_col-md-12 vc_col-sm-12 vc_col-xs-12&Prime;][\/vc_column][\/vc_row][vc_row][vc_column][vc_column_text el_class=\u00a0\u00bbjustifier\u00a0\u00bb] L\u2019intelligence\u00a0artificielle, les innovations technologiques, les nouveaux usages transforment nos vies personnelles et le monde du travail : nous devons relever ces nouveaux d\u00e9fis. Agissons et cassons les silos [&hellip;]<\/p>\n","protected":false},"author":1,"featured_media":0,"parent":0,"menu_order":0,"comment_status":"closed","ping_status":"closed","template":"","meta":{"footnotes":""},"yoast_head":"<!-- This site is optimized with the Yoast SEO plugin v22.9 - https:\/\/yoast.com\/wordpress\/plugins\/seo\/ -->\n<title>Diamond Consult : Les d\u00e9fis d&#039;aujourd&#039;hui et de demain<\/title>\n<meta name=\"description\" content=\"L\u2019intelligence artificielle, les innovations technologiques, les nouveaux usages transforment nos vies personnelles et le monde du travail.\" \/>\n<meta name=\"robots\" content=\"index, follow, max-snippet:-1, max-image-preview:large, max-video-preview:-1\" \/>\n<link rel=\"canonical\" href=\"https:\/\/www.diamond-consult.com\/consultant\/les-defis\/\" \/>\n<meta property=\"og:locale\" content=\"fr_FR\" \/>\n<meta property=\"og:type\" content=\"article\" \/>\n<meta property=\"og:title\" content=\"Diamond Consult : Les d\u00e9fis d&#039;aujourd&#039;hui et de demain\" \/>\n<meta property=\"og:description\" content=\"L\u2019intelligence artificielle, les innovations technologiques, les nouveaux usages transforment nos vies personnelles et le monde du travail.\" \/>\n<meta property=\"og:url\" content=\"https:\/\/www.diamond-consult.com\/consultant\/les-defis\/\" \/>\n<meta property=\"og:site_name\" content=\"Diamond Consult\" \/>\n<meta property=\"article:modified_time\" content=\"2019-08-19T16:30:18+00:00\" \/>\n<meta name=\"twitter:card\" content=\"summary_large_image\" \/>\n<meta name=\"twitter:label1\" content=\"Dur\u00e9e de lecture estim\u00e9e\" \/>\n\t<meta name=\"twitter:data1\" content=\"3 minutes\" \/>\n<script type=\"application\/ld+json\" class=\"yoast-schema-graph\">{\"@context\":\"https:\/\/schema.org\",\"@graph\":[{\"@type\":\"WebPage\",\"@id\":\"https:\/\/www.diamond-consult.com\/consultant\/les-defis\/\",\"url\":\"https:\/\/www.diamond-consult.com\/consultant\/les-defis\/\",\"name\":\"Diamond Consult : Les d\u00e9fis d'aujourd'hui et de demain\",\"isPartOf\":{\"@id\":\"https:\/\/www.diamond-consult.com\/consultant\/#website\"},\"datePublished\":\"2017-08-23T09:30:14+00:00\",\"dateModified\":\"2019-08-19T16:30:18+00:00\",\"description\":\"L\u2019intelligence artificielle, les innovations technologiques, les nouveaux usages transforment nos vies personnelles et le monde du travail.\",\"breadcrumb\":{\"@id\":\"https:\/\/www.diamond-consult.com\/consultant\/les-defis\/#breadcrumb\"},\"inLanguage\":\"fr-FR\",\"potentialAction\":[{\"@type\":\"ReadAction\",\"target\":[\"https:\/\/www.diamond-consult.com\/consultant\/les-defis\/\"]}]},{\"@type\":\"BreadcrumbList\",\"@id\":\"https:\/\/www.diamond-consult.com\/consultant\/les-defis\/#breadcrumb\",\"itemListElement\":[{\"@type\":\"ListItem\",\"position\":1,\"name\":\"Accueil\",\"item\":\"https:\/\/www.diamond-consult.com\/consultant\/\"},{\"@type\":\"ListItem\",\"position\":2,\"name\":\"Les D\u00e9fis\"}]},{\"@type\":\"WebSite\",\"@id\":\"https:\/\/www.diamond-consult.com\/consultant\/#website\",\"url\":\"https:\/\/www.diamond-consult.com\/consultant\/\",\"name\":\"Diamond Consult\",\"description\":\"Cr\u00e9ativit\u00e9 collective et transformation digitale\",\"potentialAction\":[{\"@type\":\"SearchAction\",\"target\":{\"@type\":\"EntryPoint\",\"urlTemplate\":\"https:\/\/www.diamond-consult.com\/consultant\/?s={search_term_string}\"},\"query-input\":\"required name=search_term_string\"}],\"inLanguage\":\"fr-FR\"}]}<\/script>\n<!-- \/ Yoast SEO plugin. -->","yoast_head_json":{"title":"Diamond Consult : Les d\u00e9fis d'aujourd'hui et de demain","description":"L\u2019intelligence artificielle, les innovations technologiques, les nouveaux usages transforment nos vies personnelles et le monde du travail.","robots":{"index":"index","follow":"follow","max-snippet":"max-snippet:-1","max-image-preview":"max-image-preview:large","max-video-preview":"max-video-preview:-1"},"canonical":"https:\/\/www.diamond-consult.com\/consultant\/les-defis\/","og_locale":"fr_FR","og_type":"article","og_title":"Diamond Consult : Les d\u00e9fis d'aujourd'hui et de demain","og_description":"L\u2019intelligence artificielle, les innovations technologiques, les nouveaux usages transforment nos vies personnelles et le monde du travail.","og_url":"https:\/\/www.diamond-consult.com\/consultant\/les-defis\/","og_site_name":"Diamond Consult","article_modified_time":"2019-08-19T16:30:18+00:00","twitter_card":"summary_large_image","twitter_misc":{"Dur\u00e9e de lecture estim\u00e9e":"3 minutes"},"schema":{"@context":"https:\/\/schema.org","@graph":[{"@type":"WebPage","@id":"https:\/\/www.diamond-consult.com\/consultant\/les-defis\/","url":"https:\/\/www.diamond-consult.com\/consultant\/les-defis\/","name":"Diamond Consult : Les d\u00e9fis d'aujourd'hui et de demain","isPartOf":{"@id":"https:\/\/www.diamond-consult.com\/consultant\/#website"},"datePublished":"2017-08-23T09:30:14+00:00","dateModified":"2019-08-19T16:30:18+00:00","description":"L\u2019intelligence artificielle, les innovations technologiques, les nouveaux usages transforment nos vies personnelles et le monde du travail.","breadcrumb":{"@id":"https:\/\/www.diamond-consult.com\/consultant\/les-defis\/#breadcrumb"},"inLanguage":"fr-FR","potentialAction":[{"@type":"ReadAction","target":["https:\/\/www.diamond-consult.com\/consultant\/les-defis\/"]}]},{"@type":"BreadcrumbList","@id":"https:\/\/www.diamond-consult.com\/consultant\/les-defis\/#breadcrumb","itemListElement":[{"@type":"ListItem","position":1,"name":"Accueil","item":"https:\/\/www.diamond-consult.com\/consultant\/"},{"@type":"ListItem","position":2,"name":"Les D\u00e9fis"}]},{"@type":"WebSite","@id":"https:\/\/www.diamond-consult.com\/consultant\/#website","url":"https:\/\/www.diamond-consult.com\/consultant\/","name":"Diamond Consult","description":"Cr\u00e9ativit\u00e9 collective et transformation digitale","potentialAction":[{"@type":"SearchAction","target":{"@type":"EntryPoint","urlTemplate":"https:\/\/www.diamond-consult.com\/consultant\/?s={search_term_string}"},"query-input":"required name=search_term_string"}],"inLanguage":"fr-FR"}]}},"_links":{"self":[{"href":"https:\/\/www.diamond-consult.com\/consultant\/wp-json\/wp\/v2\/pages\/2284"}],"collection":[{"href":"https:\/\/www.diamond-consult.com\/consultant\/wp-json\/wp\/v2\/pages"}],"about":[{"href":"https:\/\/www.diamond-consult.com\/consultant\/wp-json\/wp\/v2\/types\/page"}],"author":[{"embeddable":true,"href":"https:\/\/www.diamond-consult.com\/consultant\/wp-json\/wp\/v2\/users\/1"}],"replies":[{"embeddable":true,"href":"https:\/\/www.diamond-consult.com\/consultant\/wp-json\/wp\/v2\/comments?post=2284"}],"version-history":[{"count":22,"href":"https:\/\/www.diamond-consult.com\/consultant\/wp-json\/wp\/v2\/pages\/2284\/revisions"}],"predecessor-version":[{"id":2705,"href":"https:\/\/www.diamond-consult.com\/consultant\/wp-json\/wp\/v2\/pages\/2284\/revisions\/2705"}],"wp:attachment":[{"href":"https:\/\/www.diamond-consult.com\/consultant\/wp-json\/wp\/v2\/media?parent=2284"}],"curies":[{"name":"wp","href":"https:\/\/api.w.org\/{rel}","templated":true}]}}