{"id":2367,"date":"2017-09-11T14:39:45","date_gmt":"2017-09-11T12:39:45","guid":{"rendered":"http:\/\/www.diamond-consult.com\/consultant\/les-defis-copy\/"},"modified":"2019-08-19T18:31:03","modified_gmt":"2019-08-19T16:31:03","slug":"les-enjeux","status":"publish","type":"page","link":"https:\/\/www.diamond-consult.com\/consultant\/les-enjeux\/","title":{"rendered":"Les Enjeux"},"content":{"rendered":"<p>[vc_section css=\u00a0\u00bb.vc_custom_1497455841382{border-bottom-width: 1px !important;background-color: #f7f8fa !important;border-bottom-color: #dddddd !important;border-bottom-style: solid !important;}\u00a0\u00bb][vc_row][vc_column]<div class=\"wpb_content_element \"><style type=\"text\/css\" scoped><\/style><header id=\"ut_header_69e4f6023e9ac\" class=\"section-header ut-no-title-linebreak-mobile ut-no-lead-linebreak-mobile pt-style-7 header-center element-with-custom-line-height\"><h2  class=\"section-title \"><span>Les <b>Enjeux<\/b> de votre Entreprise<\/span><\/h2><div data-delay=\"0\" class=\"lead \"><p>\u00ab\u00a0Changer drastiquement pour se hisser au prochain niveau de performance, manquez ce rendez-vous et le d\u00e9clin commence\u00a0\u00bb Handrew Grove<\/p>\n<\/div><\/header><\/div>[\/vc_column][\/vc_row][vc_row][vc_column][vc_column_text]<\/p>\n<p style=\"text-align: justify;\"><strong>Connaissez vous la transformation digitale\u00a0 ?<\/strong><\/p>\n<p>C&rsquo;est un march\u00e9 flou, et pourtant, tout\u00a0le monde en parle.<\/p>\n<p>Il s&rsquo;agit d&rsquo;un enjeu majeur, les entreprises doivent mettre en place des transformations organisationnelles, prendre en compte les nouvelles technologies et innover collectivement pour rester comp\u00e9titives dans le monde en changements permanents.<\/p>\n<p style=\"text-align: justify;\">Consultantes et Formatrices, nous accompagnons la\u00a0<strong>transformation digitale<\/strong> et la <strong>cr\u00e9ativit\u00e9 collective<\/strong> des entreprises, afin de gagner en <strong>performance<\/strong> et en <strong>innovation<\/strong>.<\/p>\n<p style=\"text-align: justify;\">Nous oeuvrons avec des dirigeants, des comit\u00e9s de direction, des managers et des \u00e9quipes op\u00e9rationnelles.<\/p>\n<p style=\"text-align: justify;\">Nous innovons dans les domaines du <strong>management<\/strong> d\u2019\u00e9quipe, du <strong>pilotage de projet<\/strong>, de <strong>gestion de portefeuille<\/strong> de programmes, d\u2019organisation et de la <strong>transition num\u00e9rique<\/strong>.<\/p>\n<p style=\"text-align: justify;\">Riches de nos exp\u00e9riences terrain op\u00e9rationnelles, nous rassemblons toutes nos comp\u00e9tences professionnelles : des <strong>m\u00e9thodes<\/strong> et <strong>outils op\u00e9rationnels<\/strong>\u00a0et nos connaissances du monde \u00e9conomique afin de vous proposer une offre adapt\u00e9e personnalis\u00e9e am\u00e9liorant votre\u00a0<strong>comp\u00e9titivit\u00e9<\/strong>.<\/p>\n<p style=\"text-align: justify;\">Nos regards ext\u00e9rieurs, permettent de vous mettre en actions vers de <strong>nouveaux horizons.<\/strong><\/p>\n<p style=\"text-align: justify;\">Quelques soient vos besoins sp\u00e9cifiques, nous nous adaptons au <strong>rythme de l\u2019entreprise<\/strong> dans une r\u00e9elle d\u00e9marche de simplification et d&rsquo;optimisation des performances.<\/p>\n<p style=\"text-align: justify;\">Nous vous guidons vers un <strong>projet digital personnalis\u00e9<\/strong>, en commen\u00e7ant par un diagnostic, la r\u00e9v\u00e9lation de vos comp\u00e9tences, pour mettre en place une d\u00e9marche de projet adapt\u00e9e vos besoins.<\/p>\n<p style=\"text-align: justify;\"><strong>Vos challenges sont les n\u00f4tres<\/strong>\u00a0: nos animations personnalis\u00e9es sont innovantes et entra\u00eenent les \u00e9quipes \u00e0 utiliser des\u00a0<strong>ressources cr\u00e9atives.<\/strong><\/p>\n<p>Nous savons que l&rsquo;accompagnement de la <strong>transformation digitale<\/strong>, la <strong>performance<\/strong> et la <strong>comp\u00e9titivit\u00e9<\/strong> des entreprises passent aussi par une \u00e9volution des talents et des comp\u00e9tences de demain.<\/p>\n<p>La pluralit\u00e9 des comp\u00e9tences alliant l&rsquo;ouverture d&rsquo;esprit, la <strong>cr\u00e9ativit\u00e9, la curiosit\u00e9<\/strong>\u00a0et la diversit\u00e9 des comp\u00e9tences m\u00e9tiers-techniques sont le tremplin de la <strong>r\u00e9ussite<\/strong>.<\/p>\n<p>Aujourd\u2019hui, face aux <strong>m\u00e9tiers \u00e9mergents, la curiosit\u00e9, l&rsquo;ouverture d&rsquo;esprit, le changement et l&rsquo;audace, <\/strong>repr\u00e9sentent les atouts\u00a0de r\u00e9ussite de toutes entreprises.<\/p>\n<p>Ces nouveaux talents feront de <strong>l&rsquo;auto-apprentissage<\/strong> des briques techniques qui leur manquent, et ils sauront \u00ab upgrader \u00bb leur cerveau au fur et \u00e0 mesure de l&rsquo;\u00e9volution des <strong>technologies<\/strong> et des besoins.<\/p>\n<p>En compl\u00e9mentarit\u00e9, la pluralit\u00e9 des comp\u00e9tences et la transversalit\u00e9 sont des tremplins et permettent de r\u00e9soudre des probl\u00e9matiques tr\u00e8s diverses, dans tous les domaines.<\/p>\n<p>Le monde change, les entreprises changent et anticipent le passage oblig\u00e9 de la <strong>transformation digitale<\/strong> afin de rester comp\u00e9titives et prendre en consid\u00e9ration le <strong>consommateur<\/strong> qui devient le \u00ab\u00a0ma\u00eetre du jeu\u00a0\u00bb.<\/p>\n<p style=\"text-align: center;\">Prenez les commandes de la transformation digitale avec <strong>Diamond Consult<\/strong>.<\/p>\n<p>[\/vc_column_text][\/vc_column][\/vc_row][\/vc_section]<\/p>\n","protected":false},"excerpt":{"rendered":"<p>[vc_section css=\u00a0\u00bb.vc_custom_1497455841382{border-bottom-width: 1px !important;background-color: #f7f8fa !important;border-bottom-color: #dddddd !important;border-bottom-style: solid !important;}\u00a0\u00bb][vc_row][vc_column][\/vc_column][\/vc_row][vc_row][vc_column][vc_column_text] Connaissez vous la transformation digitale\u00a0 ? C&rsquo;est un march\u00e9 flou, et pourtant, tout\u00a0le monde en parle. Il s&rsquo;agit d&rsquo;un enjeu majeur, les entreprises doivent mettre en place des transformations organisationnelles, prendre en compte les nouvelles technologies et innover collectivement pour rester comp\u00e9titives dans le monde [&hellip;]<\/p>\n","protected":false},"author":1,"featured_media":0,"parent":0,"menu_order":0,"comment_status":"closed","ping_status":"closed","template":"","meta":{"footnotes":""},"yoast_head":"<!-- This site is optimized with the Yoast SEO plugin v22.9 - https:\/\/yoast.com\/wordpress\/plugins\/seo\/ -->\n<title>Diamond Consult : Les enjeux de votre entreprise et du monde digital<\/title>\n<meta name=\"description\" content=\"Pour accompagner la transformation digitale, la performance et la comp\u00e9titivit\u00e9 des entreprises, je suis convaincue des talents et des comp\u00e9tences.\" \/>\n<meta name=\"robots\" content=\"index, follow, max-snippet:-1, max-image-preview:large, max-video-preview:-1\" \/>\n<link rel=\"canonical\" href=\"https:\/\/www.diamond-consult.com\/consultant\/les-enjeux\/\" \/>\n<meta property=\"og:locale\" content=\"fr_FR\" \/>\n<meta property=\"og:type\" content=\"article\" \/>\n<meta property=\"og:title\" content=\"Diamond Consult : Les enjeux de votre entreprise et du monde digital\" \/>\n<meta property=\"og:description\" content=\"Pour accompagner la transformation digitale, la performance et la comp\u00e9titivit\u00e9 des entreprises, je suis convaincue des talents et des comp\u00e9tences.\" \/>\n<meta property=\"og:url\" content=\"https:\/\/www.diamond-consult.com\/consultant\/les-enjeux\/\" \/>\n<meta property=\"og:site_name\" content=\"Diamond Consult\" \/>\n<meta property=\"article:modified_time\" content=\"2019-08-19T16:31:03+00:00\" \/>\n<meta name=\"twitter:card\" content=\"summary_large_image\" \/>\n<meta name=\"twitter:label1\" content=\"Dur\u00e9e de lecture estim\u00e9e\" \/>\n\t<meta name=\"twitter:data1\" content=\"3 minutes\" \/>\n<script type=\"application\/ld+json\" class=\"yoast-schema-graph\">{\"@context\":\"https:\/\/schema.org\",\"@graph\":[{\"@type\":\"WebPage\",\"@id\":\"https:\/\/www.diamond-consult.com\/consultant\/les-enjeux\/\",\"url\":\"https:\/\/www.diamond-consult.com\/consultant\/les-enjeux\/\",\"name\":\"Diamond Consult : Les enjeux de votre entreprise et du monde digital\",\"isPartOf\":{\"@id\":\"https:\/\/www.diamond-consult.com\/consultant\/#website\"},\"datePublished\":\"2017-09-11T12:39:45+00:00\",\"dateModified\":\"2019-08-19T16:31:03+00:00\",\"description\":\"Pour accompagner la transformation digitale, la performance et la comp\u00e9titivit\u00e9 des entreprises, je suis convaincue des talents et des comp\u00e9tences.\",\"breadcrumb\":{\"@id\":\"https:\/\/www.diamond-consult.com\/consultant\/les-enjeux\/#breadcrumb\"},\"inLanguage\":\"fr-FR\",\"potentialAction\":[{\"@type\":\"ReadAction\",\"target\":[\"https:\/\/www.diamond-consult.com\/consultant\/les-enjeux\/\"]}]},{\"@type\":\"BreadcrumbList\",\"@id\":\"https:\/\/www.diamond-consult.com\/consultant\/les-enjeux\/#breadcrumb\",\"itemListElement\":[{\"@type\":\"ListItem\",\"position\":1,\"name\":\"Accueil\",\"item\":\"https:\/\/www.diamond-consult.com\/consultant\/\"},{\"@type\":\"ListItem\",\"position\":2,\"name\":\"Les Enjeux\"}]},{\"@type\":\"WebSite\",\"@id\":\"https:\/\/www.diamond-consult.com\/consultant\/#website\",\"url\":\"https:\/\/www.diamond-consult.com\/consultant\/\",\"name\":\"Diamond Consult\",\"description\":\"Cr\u00e9ativit\u00e9 collective et transformation digitale\",\"potentialAction\":[{\"@type\":\"SearchAction\",\"target\":{\"@type\":\"EntryPoint\",\"urlTemplate\":\"https:\/\/www.diamond-consult.com\/consultant\/?s={search_term_string}\"},\"query-input\":\"required name=search_term_string\"}],\"inLanguage\":\"fr-FR\"}]}<\/script>\n<!-- \/ Yoast SEO plugin. -->","yoast_head_json":{"title":"Diamond Consult : Les enjeux de votre entreprise et du monde digital","description":"Pour accompagner la transformation digitale, la performance et la comp\u00e9titivit\u00e9 des entreprises, je suis convaincue des talents et des comp\u00e9tences.","robots":{"index":"index","follow":"follow","max-snippet":"max-snippet:-1","max-image-preview":"max-image-preview:large","max-video-preview":"max-video-preview:-1"},"canonical":"https:\/\/www.diamond-consult.com\/consultant\/les-enjeux\/","og_locale":"fr_FR","og_type":"article","og_title":"Diamond Consult : Les enjeux de votre entreprise et du monde digital","og_description":"Pour accompagner la transformation digitale, la performance et la comp\u00e9titivit\u00e9 des entreprises, je suis convaincue des talents et des comp\u00e9tences.","og_url":"https:\/\/www.diamond-consult.com\/consultant\/les-enjeux\/","og_site_name":"Diamond Consult","article_modified_time":"2019-08-19T16:31:03+00:00","twitter_card":"summary_large_image","twitter_misc":{"Dur\u00e9e de lecture estim\u00e9e":"3 minutes"},"schema":{"@context":"https:\/\/schema.org","@graph":[{"@type":"WebPage","@id":"https:\/\/www.diamond-consult.com\/consultant\/les-enjeux\/","url":"https:\/\/www.diamond-consult.com\/consultant\/les-enjeux\/","name":"Diamond Consult : Les enjeux de votre entreprise et du monde digital","isPartOf":{"@id":"https:\/\/www.diamond-consult.com\/consultant\/#website"},"datePublished":"2017-09-11T12:39:45+00:00","dateModified":"2019-08-19T16:31:03+00:00","description":"Pour accompagner la transformation digitale, la performance et la comp\u00e9titivit\u00e9 des entreprises, je suis convaincue des talents et des comp\u00e9tences.","breadcrumb":{"@id":"https:\/\/www.diamond-consult.com\/consultant\/les-enjeux\/#breadcrumb"},"inLanguage":"fr-FR","potentialAction":[{"@type":"ReadAction","target":["https:\/\/www.diamond-consult.com\/consultant\/les-enjeux\/"]}]},{"@type":"BreadcrumbList","@id":"https:\/\/www.diamond-consult.com\/consultant\/les-enjeux\/#breadcrumb","itemListElement":[{"@type":"ListItem","position":1,"name":"Accueil","item":"https:\/\/www.diamond-consult.com\/consultant\/"},{"@type":"ListItem","position":2,"name":"Les Enjeux"}]},{"@type":"WebSite","@id":"https:\/\/www.diamond-consult.com\/consultant\/#website","url":"https:\/\/www.diamond-consult.com\/consultant\/","name":"Diamond Consult","description":"Cr\u00e9ativit\u00e9 collective et transformation digitale","potentialAction":[{"@type":"SearchAction","target":{"@type":"EntryPoint","urlTemplate":"https:\/\/www.diamond-consult.com\/consultant\/?s={search_term_string}"},"query-input":"required name=search_term_string"}],"inLanguage":"fr-FR"}]}},"_links":{"self":[{"href":"https:\/\/www.diamond-consult.com\/consultant\/wp-json\/wp\/v2\/pages\/2367"}],"collection":[{"href":"https:\/\/www.diamond-consult.com\/consultant\/wp-json\/wp\/v2\/pages"}],"about":[{"href":"https:\/\/www.diamond-consult.com\/consultant\/wp-json\/wp\/v2\/types\/page"}],"author":[{"embeddable":true,"href":"https:\/\/www.diamond-consult.com\/consultant\/wp-json\/wp\/v2\/users\/1"}],"replies":[{"embeddable":true,"href":"https:\/\/www.diamond-consult.com\/consultant\/wp-json\/wp\/v2\/comments?post=2367"}],"version-history":[{"count":47,"href":"https:\/\/www.diamond-consult.com\/consultant\/wp-json\/wp\/v2\/pages\/2367\/revisions"}],"predecessor-version":[{"id":2727,"href":"https:\/\/www.diamond-consult.com\/consultant\/wp-json\/wp\/v2\/pages\/2367\/revisions\/2727"}],"wp:attachment":[{"href":"https:\/\/www.diamond-consult.com\/consultant\/wp-json\/wp\/v2\/media?parent=2367"}],"curies":[{"name":"wp","href":"https:\/\/api.w.org\/{rel}","templated":true}]}}