{"id":2371,"date":"2017-09-11T14:43:42","date_gmt":"2017-09-11T12:43:42","guid":{"rendered":"http:\/\/www.diamond-consult.com\/consultant\/les-enjeux-copy\/"},"modified":"2021-08-04T12:41:36","modified_gmt":"2021-08-04T10:41:36","slug":"les-strategies","status":"publish","type":"page","link":"https:\/\/www.diamond-consult.com\/consultant\/les-strategies\/","title":{"rendered":"Les Strat\u00e9gies dans un monde complexe"},"content":{"rendered":"<p>[vc_section css=\u00a0\u00bb.vc_custom_1497455841382{border-bottom-width: 1px !important;background-color: #f7f8fa !important;border-bottom-color: #dddddd !important;border-bottom-style: solid !important;}\u00a0\u00bb][vc_row][vc_column]<div class=\"wpb_content_element \"><style type=\"text\/css\" scoped><\/style><header id=\"ut_header_69e48ad1003af\" class=\"section-header ut-no-title-linebreak-mobile ut-no-lead-linebreak-mobile pt-style-7 header-center element-with-custom-line-height\"><h2  class=\"section-title \"><span>Les <b>Strat\u00e9gies<\/b> et les organisations dans un monde en changement<\/span><\/h2><div data-delay=\"0\" class=\"lead \"><p>\u00ab\u00a0Pour d\u00e9couvrir de nouveaux oc\u00e9ans, ayez le courage de perdre de vue le rivage.\u00a0\u00bb<\/p>\n<\/div><\/header><\/div>[\/vc_column][\/vc_row][vc_row][vc_column][vc_column_text el_class=\u00a0\u00bbjustifier\u00a0\u00bb]La prise de conscience de l&rsquo;importance des <strong>nouvelles technologies<\/strong> et des nouvelles tendances des consommateurs doivent \u00eatre int\u00e9gr\u00e9es dans la strat\u00e9gie de l&rsquo;organisation.<\/p>\n<p>Ainsi, ce que l&rsquo;on nomme maintenant la strat\u00e9gie digitale am\u00e8ne de nouvelles briques techniques et de nouveaux comportement dans le syst\u00e8me d&rsquo;information et dans les organisation de l&rsquo;entreprise.<\/p>\n<p>Donc, utilisons ces opportunit\u00e9s pour repenser les organisations, nous adapter et optimiser les ressources de l&rsquo;entreprise pour plus de performance et plus de comp\u00e9titivit\u00e9.<\/p>\n<p>Le monde est VUCA\/VICA (volatile, incertain\/uncertain, complexe et ambigu), nous pouvons \u00eatre terroris\u00e9s et nous laisser d\u00e9passer par les \u00e9v\u00e9nements, ou, au contraire, nous mettre en mouvement, nous interroger et nous autoriser \u00e0 penser diff\u00e9remment.<\/p>\n<p>Tous les curieux<strong> cr\u00e9atifs collaboratifs<\/strong> qui aiment apprendre sans cesse et travailler en groupe ont leur place dans la fili\u00e8re num\u00e9rique qui est porteuse d\u2019emploi.<\/p>\n<p>Osons nous aventurer dans ce monde qui fait peur, qui inqui\u00e8te : M\u00e9langeons les genres et les g\u00e9n\u00e9rations, osons et agissons pour pouvoir continuer \u00e0 r\u00eaver.[\/vc_column_text][\/vc_column][\/vc_row][\/vc_section]<\/p>\n","protected":false},"excerpt":{"rendered":"<p>[vc_section css=\u00a0\u00bb.vc_custom_1497455841382{border-bottom-width: 1px !important;background-color: #f7f8fa !important;border-bottom-color: #dddddd !important;border-bottom-style: solid !important;}\u00a0\u00bb][vc_row][vc_column][\/vc_column][\/vc_row][vc_row][vc_column][vc_column_text el_class=\u00a0\u00bbjustifier\u00a0\u00bb]La prise de conscience de l&rsquo;importance des nouvelles technologies et des nouvelles tendances des consommateurs doivent \u00eatre int\u00e9gr\u00e9es dans la strat\u00e9gie de l&rsquo;organisation. Ainsi, ce que l&rsquo;on nomme maintenant la strat\u00e9gie digitale am\u00e8ne de nouvelles briques techniques et de nouveaux comportement dans le syst\u00e8me d&rsquo;information [&hellip;]<\/p>\n","protected":false},"author":1,"featured_media":0,"parent":0,"menu_order":0,"comment_status":"closed","ping_status":"closed","template":"","meta":{"footnotes":""},"yoast_head":"<!-- This site is optimized with the Yoast SEO plugin v22.9 - https:\/\/yoast.com\/wordpress\/plugins\/seo\/ -->\n<title>Les Strat\u00e9gies des Syst\u00e8mes d&#039;Information et de l&#039;Organisation<\/title>\n<meta name=\"description\" content=\"Femme du num\u00e9rique, form\u00e9e \u00e0 l\u2019intelligence artificielle \u00e0 ses d\u00e9buts, j\u2019ai pilot\u00e9 des projets et dirig\u00e9 des \u00e9quipes internationales.\" \/>\n<meta name=\"robots\" content=\"index, follow, max-snippet:-1, max-image-preview:large, max-video-preview:-1\" \/>\n<link rel=\"canonical\" href=\"https:\/\/www.diamond-consult.com\/consultant\/les-strategies\/\" \/>\n<meta property=\"og:locale\" content=\"fr_FR\" \/>\n<meta property=\"og:type\" content=\"article\" \/>\n<meta property=\"og:title\" content=\"Les Strat\u00e9gies des Syst\u00e8mes d&#039;Information et de l&#039;Organisation\" \/>\n<meta property=\"og:description\" content=\"Femme du num\u00e9rique, form\u00e9e \u00e0 l\u2019intelligence artificielle \u00e0 ses d\u00e9buts, j\u2019ai pilot\u00e9 des projets et dirig\u00e9 des \u00e9quipes internationales.\" \/>\n<meta property=\"og:url\" content=\"https:\/\/www.diamond-consult.com\/consultant\/les-strategies\/\" \/>\n<meta property=\"og:site_name\" content=\"Diamond Consult\" \/>\n<meta property=\"article:modified_time\" content=\"2021-08-04T10:41:36+00:00\" \/>\n<meta name=\"twitter:card\" content=\"summary_large_image\" \/>\n<meta name=\"twitter:label1\" content=\"Dur\u00e9e de lecture estim\u00e9e\" \/>\n\t<meta name=\"twitter:data1\" content=\"1 minute\" \/>\n<script type=\"application\/ld+json\" class=\"yoast-schema-graph\">{\"@context\":\"https:\/\/schema.org\",\"@graph\":[{\"@type\":\"WebPage\",\"@id\":\"https:\/\/www.diamond-consult.com\/consultant\/les-strategies\/\",\"url\":\"https:\/\/www.diamond-consult.com\/consultant\/les-strategies\/\",\"name\":\"Les Strat\u00e9gies des Syst\u00e8mes d'Information et de l'Organisation\",\"isPartOf\":{\"@id\":\"https:\/\/www.diamond-consult.com\/consultant\/#website\"},\"datePublished\":\"2017-09-11T12:43:42+00:00\",\"dateModified\":\"2021-08-04T10:41:36+00:00\",\"description\":\"Femme du num\u00e9rique, form\u00e9e \u00e0 l\u2019intelligence artificielle \u00e0 ses d\u00e9buts, j\u2019ai pilot\u00e9 des projets et dirig\u00e9 des \u00e9quipes internationales.\",\"breadcrumb\":{\"@id\":\"https:\/\/www.diamond-consult.com\/consultant\/les-strategies\/#breadcrumb\"},\"inLanguage\":\"fr-FR\",\"potentialAction\":[{\"@type\":\"ReadAction\",\"target\":[\"https:\/\/www.diamond-consult.com\/consultant\/les-strategies\/\"]}]},{\"@type\":\"BreadcrumbList\",\"@id\":\"https:\/\/www.diamond-consult.com\/consultant\/les-strategies\/#breadcrumb\",\"itemListElement\":[{\"@type\":\"ListItem\",\"position\":1,\"name\":\"Accueil\",\"item\":\"https:\/\/www.diamond-consult.com\/consultant\/\"},{\"@type\":\"ListItem\",\"position\":2,\"name\":\"Les Strat\u00e9gies dans un monde complexe\"}]},{\"@type\":\"WebSite\",\"@id\":\"https:\/\/www.diamond-consult.com\/consultant\/#website\",\"url\":\"https:\/\/www.diamond-consult.com\/consultant\/\",\"name\":\"Diamond Consult\",\"description\":\"Cr\u00e9ativit\u00e9 collective et transformation digitale\",\"potentialAction\":[{\"@type\":\"SearchAction\",\"target\":{\"@type\":\"EntryPoint\",\"urlTemplate\":\"https:\/\/www.diamond-consult.com\/consultant\/?s={search_term_string}\"},\"query-input\":\"required name=search_term_string\"}],\"inLanguage\":\"fr-FR\"}]}<\/script>\n<!-- \/ Yoast SEO plugin. -->","yoast_head_json":{"title":"Les Strat\u00e9gies des Syst\u00e8mes d'Information et de l'Organisation","description":"Femme du num\u00e9rique, form\u00e9e \u00e0 l\u2019intelligence artificielle \u00e0 ses d\u00e9buts, j\u2019ai pilot\u00e9 des projets et dirig\u00e9 des \u00e9quipes internationales.","robots":{"index":"index","follow":"follow","max-snippet":"max-snippet:-1","max-image-preview":"max-image-preview:large","max-video-preview":"max-video-preview:-1"},"canonical":"https:\/\/www.diamond-consult.com\/consultant\/les-strategies\/","og_locale":"fr_FR","og_type":"article","og_title":"Les Strat\u00e9gies des Syst\u00e8mes d'Information et de l'Organisation","og_description":"Femme du num\u00e9rique, form\u00e9e \u00e0 l\u2019intelligence artificielle \u00e0 ses d\u00e9buts, j\u2019ai pilot\u00e9 des projets et dirig\u00e9 des \u00e9quipes internationales.","og_url":"https:\/\/www.diamond-consult.com\/consultant\/les-strategies\/","og_site_name":"Diamond Consult","article_modified_time":"2021-08-04T10:41:36+00:00","twitter_card":"summary_large_image","twitter_misc":{"Dur\u00e9e de lecture estim\u00e9e":"1 minute"},"schema":{"@context":"https:\/\/schema.org","@graph":[{"@type":"WebPage","@id":"https:\/\/www.diamond-consult.com\/consultant\/les-strategies\/","url":"https:\/\/www.diamond-consult.com\/consultant\/les-strategies\/","name":"Les Strat\u00e9gies des Syst\u00e8mes d'Information et de l'Organisation","isPartOf":{"@id":"https:\/\/www.diamond-consult.com\/consultant\/#website"},"datePublished":"2017-09-11T12:43:42+00:00","dateModified":"2021-08-04T10:41:36+00:00","description":"Femme du num\u00e9rique, form\u00e9e \u00e0 l\u2019intelligence artificielle \u00e0 ses d\u00e9buts, j\u2019ai pilot\u00e9 des projets et dirig\u00e9 des \u00e9quipes internationales.","breadcrumb":{"@id":"https:\/\/www.diamond-consult.com\/consultant\/les-strategies\/#breadcrumb"},"inLanguage":"fr-FR","potentialAction":[{"@type":"ReadAction","target":["https:\/\/www.diamond-consult.com\/consultant\/les-strategies\/"]}]},{"@type":"BreadcrumbList","@id":"https:\/\/www.diamond-consult.com\/consultant\/les-strategies\/#breadcrumb","itemListElement":[{"@type":"ListItem","position":1,"name":"Accueil","item":"https:\/\/www.diamond-consult.com\/consultant\/"},{"@type":"ListItem","position":2,"name":"Les Strat\u00e9gies dans un monde complexe"}]},{"@type":"WebSite","@id":"https:\/\/www.diamond-consult.com\/consultant\/#website","url":"https:\/\/www.diamond-consult.com\/consultant\/","name":"Diamond Consult","description":"Cr\u00e9ativit\u00e9 collective et transformation digitale","potentialAction":[{"@type":"SearchAction","target":{"@type":"EntryPoint","urlTemplate":"https:\/\/www.diamond-consult.com\/consultant\/?s={search_term_string}"},"query-input":"required name=search_term_string"}],"inLanguage":"fr-FR"}]}},"_links":{"self":[{"href":"https:\/\/www.diamond-consult.com\/consultant\/wp-json\/wp\/v2\/pages\/2371"}],"collection":[{"href":"https:\/\/www.diamond-consult.com\/consultant\/wp-json\/wp\/v2\/pages"}],"about":[{"href":"https:\/\/www.diamond-consult.com\/consultant\/wp-json\/wp\/v2\/types\/page"}],"author":[{"embeddable":true,"href":"https:\/\/www.diamond-consult.com\/consultant\/wp-json\/wp\/v2\/users\/1"}],"replies":[{"embeddable":true,"href":"https:\/\/www.diamond-consult.com\/consultant\/wp-json\/wp\/v2\/comments?post=2371"}],"version-history":[{"count":29,"href":"https:\/\/www.diamond-consult.com\/consultant\/wp-json\/wp\/v2\/pages\/2371\/revisions"}],"predecessor-version":[{"id":3843,"href":"https:\/\/www.diamond-consult.com\/consultant\/wp-json\/wp\/v2\/pages\/2371\/revisions\/3843"}],"wp:attachment":[{"href":"https:\/\/www.diamond-consult.com\/consultant\/wp-json\/wp\/v2\/media?parent=2371"}],"curies":[{"name":"wp","href":"https:\/\/api.w.org\/{rel}","templated":true}]}}