{"id":2398,"date":"2017-09-12T13:56:55","date_gmt":"2017-09-12T11:56:55","guid":{"rendered":"http:\/\/www.diamond-consult.com\/consultant\/30-ans-dexperience-copy\/"},"modified":"2019-11-15T14:53:24","modified_gmt":"2019-11-15T13:53:24","slug":"parcours","status":"publish","type":"page","link":"https:\/\/www.diamond-consult.com\/consultant\/parcours\/","title":{"rendered":"Parcours"},"content":{"rendered":"<p>[vc_section css=\u00a0\u00bb.vc_custom_1497455841382{border-bottom-width: 1px !important;background-color: #f7f8fa !important;border-bottom-color: #dddddd !important;border-bottom-style: solid !important;}\u00a0\u00bb][vc_row][vc_column]<div class=\"wpb_content_element \"><style type=\"text\/css\" scoped><\/style><header id=\"ut_header_69fa764eed1b7\" class=\"section-header ut-no-title-linebreak-mobile ut-no-lead-linebreak-mobile pt-style-7 header-center element-with-custom-line-height\"><h2  class=\"section-title \"><span><b>Parcours<\/b><\/span><\/h2><div data-delay=\"0\" class=\"lead \"><p>Ing\u00e9nieure en Intelligence Artificielle<\/p>\n<\/div><\/header><\/div>[\/vc_column][\/vc_row][vc_row][vc_column][vc_column_text el_class=\u00a0\u00bbjustifier\u00a0\u00bb][\/vc_column_text][\/vc_column][\/vc_row][\/vc_section]<\/p>\n","protected":false},"excerpt":{"rendered":"<p>[vc_section css=\u00a0\u00bb.vc_custom_1497455841382{border-bottom-width: 1px !important;background-color: #f7f8fa !important;border-bottom-color: #dddddd !important;border-bottom-style: solid !important;}\u00a0\u00bb][vc_row][vc_column][\/vc_column][\/vc_row][vc_row][vc_column][vc_column_text el_class=\u00a0\u00bbjustifier\u00a0\u00bb][\/vc_column_text][\/vc_column][\/vc_row][\/vc_section]<\/p>\n","protected":false},"author":1,"featured_media":2795,"parent":0,"menu_order":0,"comment_status":"closed","ping_status":"closed","template":"","meta":{"footnotes":""},"yoast_head":"<!-- This site is optimized with the Yoast SEO plugin v22.9 - https:\/\/yoast.com\/wordpress\/plugins\/seo\/ -->\n<title>Exp\u00e9rience intelligence artificielle - Diamond Consult<\/title>\n<meta name=\"description\" content=\"Ing\u00e9nieure form\u00e9e en intelligence artificielle et passionn\u00e9e par les nouvelles technologies du num\u00e9rique, les m\u00e9tiers \u00e9mergents, l&#039;innovation cr\u00e9ative.\" \/>\n<meta name=\"robots\" content=\"index, follow, max-snippet:-1, max-image-preview:large, max-video-preview:-1\" \/>\n<link rel=\"canonical\" href=\"https:\/\/www.diamond-consult.com\/consultant\/parcours\/\" \/>\n<meta property=\"og:locale\" content=\"fr_FR\" \/>\n<meta property=\"og:type\" content=\"article\" \/>\n<meta property=\"og:title\" content=\"Exp\u00e9rience intelligence artificielle - Diamond Consult\" \/>\n<meta property=\"og:description\" content=\"Ing\u00e9nieure form\u00e9e en intelligence artificielle et passionn\u00e9e par les nouvelles technologies du num\u00e9rique, les m\u00e9tiers \u00e9mergents, l&#039;innovation cr\u00e9ative.\" \/>\n<meta property=\"og:url\" content=\"https:\/\/www.diamond-consult.com\/consultant\/parcours\/\" \/>\n<meta property=\"og:site_name\" content=\"Diamond Consult\" \/>\n<meta property=\"article:modified_time\" content=\"2019-11-15T13:53:24+00:00\" \/>\n<meta name=\"twitter:card\" content=\"summary_large_image\" \/>\n<script type=\"application\/ld+json\" class=\"yoast-schema-graph\">{\"@context\":\"https:\/\/schema.org\",\"@graph\":[{\"@type\":\"WebPage\",\"@id\":\"https:\/\/www.diamond-consult.com\/consultant\/parcours\/\",\"url\":\"https:\/\/www.diamond-consult.com\/consultant\/parcours\/\",\"name\":\"Exp\u00e9rience intelligence artificielle - Diamond Consult\",\"isPartOf\":{\"@id\":\"https:\/\/www.diamond-consult.com\/consultant\/#website\"},\"primaryImageOfPage\":{\"@id\":\"https:\/\/www.diamond-consult.com\/consultant\/parcours\/#primaryimage\"},\"image\":{\"@id\":\"https:\/\/www.diamond-consult.com\/consultant\/parcours\/#primaryimage\"},\"thumbnailUrl\":\"https:\/\/www.diamond-consult.com\/consultant\/wp-content\/uploads\/2018\/01\/nuage-de-mots-karine-pdf.jpg\",\"datePublished\":\"2017-09-12T11:56:55+00:00\",\"dateModified\":\"2019-11-15T13:53:24+00:00\",\"description\":\"Ing\u00e9nieure form\u00e9e en intelligence artificielle et passionn\u00e9e par les nouvelles technologies du num\u00e9rique, les m\u00e9tiers \u00e9mergents, l'innovation cr\u00e9ative.\",\"breadcrumb\":{\"@id\":\"https:\/\/www.diamond-consult.com\/consultant\/parcours\/#breadcrumb\"},\"inLanguage\":\"fr-FR\",\"potentialAction\":[{\"@type\":\"ReadAction\",\"target\":[\"https:\/\/www.diamond-consult.com\/consultant\/parcours\/\"]}]},{\"@type\":\"ImageObject\",\"inLanguage\":\"fr-FR\",\"@id\":\"https:\/\/www.diamond-consult.com\/consultant\/parcours\/#primaryimage\",\"url\":\"https:\/\/www.diamond-consult.com\/consultant\/wp-content\/uploads\/2018\/01\/nuage-de-mots-karine-pdf.jpg\",\"contentUrl\":\"https:\/\/www.diamond-consult.com\/consultant\/wp-content\/uploads\/2018\/01\/nuage-de-mots-karine-pdf.jpg\"},{\"@type\":\"BreadcrumbList\",\"@id\":\"https:\/\/www.diamond-consult.com\/consultant\/parcours\/#breadcrumb\",\"itemListElement\":[{\"@type\":\"ListItem\",\"position\":1,\"name\":\"Accueil\",\"item\":\"https:\/\/www.diamond-consult.com\/consultant\/\"},{\"@type\":\"ListItem\",\"position\":2,\"name\":\"Parcours\"}]},{\"@type\":\"WebSite\",\"@id\":\"https:\/\/www.diamond-consult.com\/consultant\/#website\",\"url\":\"https:\/\/www.diamond-consult.com\/consultant\/\",\"name\":\"Diamond Consult\",\"description\":\"Cr\u00e9ativit\u00e9 collective et transformation digitale\",\"potentialAction\":[{\"@type\":\"SearchAction\",\"target\":{\"@type\":\"EntryPoint\",\"urlTemplate\":\"https:\/\/www.diamond-consult.com\/consultant\/?s={search_term_string}\"},\"query-input\":\"required name=search_term_string\"}],\"inLanguage\":\"fr-FR\"}]}<\/script>\n<!-- \/ Yoast SEO plugin. -->","yoast_head_json":{"title":"Exp\u00e9rience intelligence artificielle - Diamond Consult","description":"Ing\u00e9nieure form\u00e9e en intelligence artificielle et passionn\u00e9e par les nouvelles technologies du num\u00e9rique, les m\u00e9tiers \u00e9mergents, l'innovation cr\u00e9ative.","robots":{"index":"index","follow":"follow","max-snippet":"max-snippet:-1","max-image-preview":"max-image-preview:large","max-video-preview":"max-video-preview:-1"},"canonical":"https:\/\/www.diamond-consult.com\/consultant\/parcours\/","og_locale":"fr_FR","og_type":"article","og_title":"Exp\u00e9rience intelligence artificielle - Diamond Consult","og_description":"Ing\u00e9nieure form\u00e9e en intelligence artificielle et passionn\u00e9e par les nouvelles technologies du num\u00e9rique, les m\u00e9tiers \u00e9mergents, l'innovation cr\u00e9ative.","og_url":"https:\/\/www.diamond-consult.com\/consultant\/parcours\/","og_site_name":"Diamond Consult","article_modified_time":"2019-11-15T13:53:24+00:00","twitter_card":"summary_large_image","schema":{"@context":"https:\/\/schema.org","@graph":[{"@type":"WebPage","@id":"https:\/\/www.diamond-consult.com\/consultant\/parcours\/","url":"https:\/\/www.diamond-consult.com\/consultant\/parcours\/","name":"Exp\u00e9rience intelligence artificielle - Diamond Consult","isPartOf":{"@id":"https:\/\/www.diamond-consult.com\/consultant\/#website"},"primaryImageOfPage":{"@id":"https:\/\/www.diamond-consult.com\/consultant\/parcours\/#primaryimage"},"image":{"@id":"https:\/\/www.diamond-consult.com\/consultant\/parcours\/#primaryimage"},"thumbnailUrl":"https:\/\/www.diamond-consult.com\/consultant\/wp-content\/uploads\/2018\/01\/nuage-de-mots-karine-pdf.jpg","datePublished":"2017-09-12T11:56:55+00:00","dateModified":"2019-11-15T13:53:24+00:00","description":"Ing\u00e9nieure form\u00e9e en intelligence artificielle et passionn\u00e9e par les nouvelles technologies du num\u00e9rique, les m\u00e9tiers \u00e9mergents, l'innovation cr\u00e9ative.","breadcrumb":{"@id":"https:\/\/www.diamond-consult.com\/consultant\/parcours\/#breadcrumb"},"inLanguage":"fr-FR","potentialAction":[{"@type":"ReadAction","target":["https:\/\/www.diamond-consult.com\/consultant\/parcours\/"]}]},{"@type":"ImageObject","inLanguage":"fr-FR","@id":"https:\/\/www.diamond-consult.com\/consultant\/parcours\/#primaryimage","url":"https:\/\/www.diamond-consult.com\/consultant\/wp-content\/uploads\/2018\/01\/nuage-de-mots-karine-pdf.jpg","contentUrl":"https:\/\/www.diamond-consult.com\/consultant\/wp-content\/uploads\/2018\/01\/nuage-de-mots-karine-pdf.jpg"},{"@type":"BreadcrumbList","@id":"https:\/\/www.diamond-consult.com\/consultant\/parcours\/#breadcrumb","itemListElement":[{"@type":"ListItem","position":1,"name":"Accueil","item":"https:\/\/www.diamond-consult.com\/consultant\/"},{"@type":"ListItem","position":2,"name":"Parcours"}]},{"@type":"WebSite","@id":"https:\/\/www.diamond-consult.com\/consultant\/#website","url":"https:\/\/www.diamond-consult.com\/consultant\/","name":"Diamond Consult","description":"Cr\u00e9ativit\u00e9 collective et transformation digitale","potentialAction":[{"@type":"SearchAction","target":{"@type":"EntryPoint","urlTemplate":"https:\/\/www.diamond-consult.com\/consultant\/?s={search_term_string}"},"query-input":"required name=search_term_string"}],"inLanguage":"fr-FR"}]}},"_links":{"self":[{"href":"https:\/\/www.diamond-consult.com\/consultant\/wp-json\/wp\/v2\/pages\/2398"}],"collection":[{"href":"https:\/\/www.diamond-consult.com\/consultant\/wp-json\/wp\/v2\/pages"}],"about":[{"href":"https:\/\/www.diamond-consult.com\/consultant\/wp-json\/wp\/v2\/types\/page"}],"author":[{"embeddable":true,"href":"https:\/\/www.diamond-consult.com\/consultant\/wp-json\/wp\/v2\/users\/1"}],"replies":[{"embeddable":true,"href":"https:\/\/www.diamond-consult.com\/consultant\/wp-json\/wp\/v2\/comments?post=2398"}],"version-history":[{"count":11,"href":"https:\/\/www.diamond-consult.com\/consultant\/wp-json\/wp\/v2\/pages\/2398\/revisions"}],"predecessor-version":[{"id":3339,"href":"https:\/\/www.diamond-consult.com\/consultant\/wp-json\/wp\/v2\/pages\/2398\/revisions\/3339"}],"wp:featuredmedia":[{"embeddable":true,"href":"https:\/\/www.diamond-consult.com\/consultant\/wp-json\/wp\/v2\/media\/2795"}],"wp:attachment":[{"href":"https:\/\/www.diamond-consult.com\/consultant\/wp-json\/wp\/v2\/media?parent=2398"}],"curies":[{"name":"wp","href":"https:\/\/api.w.org\/{rel}","templated":true}]}}