{"id":2429,"date":"2017-09-14T13:21:48","date_gmt":"2017-09-14T11:21:48","guid":{"rendered":"http:\/\/www.diamond-consult.com\/consultant\/assistance-a-maitrise-douvrage-copy\/"},"modified":"2022-03-15T10:23:38","modified_gmt":"2022-03-15T09:23:38","slug":"pilotage-de-projets","status":"publish","type":"page","link":"https:\/\/www.diamond-consult.com\/consultant\/pilotage-de-projets\/","title":{"rendered":"Direction de projets num\u00e9riques"},"content":{"rendered":"<p>[vc_section css=\u00a0\u00bb.vc_custom_1497455841382{border-bottom-width: 1px !important;background-color: #f7f8fa !important;border-bottom-color: #dddddd !important;border-bottom-style: solid !important;}\u00a0\u00bb][vc_row][vc_column]<div class=\"wpb_content_element \"><style type=\"text\/css\" scoped><\/style><header id=\"ut_header_69f523ce2379a\" class=\"section-header ut-no-title-linebreak-mobile ut-no-lead-linebreak-mobile pt-style-7 header-center element-with-custom-line-height\"><h2  class=\"section-title \"><span><b>Direction<\/b> de projets<\/span><\/h2><div data-delay=\"0\" class=\"lead \"><p>Mon projet pr\u00e9f\u00e9r\u00e9 c\u2019est le prochain : Frank Loyd Wright<\/p>\n<\/div><\/header><\/div>[\/vc_column][\/vc_row][vc_row][vc_column][vc_column_text el_class=\u00a0\u00bbjustifier\u00a0\u00bb]<\/p>\n<h2>Pilotez votre feuille de route projets et accompagnez vos \u00e9quipes.<\/h2>\n<p>Vous souhaitez mener vos projets en toute s\u00e9r\u00e9nit\u00e9 ?<\/p>\n<p>Nous proposons un accompagnement <strong>pragmatique<\/strong> pour le pilotage de vos projets.<\/p>\n<p>Nous mettons en place des <strong>approches innovantes et des outils \u00e9prouv\u00e9s depuis 35 ans.<\/strong><\/p>\n<ul>\n<li>Organisons les projets \u00e0 mener et pilotons les activit\u00e9s,<\/li>\n<li>Levons les freins de votre \u00e9quipe pour r\u00e9ussir votre digitalisation,<\/li>\n<li>Anticipons les risques projets et mesurons l\u2019atteinte des objectifs projets (co\u00fbt, d\u00e9lai, qualit\u00e9),<\/li>\n<li>Accompagnons l\u2019adoption des nouveaux outils (ERP, CRM, LMS, SIRH, GPAO, MES, visioconf\u00e9rence, outils collaboratifs,\u2026),<\/li>\n<li>Pilotons vos d\u2019appels d\u2019offre, choisissons les bons prestataires,<\/li>\n<\/ul>\n<p>Nous adaptons nos m\u00e9thodes de gestion de projet \u00e0 vos contextes et \u00e0 vos contraintes.<\/p>\n<p>Nous mettons en place les tableaux de bord et les indicateurs pertinents.<\/p>\n<p>Ces indicateurs vous permettront un <strong>pilotage op\u00e9rationnel efficace.<\/strong>[\/vc_column_text][\/vc_column][\/vc_row][\/vc_section][vc_row][vc_column][vc_column_text]<\/p>\n<div data-post-id=\"2563\" class=\"insert-page insert-page-2563 \"><style type=\"text\/css\" data-type=\"vc_shortcodes-custom-css\">.vc_custom_1505219378801{border-bottom-width: 1px !important;background-color: #f7f8fa !important;border-bottom-color: #dddddd !important;border-bottom-style: solid !important;}<\/style><p>[vc_row][vc_column][vc_column_text][\/vc_column_text][\/vc_column][\/vc_row][vc_section css=\u00a0\u00bb.vc_custom_1505219378801{border-bottom-width: 1px !important;background-color: #f7f8fa !important;border-bottom-color: #dddddd !important;border-bottom-style: solid !important;}\u00a0\u00bb el_id=\u00a0\u00bboffres\u00a0\u00bb][vc_row effect=\u00a0\u00bbnone\u00a0\u00bb][vc_column width=\u00a0\u00bb1\/4&Prime; offset=\u00a0\u00bbvc_col-lg-3 vc_col-md-6 vc_col-sm-6 vc_col-xs-12&Prime;]<div class=\"wpb_content_element \"><style type=\"text\/css\" scoped>#ut_sc_69f523ce24cc1 .ut-service-column a.ut-service-column-link { font-size: 12px; }#ut-svg-69f523ce24cc3 { display:none; }#ut-svg-69f523ce24cc3.ut-svg-loaded { display:block; }#ut-svg-69f523ce24cc3 path { stroke:#9b335d; }<\/style><div id=\"ut_sc_69f523ce24cc1\" data-effect=\"fadeInUp\" data-animateonce=\"yes\" data-delay=\"50\" class=\"ut-horizontal-style-align-left  clearfix  ut-animate-element animated ut-no-animation-tablet ut-no-animation-mobile\" ><figure class=\"ut-service-icon ut-custom-icon  ut-service-icon-normal ut-service-icon-large\"><img alt=\"<strong>Strat\u00e9gie<\/strong>, Assistance \u00e0 la <b>maitrise<\/b> d'ouvrage\" src=\"https:\/\/www.diamond-consult.com\/consultant\/wp-content\/uploads\/2021\/08\/engrenages.svg\"><\/figure><div class=\"ut-service-column ut-service-column-horiz\"><h3><strong>Strat\u00e9gie<\/strong>, Assistance \u00e0 la <b>maitrise<\/b> d'ouvrage<\/h3><p>AMOA.<\/p><a class=\"ut-service-column-link ut-service-column-link-icon-before\" title=\"En savoir plus\" href=\"http:\/\/www.diamond-consult.com\/consultant\/assistance-a-maitrise-douvrage\/\" target=\"_self\" ><i class=\"BklynIcons-First-ad\"><\/i>En savoir plus<\/a><\/div><\/div><\/div>[\/vc_column][vc_column width=\u00a0\u00bb1\/4&Prime; offset=\u00a0\u00bbvc_col-lg-3 vc_col-md-6 vc_col-sm-6 vc_col-xs-12&Prime;]<div class=\"wpb_content_element \"><style type=\"text\/css\" scoped>#ut_sc_69f523ce24fbe .ut-service-column a.ut-service-column-link { font-size: 12px; }#ut-svg-69f523ce24fbf { display:none; }#ut-svg-69f523ce24fbf.ut-svg-loaded { display:block; }#ut-svg-69f523ce24fbf path { stroke:#9b335d; }<\/style><div id=\"ut_sc_69f523ce24fbe\" data-effect=\"fadeInUp\" data-animateonce=\"yes\" data-delay=\"50\" class=\"ut-horizontal-style-align-left  clearfix  ut-animate-element animated ut-no-animation-tablet ut-no-animation-mobile\" ><figure class=\"ut-service-icon ut-custom-icon  ut-service-icon-normal ut-service-icon-large\"><img alt=\"<b>Pilotage<\/b> de projets\" src=\"https:\/\/www.diamond-consult.com\/consultant\/wp-content\/uploads\/2021\/08\/outil-digital.svg\"><\/figure><div class=\"ut-service-column ut-service-column-horiz\"><h3><b>Pilotage<\/b> de projets<\/h3><p>Direction de programmes<\/p><a class=\"ut-service-column-link ut-service-column-link-icon-before\" title=\"En savoir plus\" href=\"http:\/\/www.diamond-consult.com\/consultant\/pilotage-de-projets\/\" target=\"_self\" ><i class=\"BklynIcons-First-ad\"><\/i>En savoir plus<\/a><\/div><\/div><\/div>[\/vc_column][vc_column width=\u00a0\u00bb1\/4&Prime; offset=\u00a0\u00bbvc_col-lg-3 vc_col-md-6 vc_col-sm-6 vc_col-xs-12&Prime;]<div class=\"wpb_content_element \"><style type=\"text\/css\" scoped>#ut_sc_69f523ce25238 .ut-service-column a.ut-service-column-link { font-size: 12px; }#ut-svg-69f523ce25239 { display:none; }#ut-svg-69f523ce25239.ut-svg-loaded { display:block; }#ut-svg-69f523ce25239 path { stroke:#9b335d; }<\/style><div id=\"ut_sc_69f523ce25238\" data-effect=\"fadeInUp\" data-animateonce=\"yes\" data-delay=\"50\" class=\"ut-horizontal-style-align-left  clearfix  ut-animate-element animated ut-no-animation-tablet ut-no-animation-mobile\" ><figure class=\"ut-service-icon ut-custom-icon  ut-service-icon-normal ut-service-icon-large\"><img alt=\"<b>Management<\/b>, Intelligence collective\" src=\"https:\/\/www.diamond-consult.com\/consultant\/wp-content\/uploads\/2021\/08\/outil-de-gestion.svg\"><\/figure><div class=\"ut-service-column ut-service-column-horiz\"><h3><b>Management<\/b>, Intelligence collective<\/h3><p>Management de vos \u00e9quipes et management de l&rsquo;innovation.<\/p><a class=\"ut-service-column-link ut-service-column-link-icon-before\" title=\"En savoir plus\" href=\"http:\/\/www.diamond-consult.com\/consultant\/management\/\" target=\"_self\" ><i class=\"BklynIcons-First-ad\"><\/i>En savoir plus<\/a><\/div><\/div><\/div>[\/vc_column][vc_column width=\u00a0\u00bb1\/4&Prime; offset=\u00a0\u00bbvc_col-lg-3 vc_col-md-6 vc_col-sm-6 vc_col-xs-12&Prime;]<div class=\"wpb_content_element \"><style type=\"text\/css\" scoped>#ut_sc_69f523ce254e0 .ut-service-column a.ut-service-column-link { font-size: 12px; }#ut-svg-69f523ce254e1 { display:none; }#ut-svg-69f523ce254e1.ut-svg-loaded { display:block; }#ut-svg-69f523ce254e1 path { stroke:#9b335d; }<\/style><div id=\"ut_sc_69f523ce254e0\" data-effect=\"fadeInUp\" data-animateonce=\"yes\" data-delay=\"50\" class=\"ut-horizontal-style-align-left  clearfix  ut-animate-element animated ut-no-animation-tablet ut-no-animation-mobile\" ><figure class=\"ut-service-icon ut-custom-icon  ut-service-icon-normal ut-service-icon-large\"><img alt=\"<strong>Formation<\/strong>\" src=\"https:\/\/www.diamond-consult.com\/consultant\/wp-content\/uploads\/2021\/08\/inclusion.svg\"><\/figure><div class=\"ut-service-column ut-service-column-horiz\"><h3><strong>Formation<\/strong><\/h3><p>Formation Intra et Inter-entreprises, formation Jeunes.<\/p><a class=\"ut-service-column-link ut-service-column-link-icon-before\" title=\"En savoir plus\" href=\"http:\/\/www.diamond-consult.com\/consultant\/formation\/\" target=\"_self\" ><i class=\"BklynIcons-First-ad\"><\/i>En savoir plus<\/a><\/div><\/div><\/div>[\/vc_column][\/vc_row][vc_row disable_element=\u00a0\u00bbyes\u00a0\u00bb][vc_column]<div class=\"wpb_content_element \"><\/div>[\/vc_column][\/vc_row][\/vc_section]<\/p>\n<\/div>\n<p>&nbsp;<\/p>\n<p>[\/vc_column_text][\/vc_column][\/vc_row]<\/p>\n","protected":false},"excerpt":{"rendered":"<p>[vc_section css=\u00a0\u00bb.vc_custom_1497455841382{border-bottom-width: 1px !important;background-color: #f7f8fa !important;border-bottom-color: #dddddd !important;border-bottom-style: solid !important;}\u00a0\u00bb][vc_row][vc_column][\/vc_column][\/vc_row][vc_row][vc_column][vc_column_text el_class=\u00a0\u00bbjustifier\u00a0\u00bb] Pilotez votre feuille de route projets et accompagnez vos \u00e9quipes. Vous souhaitez mener vos projets en toute s\u00e9r\u00e9nit\u00e9 ? Nous proposons un accompagnement pragmatique pour le pilotage de vos projets. Nous mettons en place des approches innovantes et des outils \u00e9prouv\u00e9s depuis 35 ans. [&hellip;]<\/p>\n","protected":false},"author":1,"featured_media":0,"parent":0,"menu_order":0,"comment_status":"closed","ping_status":"closed","template":"","meta":{"footnotes":""},"yoast_head":"<!-- This site is optimized with the Yoast SEO plugin v22.9 - https:\/\/yoast.com\/wordpress\/plugins\/seo\/ -->\n<title>Pilotage de projets et transformation digitale - Diamond Consult<\/title>\n<meta name=\"description\" content=\"Accompagnement au pilotage de projets en ma\u00eetrisant les risques pour assurer l\u2019atteinte de vos objectifs dans de bonnes conditions.\" \/>\n<meta name=\"robots\" content=\"index, follow, max-snippet:-1, max-image-preview:large, max-video-preview:-1\" \/>\n<link rel=\"canonical\" href=\"https:\/\/www.diamond-consult.com\/consultant\/pilotage-de-projets\/\" \/>\n<meta property=\"og:locale\" content=\"fr_FR\" \/>\n<meta property=\"og:type\" content=\"article\" \/>\n<meta property=\"og:title\" content=\"Pilotage de projets et transformation digitale - Diamond Consult\" \/>\n<meta property=\"og:description\" content=\"Accompagnement au pilotage de projets en ma\u00eetrisant les risques pour assurer l\u2019atteinte de vos objectifs dans de bonnes conditions.\" \/>\n<meta property=\"og:url\" content=\"https:\/\/www.diamond-consult.com\/consultant\/pilotage-de-projets\/\" \/>\n<meta property=\"og:site_name\" content=\"Diamond Consult\" \/>\n<meta property=\"article:modified_time\" content=\"2022-03-15T09:23:38+00:00\" \/>\n<meta name=\"twitter:card\" content=\"summary_large_image\" \/>\n<meta name=\"twitter:label1\" content=\"Dur\u00e9e de lecture estim\u00e9e\" \/>\n\t<meta name=\"twitter:data1\" content=\"1 minute\" \/>\n<script type=\"application\/ld+json\" class=\"yoast-schema-graph\">{\"@context\":\"https:\/\/schema.org\",\"@graph\":[{\"@type\":\"WebPage\",\"@id\":\"https:\/\/www.diamond-consult.com\/consultant\/pilotage-de-projets\/\",\"url\":\"https:\/\/www.diamond-consult.com\/consultant\/pilotage-de-projets\/\",\"name\":\"Pilotage de projets et transformation digitale - Diamond Consult\",\"isPartOf\":{\"@id\":\"https:\/\/www.diamond-consult.com\/consultant\/#website\"},\"datePublished\":\"2017-09-14T11:21:48+00:00\",\"dateModified\":\"2022-03-15T09:23:38+00:00\",\"description\":\"Accompagnement au pilotage de projets en ma\u00eetrisant les risques pour assurer l\u2019atteinte de vos objectifs dans de bonnes conditions.\",\"breadcrumb\":{\"@id\":\"https:\/\/www.diamond-consult.com\/consultant\/pilotage-de-projets\/#breadcrumb\"},\"inLanguage\":\"fr-FR\",\"potentialAction\":[{\"@type\":\"ReadAction\",\"target\":[\"https:\/\/www.diamond-consult.com\/consultant\/pilotage-de-projets\/\"]}]},{\"@type\":\"BreadcrumbList\",\"@id\":\"https:\/\/www.diamond-consult.com\/consultant\/pilotage-de-projets\/#breadcrumb\",\"itemListElement\":[{\"@type\":\"ListItem\",\"position\":1,\"name\":\"Accueil\",\"item\":\"https:\/\/www.diamond-consult.com\/consultant\/\"},{\"@type\":\"ListItem\",\"position\":2,\"name\":\"Direction de projets num\u00e9riques\"}]},{\"@type\":\"WebSite\",\"@id\":\"https:\/\/www.diamond-consult.com\/consultant\/#website\",\"url\":\"https:\/\/www.diamond-consult.com\/consultant\/\",\"name\":\"Diamond Consult\",\"description\":\"Cr\u00e9ativit\u00e9 collective et transformation digitale\",\"potentialAction\":[{\"@type\":\"SearchAction\",\"target\":{\"@type\":\"EntryPoint\",\"urlTemplate\":\"https:\/\/www.diamond-consult.com\/consultant\/?s={search_term_string}\"},\"query-input\":\"required name=search_term_string\"}],\"inLanguage\":\"fr-FR\"}]}<\/script>\n<!-- \/ Yoast SEO plugin. -->","yoast_head_json":{"title":"Pilotage de projets et transformation digitale - Diamond Consult","description":"Accompagnement au pilotage de projets en ma\u00eetrisant les risques pour assurer l\u2019atteinte de vos objectifs dans de bonnes conditions.","robots":{"index":"index","follow":"follow","max-snippet":"max-snippet:-1","max-image-preview":"max-image-preview:large","max-video-preview":"max-video-preview:-1"},"canonical":"https:\/\/www.diamond-consult.com\/consultant\/pilotage-de-projets\/","og_locale":"fr_FR","og_type":"article","og_title":"Pilotage de projets et transformation digitale - Diamond Consult","og_description":"Accompagnement au pilotage de projets en ma\u00eetrisant les risques pour assurer l\u2019atteinte de vos objectifs dans de bonnes conditions.","og_url":"https:\/\/www.diamond-consult.com\/consultant\/pilotage-de-projets\/","og_site_name":"Diamond Consult","article_modified_time":"2022-03-15T09:23:38+00:00","twitter_card":"summary_large_image","twitter_misc":{"Dur\u00e9e de lecture estim\u00e9e":"1 minute"},"schema":{"@context":"https:\/\/schema.org","@graph":[{"@type":"WebPage","@id":"https:\/\/www.diamond-consult.com\/consultant\/pilotage-de-projets\/","url":"https:\/\/www.diamond-consult.com\/consultant\/pilotage-de-projets\/","name":"Pilotage de projets et transformation digitale - Diamond Consult","isPartOf":{"@id":"https:\/\/www.diamond-consult.com\/consultant\/#website"},"datePublished":"2017-09-14T11:21:48+00:00","dateModified":"2022-03-15T09:23:38+00:00","description":"Accompagnement au pilotage de projets en ma\u00eetrisant les risques pour assurer l\u2019atteinte de vos objectifs dans de bonnes conditions.","breadcrumb":{"@id":"https:\/\/www.diamond-consult.com\/consultant\/pilotage-de-projets\/#breadcrumb"},"inLanguage":"fr-FR","potentialAction":[{"@type":"ReadAction","target":["https:\/\/www.diamond-consult.com\/consultant\/pilotage-de-projets\/"]}]},{"@type":"BreadcrumbList","@id":"https:\/\/www.diamond-consult.com\/consultant\/pilotage-de-projets\/#breadcrumb","itemListElement":[{"@type":"ListItem","position":1,"name":"Accueil","item":"https:\/\/www.diamond-consult.com\/consultant\/"},{"@type":"ListItem","position":2,"name":"Direction de projets num\u00e9riques"}]},{"@type":"WebSite","@id":"https:\/\/www.diamond-consult.com\/consultant\/#website","url":"https:\/\/www.diamond-consult.com\/consultant\/","name":"Diamond Consult","description":"Cr\u00e9ativit\u00e9 collective et transformation digitale","potentialAction":[{"@type":"SearchAction","target":{"@type":"EntryPoint","urlTemplate":"https:\/\/www.diamond-consult.com\/consultant\/?s={search_term_string}"},"query-input":"required name=search_term_string"}],"inLanguage":"fr-FR"}]}},"_links":{"self":[{"href":"https:\/\/www.diamond-consult.com\/consultant\/wp-json\/wp\/v2\/pages\/2429"}],"collection":[{"href":"https:\/\/www.diamond-consult.com\/consultant\/wp-json\/wp\/v2\/pages"}],"about":[{"href":"https:\/\/www.diamond-consult.com\/consultant\/wp-json\/wp\/v2\/types\/page"}],"author":[{"embeddable":true,"href":"https:\/\/www.diamond-consult.com\/consultant\/wp-json\/wp\/v2\/users\/1"}],"replies":[{"embeddable":true,"href":"https:\/\/www.diamond-consult.com\/consultant\/wp-json\/wp\/v2\/comments?post=2429"}],"version-history":[{"count":33,"href":"https:\/\/www.diamond-consult.com\/consultant\/wp-json\/wp\/v2\/pages\/2429\/revisions"}],"predecessor-version":[{"id":4032,"href":"https:\/\/www.diamond-consult.com\/consultant\/wp-json\/wp\/v2\/pages\/2429\/revisions\/4032"}],"wp:attachment":[{"href":"https:\/\/www.diamond-consult.com\/consultant\/wp-json\/wp\/v2\/media?parent=2429"}],"curies":[{"name":"wp","href":"https:\/\/api.w.org\/{rel}","templated":true}]}}