{"id":2436,"date":"2017-09-14T13:34:02","date_gmt":"2017-09-14T11:34:02","guid":{"rendered":"http:\/\/www.diamond-consult.com\/consultant\/assistance-a-maitrise-douvrage-copy\/"},"modified":"2022-05-04T16:07:19","modified_gmt":"2022-05-04T14:07:19","slug":"innovation","status":"publish","type":"page","link":"https:\/\/www.diamond-consult.com\/consultant\/innovation\/","title":{"rendered":"Innovation manag\u00e9riale"},"content":{"rendered":"<p>[vc_section css=\u00a0\u00bb.vc_custom_1497455841382{border-bottom-width: 1px !important;background-color: #f7f8fa !important;border-bottom-color: #dddddd !important;border-bottom-style: solid !important;}\u00a0\u00bb][vc_row][vc_column]<div class=\"wpb_content_element \"><style type=\"text\/css\" scoped><\/style><header id=\"ut_header_6a0568e1cd5e2\" class=\"section-header ut-no-title-linebreak-mobile ut-no-lead-linebreak-mobile pt-style-7 header-center element-with-custom-line-height\"><h2  class=\"section-title \"><span><strong> <b>Innovation manag\u00e9riale<\/b><\/strong><\/span><\/h2><div data-delay=\"0\" class=\"lead \"><p>L&rsquo;agilit\u00e9 au coeur de vos organisations.<br \/>\nComment <strong>innover et manager autrement<\/strong> ?<\/p>\n<\/div><\/header><\/div>[\/vc_column][\/vc_row][vc_row][vc_column][vc_column_text el_class=\u00a0\u00bbjustifier\u00a0\u00bb]<\/p>\n<h3>Les facteurs humains sont au c\u0153ur de la r\u00e9ussite de vos projets.<\/h3>\n<p>Les approches doivent \u00eatre adapt\u00e9es aux populations et au niveau d&rsquo;innovation souhait\u00e9.<\/p>\n<p>J&rsquo;ai dirig\u00e9 des \u00e9quipes en mode hi\u00e9rarchique, en mode transverse, en mode matricielle selon des principes assez classiques et standard.<\/p>\n<p>Pour autant, la cr\u00e9ativit\u00e9 et l&rsquo;innovation manag\u00e9riale ont toute leur place dans mon style d&rsquo;animation.<\/p>\n<p>Je peux vous aider sur les th\u00e9matiques suivantes :<\/p>\n<ul>\n<li><strong>Pilotage d&rsquo;\u00e9quipes<\/strong>, arbitrage, mesure de la performance.<\/li>\n<li>Management de vos \u00e9quipes et management de <strong>l&rsquo;innovation (<\/strong>m\u00e9thodes Design thinking,&#8230;)<\/li>\n<li>S&rsquo;adapter de mani\u00e8re <strong>agile<\/strong> pour piloter l&rsquo;entreprise.<\/li>\n<li>Comment devenir un <strong>chef d&rsquo;orchestre<\/strong> et animer les d\u00e9marches projet en motivant les \u00e9quipes ?<\/li>\n<li><strong>Mobiliser, manager et motiver<\/strong> les \u00e9quipes et les embarquer vers une cible partag\u00e9e.<\/li>\n<li><strong>F\u00e9d\u00e9rer<\/strong> des acteurs autour d&rsquo;un objectif commun.<\/li>\n<li><strong>Diagnostic et audit<\/strong>, gestion des risques, veille concurrentielle, \u00e9tudes de positionnement, aide au choix d\u2019outils, de solutions, d\u2019ERP, \u00e9tude et benchmark de solutions.<\/li>\n<li>Sensibilisation \u00e0 la veille en cybers\u00e9curit\u00e9, confidentialit\u00e9, protection des donn\u00e9es, <strong>analyse de risques<\/strong> et renforcement de la s\u00e9curit\u00e9, gestion de crises.<\/li>\n<\/ul>\n<p>A titre d&rsquo;exemples, j&rsquo;ai organis\u00e9 la gouvernance et je dirige maintenant la fondation <a href=\"https:\/\/ldigital.org\/\">LDigital <\/a>selon les principes de l&rsquo;<a href=\"https:\/\/fr.wikipedia.org\/wiki\/Holacratie\">holacratie<\/a>, en mode \u00ab\u00a0entreprise lib\u00e9r\u00e9e\u00a0\u00bb. Ensemble, nous apprenons, nous exp\u00e9rimentons, nous nous adaptons au fur et \u00e0 mesure de nos exp\u00e9rimentations.<\/p>\n<p>Je vous accompagne pour constituer des r\u00e9seaux, identifier les acteurs de votre \u00e9co-syst\u00e8me, les cartographier et les f\u00e9d\u00e9rer autour d&rsquo;objectifs communs.<\/p>\n<p>J&rsquo;ai, par exemple, accompagn\u00e9 et form\u00e9 les \u00e9quipes constituant les clusters du tourisme en Corse avec la soci\u00e9t\u00e9 <a href=\"https:\/\/www.aflokkat.com\/\">Aflokkat<\/a>.<\/p>\n<p>Je travaille en m\u00e9langeant les genres et les g\u00e9n\u00e9rations pour un management innovant.<\/p>\n<p>Je vous aide \u00e0 f\u00e9d\u00e9rer et \u00e0 garder vos talents.[\/vc_column_text][\/vc_column][\/vc_row][\/vc_section][vc_row][vc_column][vc_column_text]<\/p>\n<div data-post-id=\"2563\" class=\"insert-page insert-page-2563 \"><style type=\"text\/css\" data-type=\"vc_shortcodes-custom-css\">.vc_custom_1505219378801{border-bottom-width: 1px !important;background-color: #f7f8fa !important;border-bottom-color: #dddddd !important;border-bottom-style: solid !important;}<\/style><p>[vc_row][vc_column][vc_column_text][\/vc_column_text][\/vc_column][\/vc_row][vc_section css=\u00a0\u00bb.vc_custom_1505219378801{border-bottom-width: 1px !important;background-color: #f7f8fa !important;border-bottom-color: #dddddd !important;border-bottom-style: solid !important;}\u00a0\u00bb el_id=\u00a0\u00bboffres\u00a0\u00bb][vc_row effect=\u00a0\u00bbnone\u00a0\u00bb][vc_column width=\u00a0\u00bb1\/4&Prime; offset=\u00a0\u00bbvc_col-lg-3 vc_col-md-6 vc_col-sm-6 vc_col-xs-12&Prime;]<div class=\"wpb_content_element \"><style type=\"text\/css\" scoped>#ut_sc_6a0568e1d0253 .ut-service-column a.ut-service-column-link { font-size: 12px; }#ut-svg-6a0568e1d0254 { display:none; }#ut-svg-6a0568e1d0254.ut-svg-loaded { display:block; }#ut-svg-6a0568e1d0254 path { stroke:#9b335d; }<\/style><div id=\"ut_sc_6a0568e1d0253\" data-effect=\"fadeInUp\" data-animateonce=\"yes\" data-delay=\"50\" class=\"ut-horizontal-style-align-left  clearfix  ut-animate-element animated ut-no-animation-tablet ut-no-animation-mobile\" ><figure class=\"ut-service-icon ut-custom-icon  ut-service-icon-normal ut-service-icon-large\"><img alt=\"<strong>Strat\u00e9gie<\/strong>, Assistance \u00e0 la <b>maitrise<\/b> d'ouvrage\" src=\"https:\/\/www.diamond-consult.com\/consultant\/wp-content\/uploads\/2021\/08\/engrenages.svg\"><\/figure><div class=\"ut-service-column ut-service-column-horiz\"><h3><strong>Strat\u00e9gie<\/strong>, Assistance \u00e0 la <b>maitrise<\/b> d'ouvrage<\/h3><p>AMOA.<\/p><a class=\"ut-service-column-link ut-service-column-link-icon-before\" title=\"En savoir plus\" href=\"http:\/\/www.diamond-consult.com\/consultant\/assistance-a-maitrise-douvrage\/\" target=\"_self\" ><i class=\"BklynIcons-First-ad\"><\/i>En savoir plus<\/a><\/div><\/div><\/div>[\/vc_column][vc_column width=\u00a0\u00bb1\/4&Prime; offset=\u00a0\u00bbvc_col-lg-3 vc_col-md-6 vc_col-sm-6 vc_col-xs-12&Prime;]<div class=\"wpb_content_element \"><style type=\"text\/css\" scoped>#ut_sc_6a0568e1d066f .ut-service-column a.ut-service-column-link { font-size: 12px; }#ut-svg-6a0568e1d0671 { display:none; }#ut-svg-6a0568e1d0671.ut-svg-loaded { display:block; }#ut-svg-6a0568e1d0671 path { stroke:#9b335d; }<\/style><div id=\"ut_sc_6a0568e1d066f\" data-effect=\"fadeInUp\" data-animateonce=\"yes\" data-delay=\"50\" class=\"ut-horizontal-style-align-left  clearfix  ut-animate-element animated ut-no-animation-tablet ut-no-animation-mobile\" ><figure class=\"ut-service-icon ut-custom-icon  ut-service-icon-normal ut-service-icon-large\"><img alt=\"<b>Pilotage<\/b> de projets\" src=\"https:\/\/www.diamond-consult.com\/consultant\/wp-content\/uploads\/2021\/08\/outil-digital.svg\"><\/figure><div class=\"ut-service-column ut-service-column-horiz\"><h3><b>Pilotage<\/b> de projets<\/h3><p>Direction de programmes<\/p><a class=\"ut-service-column-link ut-service-column-link-icon-before\" title=\"En savoir plus\" href=\"http:\/\/www.diamond-consult.com\/consultant\/pilotage-de-projets\/\" target=\"_self\" ><i class=\"BklynIcons-First-ad\"><\/i>En savoir plus<\/a><\/div><\/div><\/div>[\/vc_column][vc_column width=\u00a0\u00bb1\/4&Prime; offset=\u00a0\u00bbvc_col-lg-3 vc_col-md-6 vc_col-sm-6 vc_col-xs-12&Prime;]<div class=\"wpb_content_element \"><style type=\"text\/css\" scoped>#ut_sc_6a0568e1d0a59 .ut-service-column a.ut-service-column-link { font-size: 12px; }#ut-svg-6a0568e1d0a5a { display:none; }#ut-svg-6a0568e1d0a5a.ut-svg-loaded { display:block; }#ut-svg-6a0568e1d0a5a path { stroke:#9b335d; }<\/style><div id=\"ut_sc_6a0568e1d0a59\" data-effect=\"fadeInUp\" data-animateonce=\"yes\" data-delay=\"50\" class=\"ut-horizontal-style-align-left  clearfix  ut-animate-element animated ut-no-animation-tablet ut-no-animation-mobile\" ><figure class=\"ut-service-icon ut-custom-icon  ut-service-icon-normal ut-service-icon-large\"><img alt=\"<b>Management<\/b>, Intelligence collective\" src=\"https:\/\/www.diamond-consult.com\/consultant\/wp-content\/uploads\/2021\/08\/outil-de-gestion.svg\"><\/figure><div class=\"ut-service-column ut-service-column-horiz\"><h3><b>Management<\/b>, Intelligence collective<\/h3><p>Management de vos \u00e9quipes et management de l&rsquo;innovation.<\/p><a class=\"ut-service-column-link ut-service-column-link-icon-before\" title=\"En savoir plus\" href=\"http:\/\/www.diamond-consult.com\/consultant\/management\/\" target=\"_self\" ><i class=\"BklynIcons-First-ad\"><\/i>En savoir plus<\/a><\/div><\/div><\/div>[\/vc_column][vc_column width=\u00a0\u00bb1\/4&Prime; offset=\u00a0\u00bbvc_col-lg-3 vc_col-md-6 vc_col-sm-6 vc_col-xs-12&Prime;]<div class=\"wpb_content_element \"><style type=\"text\/css\" scoped>#ut_sc_6a0568e1d0e20 .ut-service-column a.ut-service-column-link { font-size: 12px; }#ut-svg-6a0568e1d0e22 { display:none; }#ut-svg-6a0568e1d0e22.ut-svg-loaded { display:block; }#ut-svg-6a0568e1d0e22 path { stroke:#9b335d; }<\/style><div id=\"ut_sc_6a0568e1d0e20\" data-effect=\"fadeInUp\" data-animateonce=\"yes\" data-delay=\"50\" class=\"ut-horizontal-style-align-left  clearfix  ut-animate-element animated ut-no-animation-tablet ut-no-animation-mobile\" ><figure class=\"ut-service-icon ut-custom-icon  ut-service-icon-normal ut-service-icon-large\"><img alt=\"<strong>Formation<\/strong>\" src=\"https:\/\/www.diamond-consult.com\/consultant\/wp-content\/uploads\/2021\/08\/inclusion.svg\"><\/figure><div class=\"ut-service-column ut-service-column-horiz\"><h3><strong>Formation<\/strong><\/h3><p>Formation Intra et Inter-entreprises, formation Jeunes.<\/p><a class=\"ut-service-column-link ut-service-column-link-icon-before\" title=\"En savoir plus\" href=\"http:\/\/www.diamond-consult.com\/consultant\/formation\/\" target=\"_self\" ><i class=\"BklynIcons-First-ad\"><\/i>En savoir plus<\/a><\/div><\/div><\/div>[\/vc_column][\/vc_row][vc_row disable_element=\u00a0\u00bbyes\u00a0\u00bb][vc_column]<div class=\"wpb_content_element \"><\/div>[\/vc_column][\/vc_row][\/vc_section]<\/p>\n<\/div>\n<p>&nbsp;<\/p>\n<p>[\/vc_column_text][\/vc_column][\/vc_row]<\/p>\n","protected":false},"excerpt":{"rendered":"<p>[vc_section css=\u00a0\u00bb.vc_custom_1497455841382{border-bottom-width: 1px !important;background-color: #f7f8fa !important;border-bottom-color: #dddddd !important;border-bottom-style: solid !important;}\u00a0\u00bb][vc_row][vc_column][\/vc_column][\/vc_row][vc_row][vc_column][vc_column_text el_class=\u00a0\u00bbjustifier\u00a0\u00bb] Les facteurs humains sont au c\u0153ur de la r\u00e9ussite de vos projets. Les approches doivent \u00eatre adapt\u00e9es aux populations et au niveau d&rsquo;innovation souhait\u00e9. J&rsquo;ai dirig\u00e9 des \u00e9quipes en mode hi\u00e9rarchique, en mode transverse, en mode matricielle selon des principes assez classiques et standard. [&hellip;]<\/p>\n","protected":false},"author":1,"featured_media":0,"parent":0,"menu_order":0,"comment_status":"closed","ping_status":"closed","template":"","meta":{"footnotes":""},"yoast_head":"<!-- This site is optimized with the Yoast SEO plugin v22.9 - https:\/\/yoast.com\/wordpress\/plugins\/seo\/ -->\n<title>Management et intelligence collective - Diamond Consult<\/title>\n<meta name=\"description\" content=\"Management agile, utiliser l&#039;intelligence collective et embarquer tous les profils dans vos organisations.\" \/>\n<meta name=\"robots\" content=\"index, follow, max-snippet:-1, max-image-preview:large, max-video-preview:-1\" \/>\n<link rel=\"canonical\" href=\"https:\/\/www.diamond-consult.com\/consultant\/innovation\/\" \/>\n<meta property=\"og:locale\" content=\"fr_FR\" \/>\n<meta property=\"og:type\" content=\"article\" \/>\n<meta property=\"og:title\" content=\"Management et intelligence collective - Diamond Consult\" \/>\n<meta property=\"og:description\" content=\"Management agile, utiliser l&#039;intelligence collective et embarquer tous les profils dans vos organisations.\" \/>\n<meta property=\"og:url\" content=\"https:\/\/www.diamond-consult.com\/consultant\/innovation\/\" \/>\n<meta property=\"og:site_name\" content=\"Diamond Consult\" \/>\n<meta property=\"article:modified_time\" content=\"2022-05-04T14:07:19+00:00\" \/>\n<meta name=\"twitter:card\" content=\"summary_large_image\" \/>\n<meta name=\"twitter:label1\" content=\"Dur\u00e9e de lecture estim\u00e9e\" \/>\n\t<meta name=\"twitter:data1\" content=\"2 minutes\" \/>\n<script type=\"application\/ld+json\" class=\"yoast-schema-graph\">{\"@context\":\"https:\/\/schema.org\",\"@graph\":[{\"@type\":\"WebPage\",\"@id\":\"https:\/\/www.diamond-consult.com\/consultant\/innovation\/\",\"url\":\"https:\/\/www.diamond-consult.com\/consultant\/innovation\/\",\"name\":\"Management et intelligence collective - Diamond Consult\",\"isPartOf\":{\"@id\":\"https:\/\/www.diamond-consult.com\/consultant\/#website\"},\"datePublished\":\"2017-09-14T11:34:02+00:00\",\"dateModified\":\"2022-05-04T14:07:19+00:00\",\"description\":\"Management agile, utiliser l'intelligence collective et embarquer tous les profils dans vos organisations.\",\"breadcrumb\":{\"@id\":\"https:\/\/www.diamond-consult.com\/consultant\/innovation\/#breadcrumb\"},\"inLanguage\":\"fr-FR\",\"potentialAction\":[{\"@type\":\"ReadAction\",\"target\":[\"https:\/\/www.diamond-consult.com\/consultant\/innovation\/\"]}]},{\"@type\":\"BreadcrumbList\",\"@id\":\"https:\/\/www.diamond-consult.com\/consultant\/innovation\/#breadcrumb\",\"itemListElement\":[{\"@type\":\"ListItem\",\"position\":1,\"name\":\"Accueil\",\"item\":\"https:\/\/www.diamond-consult.com\/consultant\/\"},{\"@type\":\"ListItem\",\"position\":2,\"name\":\"Innovation manag\u00e9riale\"}]},{\"@type\":\"WebSite\",\"@id\":\"https:\/\/www.diamond-consult.com\/consultant\/#website\",\"url\":\"https:\/\/www.diamond-consult.com\/consultant\/\",\"name\":\"Diamond Consult\",\"description\":\"Cr\u00e9ativit\u00e9 collective et transformation digitale\",\"potentialAction\":[{\"@type\":\"SearchAction\",\"target\":{\"@type\":\"EntryPoint\",\"urlTemplate\":\"https:\/\/www.diamond-consult.com\/consultant\/?s={search_term_string}\"},\"query-input\":\"required name=search_term_string\"}],\"inLanguage\":\"fr-FR\"}]}<\/script>\n<!-- \/ Yoast SEO plugin. -->","yoast_head_json":{"title":"Management et intelligence collective - Diamond Consult","description":"Management agile, utiliser l'intelligence collective et embarquer tous les profils dans vos organisations.","robots":{"index":"index","follow":"follow","max-snippet":"max-snippet:-1","max-image-preview":"max-image-preview:large","max-video-preview":"max-video-preview:-1"},"canonical":"https:\/\/www.diamond-consult.com\/consultant\/innovation\/","og_locale":"fr_FR","og_type":"article","og_title":"Management et intelligence collective - Diamond Consult","og_description":"Management agile, utiliser l'intelligence collective et embarquer tous les profils dans vos organisations.","og_url":"https:\/\/www.diamond-consult.com\/consultant\/innovation\/","og_site_name":"Diamond Consult","article_modified_time":"2022-05-04T14:07:19+00:00","twitter_card":"summary_large_image","twitter_misc":{"Dur\u00e9e de lecture estim\u00e9e":"2 minutes"},"schema":{"@context":"https:\/\/schema.org","@graph":[{"@type":"WebPage","@id":"https:\/\/www.diamond-consult.com\/consultant\/innovation\/","url":"https:\/\/www.diamond-consult.com\/consultant\/innovation\/","name":"Management et intelligence collective - Diamond Consult","isPartOf":{"@id":"https:\/\/www.diamond-consult.com\/consultant\/#website"},"datePublished":"2017-09-14T11:34:02+00:00","dateModified":"2022-05-04T14:07:19+00:00","description":"Management agile, utiliser l'intelligence collective et embarquer tous les profils dans vos organisations.","breadcrumb":{"@id":"https:\/\/www.diamond-consult.com\/consultant\/innovation\/#breadcrumb"},"inLanguage":"fr-FR","potentialAction":[{"@type":"ReadAction","target":["https:\/\/www.diamond-consult.com\/consultant\/innovation\/"]}]},{"@type":"BreadcrumbList","@id":"https:\/\/www.diamond-consult.com\/consultant\/innovation\/#breadcrumb","itemListElement":[{"@type":"ListItem","position":1,"name":"Accueil","item":"https:\/\/www.diamond-consult.com\/consultant\/"},{"@type":"ListItem","position":2,"name":"Innovation manag\u00e9riale"}]},{"@type":"WebSite","@id":"https:\/\/www.diamond-consult.com\/consultant\/#website","url":"https:\/\/www.diamond-consult.com\/consultant\/","name":"Diamond Consult","description":"Cr\u00e9ativit\u00e9 collective et transformation digitale","potentialAction":[{"@type":"SearchAction","target":{"@type":"EntryPoint","urlTemplate":"https:\/\/www.diamond-consult.com\/consultant\/?s={search_term_string}"},"query-input":"required name=search_term_string"}],"inLanguage":"fr-FR"}]}},"_links":{"self":[{"href":"https:\/\/www.diamond-consult.com\/consultant\/wp-json\/wp\/v2\/pages\/2436"}],"collection":[{"href":"https:\/\/www.diamond-consult.com\/consultant\/wp-json\/wp\/v2\/pages"}],"about":[{"href":"https:\/\/www.diamond-consult.com\/consultant\/wp-json\/wp\/v2\/types\/page"}],"author":[{"embeddable":true,"href":"https:\/\/www.diamond-consult.com\/consultant\/wp-json\/wp\/v2\/users\/1"}],"replies":[{"embeddable":true,"href":"https:\/\/www.diamond-consult.com\/consultant\/wp-json\/wp\/v2\/comments?post=2436"}],"version-history":[{"count":38,"href":"https:\/\/www.diamond-consult.com\/consultant\/wp-json\/wp\/v2\/pages\/2436\/revisions"}],"predecessor-version":[{"id":4074,"href":"https:\/\/www.diamond-consult.com\/consultant\/wp-json\/wp\/v2\/pages\/2436\/revisions\/4074"}],"wp:attachment":[{"href":"https:\/\/www.diamond-consult.com\/consultant\/wp-json\/wp\/v2\/media?parent=2436"}],"curies":[{"name":"wp","href":"https:\/\/api.w.org\/{rel}","templated":true}]}}