{"id":2443,"date":"2017-09-14T13:38:39","date_gmt":"2017-09-14T11:38:39","guid":{"rendered":"http:\/\/www.diamond-consult.com\/consultant\/assistance-a-maitrise-douvrage-copy\/"},"modified":"2022-03-15T11:50:40","modified_gmt":"2022-03-15T10:50:40","slug":"formation","status":"publish","type":"page","link":"https:\/\/www.diamond-consult.com\/consultant\/formation\/","title":{"rendered":"Formation Animation"},"content":{"rendered":"<p>[vc_section css=\u00a0\u00bb.vc_custom_1497455841382{border-bottom-width: 1px !important;background-color: #f7f8fa !important;border-bottom-color: #dddddd !important;border-bottom-style: solid !important;}\u00a0\u00bb][vc_row][vc_column]<div class=\"wpb_content_element \"><style type=\"text\/css\" scoped><\/style><header id=\"ut_header_69d21c5da5759\" class=\"section-header ut-no-title-linebreak-mobile ut-no-lead-linebreak-mobile pt-style-7 header-center element-with-custom-line-height\"><h2  class=\"section-title \"><span><b>Formation<\/b><\/span><\/h2><div data-delay=\"0\" class=\"lead \"><p>Animation d&rsquo;ateliers et de s\u00e9minaires<\/p>\n<\/div><\/header><\/div>[\/vc_column][\/vc_row][vc_row][vc_column width=\u00a0\u00bb1\/2&Prime;][vc_column_text el_class=\u00a0\u00bbjustifier\u00a0\u00bb]Nous animons des s\u00e9minaires, des formations, des ateliers innovants, des tables rondes.<\/p>\n<h1><b>Formations :<\/b><\/h1>\n<ul>\n<li>Accompagner et certifier le <a href=\"https:\/\/www.cegos.fr\/formation-responsable-digital\/p-20188229-2018.htm\"><strong>responsable<\/strong> digital<\/a><\/li>\n<li>R\u00e9ussir sa transformation <strong>digitale, accompagner les \u00e9volutions num\u00e9riques<\/strong><\/li>\n<li><strong>Piloter des projets<\/strong><\/li>\n<li>Les <strong>clefs et les fondamentaux<\/strong> du management projet<\/li>\n<li>Ma\u00eetriser<strong> les <a href=\"https:\/\/www.cegos.fr\/formation-gestion-risques-projet\/p-20182481-2018.htm\">risques et opportunit\u00e9s des projets<\/a><\/strong><\/li>\n<li>Rendre des ing\u00e9nieurs<strong> cr\u00e9atifs<\/strong> (ce n&rsquo;est pas un oxymore !), voir <a href=\"https:\/\/www.diamond-consult.com\/consultant\/creativite-collective-transformation-digitale-copy\/\">exemple<\/a> \u00e0 Institut Mines Telecom<\/li>\n<li>Trouver des solutions en<strong> Innovation collective,\u00a0<\/strong>par exemple en utilisant les d\u00e9marches de \u00ab\u00a0Design Thinking\u00a0\u00bb<\/li>\n<li><strong>Former des animateurs<\/strong> cr\u00e9ativit\u00e9<\/li>\n<\/ul>\n<h2>Digitaliser et moderniser vos offres de formations :<\/h2>\n<ul>\n<li><strong>Animer et dynamiser vos r\u00e9seaux<\/strong>, utiliser l&rsquo;intelligence collective pour la dynamique de groupe,<\/li>\n<li>Cartographier vos acteurs, les f\u00e9d\u00e9rer,<\/li>\n<li>Animer des communaut\u00e9s,<\/li>\n<\/ul>\n<p>Nous mixons des approches op\u00e9rationnelles, hybrides et agiles.<\/p>\n<p>Pour ces raisons, nous animons des <strong>formations en entreprise<\/strong> et aupr\u00e8s d&rsquo;<strong>\u00e9tudiants.<\/strong><\/p>\n<p>Certifi\u00e9es animatrices digitales Cegos, praticiennes, niveau2.<\/p>\n<p>&nbsp;<\/p>\n<p><strong>Outils d&rsquo;animation \u00e0 distance<\/strong> : Microsoft Teams, AdobeConnect, Zoom, CiscoWeEx, Klaxoon, Kahoot, Wooclap, Moodle, &#8230;<\/p>\n<h1><\/h1>\n","protected":false},"excerpt":{"rendered":"<p>[vc_section css=\u00a0\u00bb.vc_custom_1497455841382{border-bottom-width: 1px !important;background-color: #f7f8fa !important;border-bottom-color: #dddddd !important;border-bottom-style: solid !important;}\u00a0\u00bb][vc_row][vc_column][\/vc_column][\/vc_row][vc_row][vc_column width=\u00a0\u00bb1\/2&Prime;][vc_column_text el_class=\u00a0\u00bbjustifier\u00a0\u00bb]Nous animons des s\u00e9minaires, des formations, des ateliers innovants, des tables rondes. Formations : Accompagner et certifier le responsable digital R\u00e9ussir sa transformation digitale, accompagner les \u00e9volutions num\u00e9riques Piloter des projets Les clefs et les fondamentaux du management projet Ma\u00eetriser les risques et opportunit\u00e9s [&hellip;]<\/p>\n","protected":false},"author":1,"featured_media":0,"parent":0,"menu_order":0,"comment_status":"closed","ping_status":"closed","template":"","meta":{"footnotes":""},"yoast_head":"<!-- This site is optimized with the Yoast SEO plugin v22.9 - https:\/\/yoast.com\/wordpress\/plugins\/seo\/ -->\n<title>Formation intra et inter entreprises et formation jeunes<\/title>\n<meta name=\"description\" content=\"Sensibilisation \u00e0 la culture digitale, aux syst\u00e8mes d\u2019information et au pilotage des projets et des risques.\" \/>\n<meta name=\"robots\" content=\"index, follow, max-snippet:-1, max-image-preview:large, max-video-preview:-1\" \/>\n<link rel=\"canonical\" href=\"https:\/\/www.diamond-consult.com\/consultant\/formation\/\" \/>\n<meta property=\"og:locale\" content=\"fr_FR\" \/>\n<meta property=\"og:type\" content=\"article\" \/>\n<meta property=\"og:title\" content=\"Formation intra et inter entreprises et formation jeunes\" \/>\n<meta property=\"og:description\" content=\"Sensibilisation \u00e0 la culture digitale, aux syst\u00e8mes d\u2019information et au pilotage des projets et des risques.\" \/>\n<meta property=\"og:url\" content=\"https:\/\/www.diamond-consult.com\/consultant\/formation\/\" \/>\n<meta property=\"og:site_name\" content=\"Diamond Consult\" \/>\n<meta property=\"article:modified_time\" content=\"2022-03-15T10:50:40+00:00\" \/>\n<meta name=\"twitter:card\" content=\"summary_large_image\" \/>\n<meta name=\"twitter:label1\" content=\"Dur\u00e9e de lecture estim\u00e9e\" \/>\n\t<meta name=\"twitter:data1\" content=\"1 minute\" \/>\n<script type=\"application\/ld+json\" class=\"yoast-schema-graph\">{\"@context\":\"https:\/\/schema.org\",\"@graph\":[{\"@type\":\"WebPage\",\"@id\":\"https:\/\/www.diamond-consult.com\/consultant\/formation\/\",\"url\":\"https:\/\/www.diamond-consult.com\/consultant\/formation\/\",\"name\":\"Formation intra et inter entreprises et formation jeunes\",\"isPartOf\":{\"@id\":\"https:\/\/www.diamond-consult.com\/consultant\/#website\"},\"datePublished\":\"2017-09-14T11:38:39+00:00\",\"dateModified\":\"2022-03-15T10:50:40+00:00\",\"description\":\"Sensibilisation \u00e0 la culture digitale, aux syst\u00e8mes d\u2019information et au pilotage des projets et des risques.\",\"breadcrumb\":{\"@id\":\"https:\/\/www.diamond-consult.com\/consultant\/formation\/#breadcrumb\"},\"inLanguage\":\"fr-FR\",\"potentialAction\":[{\"@type\":\"ReadAction\",\"target\":[\"https:\/\/www.diamond-consult.com\/consultant\/formation\/\"]}]},{\"@type\":\"BreadcrumbList\",\"@id\":\"https:\/\/www.diamond-consult.com\/consultant\/formation\/#breadcrumb\",\"itemListElement\":[{\"@type\":\"ListItem\",\"position\":1,\"name\":\"Accueil\",\"item\":\"https:\/\/www.diamond-consult.com\/consultant\/\"},{\"@type\":\"ListItem\",\"position\":2,\"name\":\"Formation Animation\"}]},{\"@type\":\"WebSite\",\"@id\":\"https:\/\/www.diamond-consult.com\/consultant\/#website\",\"url\":\"https:\/\/www.diamond-consult.com\/consultant\/\",\"name\":\"Diamond Consult\",\"description\":\"Cr\u00e9ativit\u00e9 collective et transformation digitale\",\"potentialAction\":[{\"@type\":\"SearchAction\",\"target\":{\"@type\":\"EntryPoint\",\"urlTemplate\":\"https:\/\/www.diamond-consult.com\/consultant\/?s={search_term_string}\"},\"query-input\":\"required name=search_term_string\"}],\"inLanguage\":\"fr-FR\"}]}<\/script>\n<!-- \/ Yoast SEO plugin. -->","yoast_head_json":{"title":"Formation intra et inter entreprises et formation jeunes","description":"Sensibilisation \u00e0 la culture digitale, aux syst\u00e8mes d\u2019information et au pilotage des projets et des risques.","robots":{"index":"index","follow":"follow","max-snippet":"max-snippet:-1","max-image-preview":"max-image-preview:large","max-video-preview":"max-video-preview:-1"},"canonical":"https:\/\/www.diamond-consult.com\/consultant\/formation\/","og_locale":"fr_FR","og_type":"article","og_title":"Formation intra et inter entreprises et formation jeunes","og_description":"Sensibilisation \u00e0 la culture digitale, aux syst\u00e8mes d\u2019information et au pilotage des projets et des risques.","og_url":"https:\/\/www.diamond-consult.com\/consultant\/formation\/","og_site_name":"Diamond Consult","article_modified_time":"2022-03-15T10:50:40+00:00","twitter_card":"summary_large_image","twitter_misc":{"Dur\u00e9e de lecture estim\u00e9e":"1 minute"},"schema":{"@context":"https:\/\/schema.org","@graph":[{"@type":"WebPage","@id":"https:\/\/www.diamond-consult.com\/consultant\/formation\/","url":"https:\/\/www.diamond-consult.com\/consultant\/formation\/","name":"Formation intra et inter entreprises et formation jeunes","isPartOf":{"@id":"https:\/\/www.diamond-consult.com\/consultant\/#website"},"datePublished":"2017-09-14T11:38:39+00:00","dateModified":"2022-03-15T10:50:40+00:00","description":"Sensibilisation \u00e0 la culture digitale, aux syst\u00e8mes d\u2019information et au pilotage des projets et des risques.","breadcrumb":{"@id":"https:\/\/www.diamond-consult.com\/consultant\/formation\/#breadcrumb"},"inLanguage":"fr-FR","potentialAction":[{"@type":"ReadAction","target":["https:\/\/www.diamond-consult.com\/consultant\/formation\/"]}]},{"@type":"BreadcrumbList","@id":"https:\/\/www.diamond-consult.com\/consultant\/formation\/#breadcrumb","itemListElement":[{"@type":"ListItem","position":1,"name":"Accueil","item":"https:\/\/www.diamond-consult.com\/consultant\/"},{"@type":"ListItem","position":2,"name":"Formation Animation"}]},{"@type":"WebSite","@id":"https:\/\/www.diamond-consult.com\/consultant\/#website","url":"https:\/\/www.diamond-consult.com\/consultant\/","name":"Diamond Consult","description":"Cr\u00e9ativit\u00e9 collective et transformation digitale","potentialAction":[{"@type":"SearchAction","target":{"@type":"EntryPoint","urlTemplate":"https:\/\/www.diamond-consult.com\/consultant\/?s={search_term_string}"},"query-input":"required name=search_term_string"}],"inLanguage":"fr-FR"}]}},"_links":{"self":[{"href":"https:\/\/www.diamond-consult.com\/consultant\/wp-json\/wp\/v2\/pages\/2443"}],"collection":[{"href":"https:\/\/www.diamond-consult.com\/consultant\/wp-json\/wp\/v2\/pages"}],"about":[{"href":"https:\/\/www.diamond-consult.com\/consultant\/wp-json\/wp\/v2\/types\/page"}],"author":[{"embeddable":true,"href":"https:\/\/www.diamond-consult.com\/consultant\/wp-json\/wp\/v2\/users\/1"}],"replies":[{"embeddable":true,"href":"https:\/\/www.diamond-consult.com\/consultant\/wp-json\/wp\/v2\/comments?post=2443"}],"version-history":[{"count":48,"href":"https:\/\/www.diamond-consult.com\/consultant\/wp-json\/wp\/v2\/pages\/2443\/revisions"}],"predecessor-version":[{"id":4038,"href":"https:\/\/www.diamond-consult.com\/consultant\/wp-json\/wp\/v2\/pages\/2443\/revisions\/4038"}],"wp:attachment":[{"href":"https:\/\/www.diamond-consult.com\/consultant\/wp-json\/wp\/v2\/media?parent=2443"}],"curies":[{"name":"wp","href":"https:\/\/api.w.org\/{rel}","templated":true}]}}