{"id":2594,"date":"2017-09-29T15:27:50","date_gmt":"2017-09-29T13:27:50","guid":{"rendered":"http:\/\/www.diamond-consult.com\/consultant\/les-defis-copy\/"},"modified":"2021-12-01T15:50:21","modified_gmt":"2021-12-01T14:50:21","slug":"nos-references","status":"publish","type":"page","link":"https:\/\/www.diamond-consult.com\/consultant\/nos-references\/","title":{"rendered":"Nos r\u00e9f\u00e9rences"},"content":{"rendered":"<p>[vc_section css=\u00a0\u00bb.vc_custom_1497455841382{border-bottom-width: 1px !important;background-color: #f7f8fa !important;border-bottom-color: #dddddd !important;border-bottom-style: solid !important;}\u00a0\u00bb][vc_row][vc_column]<div class=\"wpb_content_element \"><style type=\"text\/css\" scoped><\/style><header id=\"ut_header_69e88ccbacb88\" class=\"section-header ut-no-title-linebreak-mobile ut-no-lead-linebreak-mobile pt-style-7 header-center element-with-custom-line-height\"><h2  class=\"section-title \"><span>Ils nous font <b>confiance<\/b><\/span><\/h2><div data-delay=\"0\" class=\"lead \"><p>Cliquez sur les logos pour acc\u00e9der aux missions de r\u00e9f\u00e9rence<\/p>\n<\/div><\/header><\/div>[\/vc_column][\/vc_row][vc_row][vc_column]<div id=\"ut_cc_outer_69e88ccbacd0c\" class=\"wpb_content_element \"><style type=\"text\/css\" scoped>#ut_cc_69e88ccbacd0b .ut-single-brand-logo{opacity: 1;}#ut_cc_69e88ccbacd0b .ut-single-brand-logo:hover {opacity: 1;}#ut_cc_69e88ccbacd0b.ut-brands-display-cells .ut-single-brand {border-right: 1px solid#DDD;border-bottom: 1px solid#DDD;}#ut_cc_69e88ccbacd0b.ut-brands-display-cells .ut-single-brand:first-child {border-left: 1px solid#DDD;}@media (min-width: 1025px) {#ut_cc_69e88ccbacd0b.ut-brands-display-cells .ut-single-brand:nth-child(5n+1) {border-left: 1px solid#DDD;}#ut_cc_69e88ccbacd0b.ut-brands-display-cells .ut-single-brand:nth-child(-n+5) {border-top: 1px solid#DDD;}#ut_cc_69e88ccbacd0b.ut-brands-display-plain:not(.ut-brands-carousel) .ut-single-brand:nth-last-child(-n+3) {padding-bottom: 0;}}@media (min-width: 768px) and (max-width: 1024px) {#ut_cc_69e88ccbacd0b.ut-brands-display-cells .ut-single-brand:nth-child(4n+1) {border-left: 1px solid#DDD;}#ut_cc_69e88ccbacd0b.ut-brands-display-cells .ut-single-brand:nth-child(-n+4) {border-top: 1px solid#DDD;}#ut_cc_69e88ccbacd0b.ut-brands-display-plain:not(.ut-brands-carousel) .ut-single-brand:nth-last-child(-n+3) {padding-bottom: 0;}}@media (max-width: 767px) {#ut_cc_69e88ccbacd0b.ut-brands-display-cells .ut-single-brand:nth-child(2n+1) {border-left: 1px solid#DDD;}#ut_cc_69e88ccbacd0b.ut-brands-display-cells .ut-single-brand:nth-child(-n+2) {border-top: 1px solid#DDD;}#ut_cc_69e88ccbacd0b.ut-brands-display-plain:not(.ut-brands-carousel) .ut-single-brand:nth-last-child(-n+1) {padding-bottom: 0;}}<\/style><div id=\"ut_cc_69e88ccbacd0b\" class=\"ut-brands  ut-brands-columns-5 ut-brands-display-plain ut-brands-no-border-top ut-brands-no-border-bottom\" ><div class=\"ut-single-brand \"><div class=\"ut-single-brand-logo\"><a target=\"_self\" href=\"http:\/\/www.diamond-consult.com\/consultant\/cegos-reference\/\" ><img decoding=\"async\" class=\"\" alt=\"R\u00e9f\u00e9rence Cegos Diamond-Consult\" src=\"https:\/\/www.diamond-consult.com\/consultant\/wp-content\/uploads\/2017\/09\/cegos.png\"><\/a><\/div><\/div><div class=\"ut-single-brand \"><div class=\"ut-single-brand-logo\"><a target=\" _blank\" href=\"https:\/\/www.diamond-consult.com\/consultant\/cegos-reference-copy\/\" ><img decoding=\"async\" class=\"\" alt=\"Animation Disrupt&#039;Campus IMT\" src=\"https:\/\/www.diamond-consult.com\/consultant\/wp-content\/uploads\/2019\/11\/IMT_MinesAles-B-V2.png\"><\/a><\/div><\/div><div class=\"ut-single-brand \"><div class=\"ut-single-brand-logo\"><a target=\" _blank\" href=\"https:\/\/formafrique.com\/\" ><img decoding=\"async\" class=\"\" alt=\"\" src=\"https:\/\/www.diamond-consult.com\/consultant\/wp-content\/uploads\/2019\/02\/Formafrique.gif\"><\/a><\/div><\/div><div class=\"ut-single-brand \"><div class=\"ut-single-brand-logo\"><a target=\" _blank\" href=\"https:\/\/www.francenum.gouv.fr\/trouver-un-accompagnement\/karine-bontemps\" ><img decoding=\"async\" class=\"\" alt=\"\" src=\"https:\/\/www.diamond-consult.com\/consultant\/wp-content\/uploads\/2021\/12\/marque-Activateur-France-Num-72dpi.jpg\"><\/a><\/div><\/div><div class=\"ut-single-brand \"><div class=\"ut-single-brand-logo\"><a target=\" _blank\" href=\"https:\/\/www.iri-lyon.com\/institut-des-ressources-industrielles\" ><img decoding=\"async\" class=\"\" alt=\"\" src=\"https:\/\/www.diamond-consult.com\/consultant\/wp-content\/uploads\/2020\/02\/iri-logo-e1582116762290.png\"><\/a><\/div><\/div><div class=\"ut-single-brand \"><div class=\"ut-single-brand-logo\"><a target=\" _blank\" href=\"https:\/\/www.aflokkat.com\/\" ><img decoding=\"async\" class=\"\" alt=\"\" src=\"https:\/\/www.diamond-consult.com\/consultant\/wp-content\/uploads\/2019\/05\/Aflokkat.png\"><\/a><\/div><\/div><div class=\"ut-single-brand \"><div class=\"ut-single-brand-logo\"><a target=\" _blank\" href=\"https:\/\/www.diamond-consult.com\/consultant\/loire-2\/\" ><img decoding=\"async\" class=\"\" alt=\"Les Premi\u00e8res R\u00e9f\u00e9rence  Exemplaire\" src=\"https:\/\/www.diamond-consult.com\/consultant\/wp-content\/uploads\/2019\/02\/Loire.jpg\"><\/a><\/div><\/div><div class=\"ut-single-brand \"><div class=\"ut-single-brand-logo\"><a target=\" _blank\" href=\"https:\/\/www.diamond-consult.com\/consultant\/lespremieres\/\" ><img decoding=\"async\" class=\"\" alt=\"R\u00e9f\u00e9rence Les Premi\u00e8res\" src=\"https:\/\/www.diamond-consult.com\/consultant\/wp-content\/uploads\/2020\/04\/Premi\u00e8res-Logo.png\"><\/a><\/div><\/div><div class=\"ut-single-brand \"><div class=\"ut-single-brand-logo\"><a target=\" _blank\" href=\"https:\/\/polochon-cie.fr\/\" ><img decoding=\"async\" class=\"\" alt=\"\" src=\"https:\/\/www.diamond-consult.com\/consultant\/wp-content\/uploads\/2020\/03\/Polochon-Cie.jpg\"><\/a><\/div><\/div><div class=\"ut-single-brand \"><div class=\"ut-single-brand-logo\"><a target=\" _blank\" href=\"https:\/\/www.diamond-consult.com\/consultant\/areva-reference\/\" ><img decoding=\"async\" class=\"\" alt=\"Transformation digitale Orano\" src=\"https:\/\/www.diamond-consult.com\/consultant\/wp-content\/uploads\/2018\/07\/Areva-1.gif\"><\/a><\/div><\/div><div class=\"ut-single-brand \"><div class=\"ut-single-brand-logo\"><a target=\" _blank\" href=\"https:\/\/www.afdas.com\/entreprises\/services\/professionnaliser\/prestations-appui-conseil\/appui-conseil-digital#comment-faire-\" ><img decoding=\"async\" class=\"\" alt=\"\" src=\"https:\/\/www.diamond-consult.com\/consultant\/wp-content\/uploads\/2020\/03\/Afdas-logo.jpg\"><\/a><\/div><\/div><div class=\"ut-single-brand \"><div class=\"ut-single-brand-logo\"><a target=\" _blank\" href=\"https:\/\/www.corsica-pro.com\/fr\/promotion\/tourisme-daffaires\/cluster-tourisme-daffaires\" ><img decoding=\"async\" class=\"\" alt=\"\" src=\"https:\/\/www.diamond-consult.com\/consultant\/wp-content\/uploads\/2019\/02\/ATC-1.png\"><\/a><\/div><\/div><div class=\"ut-single-brand \"><div class=\"ut-single-brand-logo\"><a target=\" _blank\" href=\"https:\/\/www.diamond-consult.com\/consultant\/keolis-reference\/\" ><img decoding=\"async\" class=\"\" alt=\"\" src=\"https:\/\/www.diamond-consult.com\/consultant\/wp-content\/uploads\/2020\/03\/Keolis-logo.jpg\"><\/a><\/div><\/div><div class=\"ut-single-brand \"><div class=\"ut-single-brand-logo\"><a target=\" _blank\" href=\"https:\/\/www.diamond-consult.com\/consultant\/ancette-reference\" ><img decoding=\"async\" class=\"\" alt=\"Communication Digitale \" src=\"https:\/\/www.diamond-consult.com\/consultant\/wp-content\/uploads\/2020\/08\/Moulin-dAncette\u00ae.jpg\"><\/a><\/div><\/div><div class=\"ut-single-brand \"><div class=\"ut-single-brand-logo\"><a target=\"_self\" href=\"http:\/\/www.diamond-consult.com\/consultant\/ecole-reference-copy\/\" ><img decoding=\"async\" class=\"\" alt=\"Diamond-Consult Ecoles\" src=\"https:\/\/www.diamond-consult.com\/consultant\/wp-content\/uploads\/2018\/06\/ucly-2.png\"><\/a><\/div><\/div><div class=\"ut-single-brand \"><div class=\"ut-single-brand-logo\"><a target=\"_self\" href=\"http:\/\/www.diamond-consult.com\/consultant\/ecole-reference-copy\/\" ><img decoding=\"async\" class=\"\" alt=\"Diamond-consult Ecoles\" src=\"https:\/\/www.diamond-consult.com\/consultant\/wp-content\/uploads\/2017\/09\/inseec_01-1.jpg\"><\/a><\/div><\/div><div class=\"ut-single-brand \"><div class=\"ut-single-brand-logo\"><a target=\"_self\" href=\"http:\/\/www.diamond-consult.com\/consultant\/ecole-reference-copy\/\" ><img decoding=\"async\" class=\"\" alt=\"diamond-consult ecoles\" src=\"https:\/\/www.diamond-consult.com\/consultant\/wp-content\/uploads\/2017\/09\/logo-ESCEN-LYON_01-1.jpg\"><\/a><\/div><\/div><div class=\"ut-single-brand \"><div class=\"ut-single-brand-logo\"><a target=\"_self\" href=\"http:\/\/www.diamond-consult.com\/consultant\/ecole-reference-copy\/\" ><img decoding=\"async\" class=\"\" alt=\"Diamond-consult ecoles\" src=\"https:\/\/www.diamond-consult.com\/consultant\/wp-content\/uploads\/2018\/01\/logoIesa.jpg\"><\/a><\/div><\/div><div class=\"ut-single-brand \"><div class=\"ut-single-brand-logo\"><a target=\" _blank\" href=\"https:\/\/objectifpouremploi.fr\/association-objectif-pour-emploi\/\" ><img decoding=\"async\" class=\"\" alt=\"Karine Bontemps, Conseil Administration OPE\" src=\"https:\/\/www.diamond-consult.com\/consultant\/wp-content\/uploads\/2018\/06\/ope.jpg\"><\/a><\/div><\/div><div class=\"ut-single-brand \"><div class=\"ut-single-brand-logo\"><a target=\" _blank\" href=\"https:\/\/www.diamond-consult.com\/consultant\/laetsmind-reference\/\" ><img decoding=\"async\" class=\"\" alt=\"Laet&#039;s Mind\" src=\"https:\/\/www.diamond-consult.com\/consultant\/wp-content\/uploads\/2021\/08\/laetsmindLogoBulles2019-01-e1628083225738.png\"><\/a><\/div><\/div><div class=\"ut-single-brand \"><div class=\"ut-single-brand-logo\"><a target=\" _blank\" href=\"https:\/\/www.trouver-creer.org\/\" ><img decoding=\"async\" class=\"\" alt=\"\" src=\"https:\/\/www.diamond-consult.com\/consultant\/wp-content\/uploads\/2019\/02\/TC.gif\"><\/a><\/div><\/div><div class=\"ut-single-brand \"><div class=\"ut-single-brand-logo\"><a target=\" _blank\" href=\"https:\/\/www.ldigital.org\/quisommesnous\" ><img decoding=\"async\" class=\"\" alt=\"Karine Bontemps Fondatrice LDigital\" src=\"https:\/\/www.diamond-consult.com\/consultant\/wp-content\/uploads\/2019\/11\/LDigital_LogoRose.png\"><\/a><\/div><\/div><div class=\"ut-single-brand \"><div class=\"ut-single-brand-logo\"><a target=\" _blank\" href=\"https:\/\/ame-association.fr\/\" ><img decoding=\"async\" class=\"\" alt=\"Karine Bontemps, Fondatrice Alliance pour la mixit\u00e9 en entreprise\" src=\"https:\/\/www.diamond-consult.com\/consultant\/wp-content\/uploads\/2019\/11\/Logo-Ame-fond-blanc.png\"><\/a><\/div><\/div><\/div><\/div>[\/vc_column][\/vc_row][\/vc_section]<\/p>\n","protected":false},"excerpt":{"rendered":"<p>[vc_section css=\u00a0\u00bb.vc_custom_1497455841382{border-bottom-width: 1px !important;background-color: #f7f8fa !important;border-bottom-color: #dddddd !important;border-bottom-style: solid !important;}\u00a0\u00bb][vc_row][vc_column][\/vc_column][\/vc_row][vc_row][vc_column][\/vc_column][\/vc_row][\/vc_section]<\/p>\n","protected":false},"author":1,"featured_media":0,"parent":0,"menu_order":0,"comment_status":"closed","ping_status":"closed","template":"","meta":{"footnotes":""},"yoast_head":"<!-- This site is optimized with the Yoast SEO plugin v22.9 - https:\/\/yoast.com\/wordpress\/plugins\/seo\/ -->\n<title>Diamond Consult : Nos r\u00e9f\u00e9rences clients du monde digital<\/title>\n<meta name=\"description\" content=\"L\u2019intelligence artificielle, les innovations technologiques, les nouveaux usages transforment nos vies personnelles et le monde du travail.\" \/>\n<meta name=\"robots\" content=\"index, follow, max-snippet:-1, max-image-preview:large, max-video-preview:-1\" \/>\n<link rel=\"canonical\" href=\"https:\/\/www.diamond-consult.com\/consultant\/nos-references\/\" \/>\n<meta property=\"og:locale\" content=\"fr_FR\" \/>\n<meta property=\"og:type\" content=\"article\" \/>\n<meta property=\"og:title\" content=\"Diamond Consult : Nos r\u00e9f\u00e9rences clients du monde digital\" \/>\n<meta property=\"og:description\" content=\"L\u2019intelligence artificielle, les innovations technologiques, les nouveaux usages transforment nos vies personnelles et le monde du travail.\" \/>\n<meta property=\"og:url\" content=\"https:\/\/www.diamond-consult.com\/consultant\/nos-references\/\" \/>\n<meta property=\"og:site_name\" content=\"Diamond Consult\" \/>\n<meta property=\"article:modified_time\" content=\"2021-12-01T14:50:21+00:00\" \/>\n<meta name=\"twitter:card\" content=\"summary_large_image\" \/>\n<meta name=\"twitter:label1\" content=\"Dur\u00e9e de lecture estim\u00e9e\" \/>\n\t<meta name=\"twitter:data1\" content=\"1 minute\" \/>\n<script type=\"application\/ld+json\" class=\"yoast-schema-graph\">{\"@context\":\"https:\/\/schema.org\",\"@graph\":[{\"@type\":\"WebPage\",\"@id\":\"https:\/\/www.diamond-consult.com\/consultant\/nos-references\/\",\"url\":\"https:\/\/www.diamond-consult.com\/consultant\/nos-references\/\",\"name\":\"Diamond Consult : Nos r\u00e9f\u00e9rences clients du monde digital\",\"isPartOf\":{\"@id\":\"https:\/\/www.diamond-consult.com\/consultant\/#website\"},\"datePublished\":\"2017-09-29T13:27:50+00:00\",\"dateModified\":\"2021-12-01T14:50:21+00:00\",\"description\":\"L\u2019intelligence artificielle, les innovations technologiques, les nouveaux usages transforment nos vies personnelles et le monde du travail.\",\"breadcrumb\":{\"@id\":\"https:\/\/www.diamond-consult.com\/consultant\/nos-references\/#breadcrumb\"},\"inLanguage\":\"fr-FR\",\"potentialAction\":[{\"@type\":\"ReadAction\",\"target\":[\"https:\/\/www.diamond-consult.com\/consultant\/nos-references\/\"]}]},{\"@type\":\"BreadcrumbList\",\"@id\":\"https:\/\/www.diamond-consult.com\/consultant\/nos-references\/#breadcrumb\",\"itemListElement\":[{\"@type\":\"ListItem\",\"position\":1,\"name\":\"Accueil\",\"item\":\"https:\/\/www.diamond-consult.com\/consultant\/\"},{\"@type\":\"ListItem\",\"position\":2,\"name\":\"Nos r\u00e9f\u00e9rences\"}]},{\"@type\":\"WebSite\",\"@id\":\"https:\/\/www.diamond-consult.com\/consultant\/#website\",\"url\":\"https:\/\/www.diamond-consult.com\/consultant\/\",\"name\":\"Diamond Consult\",\"description\":\"Cr\u00e9ativit\u00e9 collective et transformation digitale\",\"potentialAction\":[{\"@type\":\"SearchAction\",\"target\":{\"@type\":\"EntryPoint\",\"urlTemplate\":\"https:\/\/www.diamond-consult.com\/consultant\/?s={search_term_string}\"},\"query-input\":\"required name=search_term_string\"}],\"inLanguage\":\"fr-FR\"}]}<\/script>\n<!-- \/ Yoast SEO plugin. -->","yoast_head_json":{"title":"Diamond Consult : Nos r\u00e9f\u00e9rences clients du monde digital","description":"L\u2019intelligence artificielle, les innovations technologiques, les nouveaux usages transforment nos vies personnelles et le monde du travail.","robots":{"index":"index","follow":"follow","max-snippet":"max-snippet:-1","max-image-preview":"max-image-preview:large","max-video-preview":"max-video-preview:-1"},"canonical":"https:\/\/www.diamond-consult.com\/consultant\/nos-references\/","og_locale":"fr_FR","og_type":"article","og_title":"Diamond Consult : Nos r\u00e9f\u00e9rences clients du monde digital","og_description":"L\u2019intelligence artificielle, les innovations technologiques, les nouveaux usages transforment nos vies personnelles et le monde du travail.","og_url":"https:\/\/www.diamond-consult.com\/consultant\/nos-references\/","og_site_name":"Diamond Consult","article_modified_time":"2021-12-01T14:50:21+00:00","twitter_card":"summary_large_image","twitter_misc":{"Dur\u00e9e de lecture estim\u00e9e":"1 minute"},"schema":{"@context":"https:\/\/schema.org","@graph":[{"@type":"WebPage","@id":"https:\/\/www.diamond-consult.com\/consultant\/nos-references\/","url":"https:\/\/www.diamond-consult.com\/consultant\/nos-references\/","name":"Diamond Consult : Nos r\u00e9f\u00e9rences clients du monde digital","isPartOf":{"@id":"https:\/\/www.diamond-consult.com\/consultant\/#website"},"datePublished":"2017-09-29T13:27:50+00:00","dateModified":"2021-12-01T14:50:21+00:00","description":"L\u2019intelligence artificielle, les innovations technologiques, les nouveaux usages transforment nos vies personnelles et le monde du travail.","breadcrumb":{"@id":"https:\/\/www.diamond-consult.com\/consultant\/nos-references\/#breadcrumb"},"inLanguage":"fr-FR","potentialAction":[{"@type":"ReadAction","target":["https:\/\/www.diamond-consult.com\/consultant\/nos-references\/"]}]},{"@type":"BreadcrumbList","@id":"https:\/\/www.diamond-consult.com\/consultant\/nos-references\/#breadcrumb","itemListElement":[{"@type":"ListItem","position":1,"name":"Accueil","item":"https:\/\/www.diamond-consult.com\/consultant\/"},{"@type":"ListItem","position":2,"name":"Nos r\u00e9f\u00e9rences"}]},{"@type":"WebSite","@id":"https:\/\/www.diamond-consult.com\/consultant\/#website","url":"https:\/\/www.diamond-consult.com\/consultant\/","name":"Diamond Consult","description":"Cr\u00e9ativit\u00e9 collective et transformation digitale","potentialAction":[{"@type":"SearchAction","target":{"@type":"EntryPoint","urlTemplate":"https:\/\/www.diamond-consult.com\/consultant\/?s={search_term_string}"},"query-input":"required name=search_term_string"}],"inLanguage":"fr-FR"}]}},"_links":{"self":[{"href":"https:\/\/www.diamond-consult.com\/consultant\/wp-json\/wp\/v2\/pages\/2594"}],"collection":[{"href":"https:\/\/www.diamond-consult.com\/consultant\/wp-json\/wp\/v2\/pages"}],"about":[{"href":"https:\/\/www.diamond-consult.com\/consultant\/wp-json\/wp\/v2\/types\/page"}],"author":[{"embeddable":true,"href":"https:\/\/www.diamond-consult.com\/consultant\/wp-json\/wp\/v2\/users\/1"}],"replies":[{"embeddable":true,"href":"https:\/\/www.diamond-consult.com\/consultant\/wp-json\/wp\/v2\/comments?post=2594"}],"version-history":[{"count":77,"href":"https:\/\/www.diamond-consult.com\/consultant\/wp-json\/wp\/v2\/pages\/2594\/revisions"}],"predecessor-version":[{"id":3968,"href":"https:\/\/www.diamond-consult.com\/consultant\/wp-json\/wp\/v2\/pages\/2594\/revisions\/3968"}],"wp:attachment":[{"href":"https:\/\/www.diamond-consult.com\/consultant\/wp-json\/wp\/v2\/media?parent=2594"}],"curies":[{"name":"wp","href":"https:\/\/api.w.org\/{rel}","templated":true}]}}