{"id":2602,"date":"2017-09-29T15:44:32","date_gmt":"2017-09-29T13:44:32","guid":{"rendered":"http:\/\/www.diamond-consult.com\/consultant\/nos-references-copy\/"},"modified":"2022-05-10T17:05:43","modified_gmt":"2022-05-10T15:05:43","slug":"engagements","status":"publish","type":"page","link":"https:\/\/www.diamond-consult.com\/consultant\/engagements\/","title":{"rendered":"Engagements"},"content":{"rendered":"<p>[vc_section css=\u00a0\u00bb.vc_custom_1497473807367{border-bottom-width: 1px !important;background-color: #f7f8fa !important;border-bottom-color: #dddddd !important;border-bottom-style: solid !important;}\u00a0\u00bb][vc_row][vc_column]<div class=\"wpb_content_element \"><style type=\"text\/css\" scoped><\/style><header id=\"ut_header_6a07285d02808\" class=\"section-header ut-no-title-linebreak-mobile ut-no-lead-linebreak-mobile pt-style-7 header-center element-with-custom-line-height\"><h2  class=\"section-title \"><span><b>Actions<\/b> collectives en faveur de l'inclusion num\u00e9rique<\/span><\/h2><\/header><\/div>[\/vc_column][\/vc_row][\/vc_section][vc_section][vc_row gap=\u00a0\u00bb40&Prime; css=\u00a0\u00bb.vc_custom_1497435133750{margin-top: 40px !important;border-bottom-width: 1px !important;border-bottom-color: #dddddd !important;border-bottom-style: solid !important;}\u00a0\u00bb][vc_column width=\u00a0\u00bb1\/4&Prime; css=\u00a0\u00bb.vc_custom_1497435223945{background-color: #f7f8fa !important;}\u00a0\u00bb][vc_single_image image=\u00a0\u00bb3565&Prime; img_size=\u00a0\u00bbmedium\u00a0\u00bb alignment=\u00a0\u00bbcenter\u00a0\u00bb][\/vc_column][vc_column width=\u00a0\u00bb3\/4&Prime;]<div class=\"wpb_content_element \"><style type=\"text\/css\" scoped>#ut_sc_6a07285d0297a .ut-service-column a.ut-service-column-link { font-size: 12px; }#ut-svg-6a07285d0297b { display:none; }#ut-svg-6a07285d0297b.ut-svg-loaded { display:block; }#ut-svg-6a07285d0297b path { stroke:#9b335d; }<\/style><div id=\"ut_sc_6a07285d0297a\"  class=\"ut-horizontal-style-align-left  clearfix \" ><div class=\"ut-service-column ut-service-column-horiz\"><h3>Charte des 1000 Maison M\u00e9tropolitaine Insertion Emploi<\/h3><p>Signataire de la charte des 1000 de la Maison Metropolitaine Insertion Emploi :<br \/>\nSigner la Charte des 1000 entreprises qui s\u2019engagent pour l\u2019insertion et l\u2019emploi dans le Grand Lyon, c\u2019est d\u00e9cider de :<br \/>\n&#8211; recruter autrement ;<br \/>\n&#8211; contribuer \u00e0 l\u2019acc\u00e8s \u00e0 l\u2019emploi ;<br \/>\n&#8211; faire conna\u00eetre vos m\u00e9tiers ;<br \/>\n&#8211; soutenir les acteurs de l\u2019insertion du territoire ;<br \/>\n&#8211; vous investir dans une dynamique locale pour l\u2019emploi.<\/p><\/div><\/div><\/div>[\/vc_column][\/vc_row][vc_row gap=\u00a0\u00bb40&Prime; css=\u00a0\u00bb.vc_custom_1497435133750{margin-top: 40px !important;border-bottom-width: 1px !important;border-bottom-color: #dddddd !important;border-bottom-style: solid !important;}\u00a0\u00bb][vc_column width=\u00a0\u00bb1\/4&Prime; css=\u00a0\u00bb.vc_custom_1497435223945{background-color: #f7f8fa !important;}\u00a0\u00bb][vc_single_image image=\u00a0\u00bb3568&Prime; img_size=\u00a0\u00bbmedium\u00a0\u00bb alignment=\u00a0\u00bbcenter\u00a0\u00bb][\/vc_column][vc_column width=\u00a0\u00bb3\/4&Prime;]<div class=\"wpb_content_element \"><style type=\"text\/css\" scoped>#ut_sc_6a07285d029ab .ut-service-column a.ut-service-column-link { font-size: 12px; }#ut-svg-6a07285d029ac { display:none; }#ut-svg-6a07285d029ac.ut-svg-loaded { display:block; }#ut-svg-6a07285d029ac path { stroke:#9b335d; }<\/style><div id=\"ut_sc_6a07285d029ab\"  class=\"ut-horizontal-style-align-left  clearfix \" ><div class=\"ut-service-column ut-service-column-horiz\"><h3>La Fabrique Be Amazonial<\/h3><p>Co-fondatrice de la Fabrique Be Amazonial,<br \/>\nJ&rsquo;agis pour un num\u00e9rique \u00e9thique, responsable et inclusif<\/p><a class=\"ut-service-column-link \" title=\"Voir le site web Be Amazonial\" href=\"https:\/\/www.beamazonial.com\/pages\/collectif\/equipe-be-amazonial.html\" target=\" _blank\" >Voir le site web Be Amazonial<\/a><\/div><\/div><\/div><div class=\"wpb_content_element \"><style type=\"text\/css\" scoped>#ut_sc_6a07285d029e3 .ut-service-column a.ut-service-column-link { font-size: 12px; }#ut-svg-6a07285d029e4 { display:none; }#ut-svg-6a07285d029e4.ut-svg-loaded { display:block; }#ut-svg-6a07285d029e4 path { stroke:#9b335d; }<\/style><div id=\"ut_sc_6a07285d029e3\"  class=\"ut-horizontal-style-align-left  clearfix \" ><div class=\"ut-service-column ut-service-column-horiz\"><h3>Lexique Be Amazonial<\/h3><p>Un glossaire pour vous simplifier le jargon num\u00e9rique<\/p><a class=\"ut-service-column-link \" title=\"Lien sur le lexique num\u00e9rique\" href=\"https:\/\/www.beamazonial.com\/pages\/ressources\/lexique.html\" target=\" _blank\" >Lien sur le lexique num\u00e9rique<\/a><\/div><\/div><\/div>[\/vc_column][\/vc_row][vc_row gap=\u00a0\u00bb40&Prime; css=\u00a0\u00bb.vc_custom_1497435133750{margin-top: 40px !important;border-bottom-width: 1px !important;border-bottom-color: #dddddd !important;border-bottom-style: solid !important;}\u00a0\u00bb][vc_column width=\u00a0\u00bb1\/4&Prime; css=\u00a0\u00bb.vc_custom_1497435223945{background-color: #f7f8fa !important;}\u00a0\u00bb][vc_single_image image=\u00a0\u00bb3660&Prime; img_size=\u00a0\u00bbmedium\u00a0\u00bb alignment=\u00a0\u00bbcenter\u00a0\u00bb][\/vc_column][vc_column width=\u00a0\u00bb3\/4&Prime;]<div class=\"wpb_content_element \"><style type=\"text\/css\" scoped>#ut_sc_6a07285d02a00 .ut-service-column a.ut-service-column-link { font-size: 12px; }#ut-svg-6a07285d02a01 { display:none; }#ut-svg-6a07285d02a01.ut-svg-loaded { display:block; }#ut-svg-6a07285d02a01 path { stroke:#9b335d; }<\/style><div id=\"ut_sc_6a07285d02a00\"  class=\"ut-horizontal-style-align-left  clearfix \" ><div class=\"ut-service-column ut-service-column-horiz\"><h3>Shifter The Shift Project<\/h3><p>J&rsquo;agis pour un num\u00e9rique \u00e9thique, responsable et inclusif, je contribue au volet num\u00e9rique du plan de transformation.<\/p><a class=\"ut-service-column-link \" title=\"Voir le site web\" href=\"https:\/\/theshiftproject.org\/equipe\/\" target=\" _blank\" >Voir le site web<\/a><\/div><\/div><\/div>[\/vc_column][\/vc_row][vc_row gap=\u00a0\u00bb40&Prime; css=\u00a0\u00bb.vc_custom_1497435133750{margin-top: 40px !important;border-bottom-width: 1px !important;border-bottom-color: #dddddd !important;border-bottom-style: solid !important;}\u00a0\u00bb][vc_column width=\u00a0\u00bb1\/4&Prime; css=\u00a0\u00bb.vc_custom_1497435223945{background-color: #f7f8fa !important;}\u00a0\u00bb][vc_single_image image=\u00a0\u00bb2460&Prime; img_size=\u00a0\u00bbmedium\u00a0\u00bb alignment=\u00a0\u00bbcenter\u00a0\u00bb][\/vc_column][vc_column width=\u00a0\u00bb3\/4&Prime;]<div class=\"wpb_content_element \"><style type=\"text\/css\" scoped>#ut_sc_6a07285d02a18 .ut-service-column a.ut-service-column-link { font-size: 12px; }#ut-svg-6a07285d02a19 { display:none; }#ut-svg-6a07285d02a19.ut-svg-loaded { display:block; }#ut-svg-6a07285d02a19 path { stroke:#9b335d; }<\/style><div id=\"ut_sc_6a07285d02a18\"  class=\"ut-horizontal-style-align-left  clearfix \" ><div class=\"ut-service-column ut-service-column-horiz\"><h3>Ldigital<\/h3><p>Membre fondatrice et co-pr\u00e9sidente, je co-anime la gouvernance holacratique de la fondation Ldigital, sous \u00e9gide de la fondation pour l&rsquo;universit\u00e9 de Lyon.<br \/>\nNous oeuvrons pour favoriser la place des femmes dans la fili\u00e8re num\u00e9rique et pour favoriser l\u2019\u00e9quilibre homme-femme et la diversit\u00e9 en entreprises et d\u00e9velopper l&rsquo;innovation et la cr\u00e9ativit\u00e9 collective.<\/p><a class=\"ut-service-column-link \" title=\"Voir le site web Ldigital\" href=\"https:\/\/ldigital.org\/\" target=\" _blank\" >Voir le site web Ldigital<\/a><\/div><\/div><\/div>[\/vc_column][\/vc_row][vc_row gap=\u00a0\u00bb40&Prime; css=\u00a0\u00bb.vc_custom_1497434998760{border-bottom-width: 1px !important;border-bottom-color: #dddddd !important;border-bottom-style: solid !important;}\u00a0\u00bb][vc_column width=\u00a0\u00bb1\/4&Prime; css=\u00a0\u00bb.vc_custom_1497435233793{background-color: #f7f8fa !important;}\u00a0\u00bb][vc_single_image image=\u00a0\u00bb2613&Prime; img_size=\u00a0\u00bbmedium\u00a0\u00bb alignment=\u00a0\u00bbcenter\u00a0\u00bb][\/vc_column][vc_column width=\u00a0\u00bb3\/4&Prime;]<div class=\"wpb_content_element \"><style type=\"text\/css\" scoped>#ut_sc_6a07285d02a30 .ut-service-column a.ut-service-column-link { font-size: 12px; }#ut-svg-6a07285d02a31 { display:none; }#ut-svg-6a07285d02a31.ut-svg-loaded { display:block; }#ut-svg-6a07285d02a31 path { stroke:#9b335d; }<\/style><div id=\"ut_sc_6a07285d02a30\"  class=\"ut-horizontal-style-align-left  clearfix \" ><div class=\"ut-service-column ut-service-column-horiz\"><h3>Adira<\/h3><p>J&rsquo;ai longtemps contribu\u00e9 \u00e0 la commission Gestion des Comp\u00e9tences de l\u2019Adira association pour le d\u00e9veloppement du digital en R\u00e9gion Auvergne Rh\u00f4ne alpes,  sur l\u2019\u00e9mergence des nouveaux m\u00e9tiers et les nouvelles formes de gouvernance.<\/p><\/div><\/div><\/div>[\/vc_column][\/vc_row][vc_row gap=\u00a0\u00bb40&Prime; css=\u00a0\u00bb.vc_custom_1497435133750{margin-top: 40px !important;border-bottom-width: 1px !important;border-bottom-color: #dddddd !important;border-bottom-style: solid !important;}\u00a0\u00bb][vc_column width=\u00a0\u00bb1\/4&Prime; css=\u00a0\u00bb.vc_custom_1497435228695{background-color: #f7f8fa !important;}\u00a0\u00bb][vc_single_image image=\u00a0\u00bb2616&Prime; img_size=\u00a0\u00bbmedium\u00a0\u00bb alignment=\u00a0\u00bbcenter\u00a0\u00bb][\/vc_column][vc_column width=\u00a0\u00bb3\/4&Prime;]<div class=\"wpb_content_element \"><style type=\"text\/css\" scoped>#ut_sc_6a07285d02a44 .ut-service-column a.ut-service-column-link { font-size: 12px; }#ut-svg-6a07285d02a45 { display:none; }#ut-svg-6a07285d02a45.ut-svg-loaded { display:block; }#ut-svg-6a07285d02a45 path { stroke:#9b335d; }<\/style><div id=\"ut_sc_6a07285d02a44\"  class=\"ut-horizontal-style-align-left  clearfix \" ><div class=\"ut-service-column ut-service-column-horiz\"><h3>Ame Alliance pour la Mixit\u00e9 en Entreprise<\/h3><p>Membre fondatrice de l\u2019association AME Alliance pour la Mixit\u00e9 en entreprise qui f\u00e9d\u00e8re les r\u00e9seaux mixit\u00e9 des grands groupes autour des questions de diversit\u00e9, j&rsquo;ai anim\u00e9 le bureau et les communaut\u00e9s et les r\u00e9seaux sociaux pendant 5 ans.<\/p><\/div><\/div><\/div>[\/vc_column][\/vc_row][\/vc_section]<\/p>\n","protected":false},"excerpt":{"rendered":"<p>[vc_section css=\u00a0\u00bb.vc_custom_1497473807367{border-bottom-width: 1px !important;background-color: #f7f8fa !important;border-bottom-color: #dddddd !important;border-bottom-style: solid !important;}\u00a0\u00bb][vc_row][vc_column][\/vc_column][\/vc_row][\/vc_section][vc_section][vc_row gap=\u00a0\u00bb40&Prime; css=\u00a0\u00bb.vc_custom_1497435133750{margin-top: 40px !important;border-bottom-width: 1px !important;border-bottom-color: #dddddd !important;border-bottom-style: solid !important;}\u00a0\u00bb][vc_column width=\u00a0\u00bb1\/4&Prime; css=\u00a0\u00bb.vc_custom_1497435223945{background-color: #f7f8fa !important;}\u00a0\u00bb][vc_single_image image=\u00a0\u00bb3565&Prime; img_size=\u00a0\u00bbmedium\u00a0\u00bb alignment=\u00a0\u00bbcenter\u00a0\u00bb][\/vc_column][vc_column width=\u00a0\u00bb3\/4&Prime;][\/vc_column][\/vc_row][vc_row gap=\u00a0\u00bb40&Prime; css=\u00a0\u00bb.vc_custom_1497435133750{margin-top: 40px !important;border-bottom-width: 1px !important;border-bottom-color: #dddddd !important;border-bottom-style: solid !important;}\u00a0\u00bb][vc_column width=\u00a0\u00bb1\/4&Prime; css=\u00a0\u00bb.vc_custom_1497435223945{background-color: #f7f8fa !important;}\u00a0\u00bb][vc_single_image image=\u00a0\u00bb3568&Prime; img_size=\u00a0\u00bbmedium\u00a0\u00bb alignment=\u00a0\u00bbcenter\u00a0\u00bb][\/vc_column][vc_column width=\u00a0\u00bb3\/4&Prime;][\/vc_column][\/vc_row][vc_row gap=\u00a0\u00bb40&Prime; css=\u00a0\u00bb.vc_custom_1497435133750{margin-top: 40px !important;border-bottom-width: 1px !important;border-bottom-color: #dddddd !important;border-bottom-style: solid [&hellip;]<\/p>\n","protected":false},"author":1,"featured_media":0,"parent":0,"menu_order":0,"comment_status":"closed","ping_status":"closed","template":"","meta":{"footnotes":""},"yoast_head":"<!-- This site is optimized with the Yoast SEO plugin v22.9 - https:\/\/yoast.com\/wordpress\/plugins\/seo\/ -->\n<title>Diamond Consult : Nos engagements<\/title>\n<meta name=\"description\" content=\"Actions collectives en faveur de l&#039;inclusion num\u00e9rique.\" \/>\n<meta name=\"robots\" content=\"index, follow, max-snippet:-1, max-image-preview:large, max-video-preview:-1\" \/>\n<link rel=\"canonical\" href=\"https:\/\/www.diamond-consult.com\/consultant\/engagements\/\" \/>\n<meta property=\"og:locale\" content=\"fr_FR\" \/>\n<meta property=\"og:type\" content=\"article\" \/>\n<meta property=\"og:title\" content=\"Diamond Consult : Nos engagements\" \/>\n<meta property=\"og:description\" content=\"Actions collectives en faveur de l&#039;inclusion num\u00e9rique.\" \/>\n<meta property=\"og:url\" content=\"https:\/\/www.diamond-consult.com\/consultant\/engagements\/\" \/>\n<meta property=\"og:site_name\" content=\"Diamond Consult\" \/>\n<meta property=\"article:modified_time\" content=\"2022-05-10T15:05:43+00:00\" \/>\n<meta name=\"twitter:card\" content=\"summary_large_image\" \/>\n<meta name=\"twitter:label1\" content=\"Dur\u00e9e de lecture estim\u00e9e\" \/>\n\t<meta name=\"twitter:data1\" content=\"2 minutes\" \/>\n<script type=\"application\/ld+json\" class=\"yoast-schema-graph\">{\"@context\":\"https:\/\/schema.org\",\"@graph\":[{\"@type\":\"WebPage\",\"@id\":\"https:\/\/www.diamond-consult.com\/consultant\/engagements\/\",\"url\":\"https:\/\/www.diamond-consult.com\/consultant\/engagements\/\",\"name\":\"Diamond Consult : Nos engagements\",\"isPartOf\":{\"@id\":\"https:\/\/www.diamond-consult.com\/consultant\/#website\"},\"datePublished\":\"2017-09-29T13:44:32+00:00\",\"dateModified\":\"2022-05-10T15:05:43+00:00\",\"description\":\"Actions collectives en faveur de l'inclusion num\u00e9rique.\",\"breadcrumb\":{\"@id\":\"https:\/\/www.diamond-consult.com\/consultant\/engagements\/#breadcrumb\"},\"inLanguage\":\"fr-FR\",\"potentialAction\":[{\"@type\":\"ReadAction\",\"target\":[\"https:\/\/www.diamond-consult.com\/consultant\/engagements\/\"]}]},{\"@type\":\"BreadcrumbList\",\"@id\":\"https:\/\/www.diamond-consult.com\/consultant\/engagements\/#breadcrumb\",\"itemListElement\":[{\"@type\":\"ListItem\",\"position\":1,\"name\":\"Accueil\",\"item\":\"https:\/\/www.diamond-consult.com\/consultant\/\"},{\"@type\":\"ListItem\",\"position\":2,\"name\":\"Engagements\"}]},{\"@type\":\"WebSite\",\"@id\":\"https:\/\/www.diamond-consult.com\/consultant\/#website\",\"url\":\"https:\/\/www.diamond-consult.com\/consultant\/\",\"name\":\"Diamond Consult\",\"description\":\"Cr\u00e9ativit\u00e9 collective et transformation digitale\",\"potentialAction\":[{\"@type\":\"SearchAction\",\"target\":{\"@type\":\"EntryPoint\",\"urlTemplate\":\"https:\/\/www.diamond-consult.com\/consultant\/?s={search_term_string}\"},\"query-input\":\"required name=search_term_string\"}],\"inLanguage\":\"fr-FR\"}]}<\/script>\n<!-- \/ Yoast SEO plugin. -->","yoast_head_json":{"title":"Diamond Consult : Nos engagements","description":"Actions collectives en faveur de l'inclusion num\u00e9rique.","robots":{"index":"index","follow":"follow","max-snippet":"max-snippet:-1","max-image-preview":"max-image-preview:large","max-video-preview":"max-video-preview:-1"},"canonical":"https:\/\/www.diamond-consult.com\/consultant\/engagements\/","og_locale":"fr_FR","og_type":"article","og_title":"Diamond Consult : Nos engagements","og_description":"Actions collectives en faveur de l'inclusion num\u00e9rique.","og_url":"https:\/\/www.diamond-consult.com\/consultant\/engagements\/","og_site_name":"Diamond Consult","article_modified_time":"2022-05-10T15:05:43+00:00","twitter_card":"summary_large_image","twitter_misc":{"Dur\u00e9e de lecture estim\u00e9e":"2 minutes"},"schema":{"@context":"https:\/\/schema.org","@graph":[{"@type":"WebPage","@id":"https:\/\/www.diamond-consult.com\/consultant\/engagements\/","url":"https:\/\/www.diamond-consult.com\/consultant\/engagements\/","name":"Diamond Consult : Nos engagements","isPartOf":{"@id":"https:\/\/www.diamond-consult.com\/consultant\/#website"},"datePublished":"2017-09-29T13:44:32+00:00","dateModified":"2022-05-10T15:05:43+00:00","description":"Actions collectives en faveur de l'inclusion num\u00e9rique.","breadcrumb":{"@id":"https:\/\/www.diamond-consult.com\/consultant\/engagements\/#breadcrumb"},"inLanguage":"fr-FR","potentialAction":[{"@type":"ReadAction","target":["https:\/\/www.diamond-consult.com\/consultant\/engagements\/"]}]},{"@type":"BreadcrumbList","@id":"https:\/\/www.diamond-consult.com\/consultant\/engagements\/#breadcrumb","itemListElement":[{"@type":"ListItem","position":1,"name":"Accueil","item":"https:\/\/www.diamond-consult.com\/consultant\/"},{"@type":"ListItem","position":2,"name":"Engagements"}]},{"@type":"WebSite","@id":"https:\/\/www.diamond-consult.com\/consultant\/#website","url":"https:\/\/www.diamond-consult.com\/consultant\/","name":"Diamond Consult","description":"Cr\u00e9ativit\u00e9 collective et transformation digitale","potentialAction":[{"@type":"SearchAction","target":{"@type":"EntryPoint","urlTemplate":"https:\/\/www.diamond-consult.com\/consultant\/?s={search_term_string}"},"query-input":"required name=search_term_string"}],"inLanguage":"fr-FR"}]}},"_links":{"self":[{"href":"https:\/\/www.diamond-consult.com\/consultant\/wp-json\/wp\/v2\/pages\/2602"}],"collection":[{"href":"https:\/\/www.diamond-consult.com\/consultant\/wp-json\/wp\/v2\/pages"}],"about":[{"href":"https:\/\/www.diamond-consult.com\/consultant\/wp-json\/wp\/v2\/types\/page"}],"author":[{"embeddable":true,"href":"https:\/\/www.diamond-consult.com\/consultant\/wp-json\/wp\/v2\/users\/1"}],"replies":[{"embeddable":true,"href":"https:\/\/www.diamond-consult.com\/consultant\/wp-json\/wp\/v2\/comments?post=2602"}],"version-history":[{"count":29,"href":"https:\/\/www.diamond-consult.com\/consultant\/wp-json\/wp\/v2\/pages\/2602\/revisions"}],"predecessor-version":[{"id":4081,"href":"https:\/\/www.diamond-consult.com\/consultant\/wp-json\/wp\/v2\/pages\/2602\/revisions\/4081"}],"wp:attachment":[{"href":"https:\/\/www.diamond-consult.com\/consultant\/wp-json\/wp\/v2\/media?parent=2602"}],"curies":[{"name":"wp","href":"https:\/\/api.w.org\/{rel}","templated":true}]}}