{"id":2774,"date":"2018-01-10T10:36:10","date_gmt":"2018-01-10T09:36:10","guid":{"rendered":"http:\/\/www.diamond-consult.com\/consultant\/parcours-copy\/"},"modified":"2022-02-01T15:41:00","modified_gmt":"2022-02-01T14:41:00","slug":"partenaires","status":"publish","type":"page","link":"https:\/\/www.diamond-consult.com\/consultant\/partenaires\/","title":{"rendered":"Partenaires"},"content":{"rendered":"<p>[vc_section css=\u00a0\u00bb.vc_custom_1497455841382{border-bottom-width: 1px !important;background-color: #f7f8fa !important;border-bottom-color: #dddddd !important;border-bottom-style: solid !important;}\u00a0\u00bb][vc_row][vc_column]<div class=\"wpb_content_element \"><style type=\"text\/css\" scoped><\/style><header id=\"ut_header_69e4f52e2011a\" class=\"section-header ut-no-title-linebreak-mobile ut-no-lead-linebreak-mobile pt-style-7 header-center element-with-custom-line-height\"><h2  class=\"section-title \"><span><b>Partenaires<\/b><\/span><\/h2><div data-delay=\"0\" class=\"lead \"><p>D\u00e9velopper l&rsquo;intelligence collective est indispensable pour relever les d\u00e9fis du <b>21\u00e8 si\u00e8cle<\/b>.<br \/>\nDiamond-consult d\u00e9veloppe les partenariats et la pluralit\u00e9 des expertises au service de vos besoins.<\/p>\n<\/div><\/header><\/div>[\/vc_column][\/vc_row][vc_row][vc_column width=\u00a0\u00bb1\/2&Prime;]<div class=\"wpb_content_element \"><style type=\"text\/css\" scoped><\/style><header id=\"ut_header_69e4f52e20405\" class=\"section-header ut-no-title-linebreak-mobile ut-no-lead-linebreak-mobile pt-style-7 header-center element-with-custom-line-height\"><h2  class=\"section-title \"><span><b>Glantz-Man<\/b><\/span><\/h2><div data-delay=\"0\" class=\"lead \"><p>Accompagnement aux changements<\/p>\n<\/div><\/header><\/div>[vc_column_text]<\/p>\n<p style=\"text-align: center;\">Coaching d&rsquo;\u00e9quipes, coaching de dirigeants<\/p>\n<p style=\"text-align: center;\">Pour en savoir plus, d\u00e9couvrez leur site :<\/p>\n<p style=\"text-align: center;\"><a href=\"http:\/\/www.glantz-man.com\/\" target=\"_blank\" rel=\"noopener noreferrer\">http:\/\/www.glantz-man.com\/<\/a><\/p>\n<p>[\/vc_column_text]<div  class=\"wpb_content_element   clearfix\"><style type=\"text\/css\" scoped>#ut_am_69e4f52e20b96 { opacity: 1; }<\/style><div id=\"ut_am_wrap_69e4f52e20b98\" class=\"ut-image-gallery-image \" style=\"text-align:center;\"><div class=\"ut-animated-image-item ut-image-gallery-item ut-animation-done\"><a class=\"ut-deactivated-link\" href=\"#\"><img loading=\"lazy\" decoding=\"async\"  id=\"ut_am_69e4f52e20b96\" style=\"\" src=\"https:\/\/www.diamond-consult.com\/consultant\/wp-content\/uploads\/2019\/02\/glantz-man-200-200-150x150.png\" width=\"150\" height=\"150\" alt=\"\"\/><\/a><\/div><\/div><\/div>[\/vc_column][vc_column width=\u00a0\u00bb1\/2&Prime;]<div class=\"wpb_content_element \"><style type=\"text\/css\" scoped><\/style><header id=\"ut_header_69e4f52e20ca8\" class=\"section-header ut-no-title-linebreak-mobile ut-no-lead-linebreak-mobile pt-style-7 header-center element-with-custom-line-height\"><h2  class=\"section-title \"><span><b>CyberMalice<\/b><\/span><\/h2><div data-delay=\"0\" class=\"lead \"><p>Studio en communication cr\u00e9ative et digitale<\/p>\n<\/div><\/header><\/div>[vc_column_text]<\/p>\n<p style=\"text-align: center;\">\u00ab UNE COMMUNICATION ADMIRABLE. SIMPLE. EFFICACE. SUPERBE. \u00bb<\/p>\n<p style=\"text-align: center;\">Pour en savoir plus, d\u00e9couvrez leur site :<\/p>\n<p style=\"text-align: center;\"><a href=\"http:\/\/www.cybermalice.net\/\" target=\"_blank\" rel=\"noopener noreferrer\">http:\/\/www.cybermalice.net\/<\/a><\/p>\n<p>[\/vc_column_text]<div  class=\"wpb_content_element   clearfix\"><style type=\"text\/css\" scoped>#ut_am_69e4f52e2145c { opacity: 1; }<\/style><div id=\"ut_am_wrap_69e4f52e2145d\" class=\"ut-image-gallery-image \" style=\"text-align:center;\"><div class=\"ut-animated-image-item ut-image-gallery-item ut-animation-done\"><a class=\"ut-deactivated-link\" href=\"#\"><img loading=\"lazy\" decoding=\"async\"  id=\"ut_am_69e4f52e2145c\" style=\"\" src=\"https:\/\/www.diamond-consult.com\/consultant\/wp-content\/uploads\/2019\/11\/1024X1024-cybermalice-150x150.png\" width=\"150\" height=\"150\" alt=\"\"\/><\/a><\/div><\/div><\/div>[\/vc_column][\/vc_row][vc_row][vc_column width=\u00a0\u00bb1\/2&Prime;]<div class=\"wpb_content_element \"><style type=\"text\/css\" scoped><\/style><header id=\"ut_header_69e4f52e2154d\" class=\"section-header ut-no-title-linebreak-mobile ut-no-lead-linebreak-mobile pt-style-7 header-center element-with-custom-line-height\"><h2  class=\"section-title \"><span><b>R\u00e9gine Djalo<\/b><\/span><\/h2><div data-delay=\"0\" class=\"lead \"><p>Arts et Culture Num\u00e9riques<br \/>\nAFEST<\/p>\n<\/div><\/header><\/div>[vc_column_text]<\/p>\n<p style=\"text-align: center;\">Pour en savoir plus, d\u00e9couvrez le site :<\/p>\n<p style=\"text-align: center;\"><a href=\"http:\/\/rdformationpro.eu\/\">http:\/\/rdformationpro.eu\/<\/a><\/p>\n<p>[\/vc_column_text]<div  class=\"wpb_content_element   clearfix\"><style type=\"text\/css\" scoped>#ut_am_69e4f52e21cd2 { opacity: 1; }<\/style><div id=\"ut_am_wrap_69e4f52e21cd4\" class=\"ut-image-gallery-image \" style=\"text-align:center;\"><div class=\"ut-animated-image-item ut-image-gallery-item ut-animation-done\"><a class=\"ut-deactivated-link\" href=\"#\"><img loading=\"lazy\" decoding=\"async\"  id=\"ut_am_69e4f52e21cd2\" style=\"\" src=\"https:\/\/www.diamond-consult.com\/consultant\/wp-content\/uploads\/2021\/07\/Regine-Djalo-240x217.png\" width=\"240\" height=\"217\" alt=\"RD Formation\"\/><\/a><\/div><\/div><\/div>[\/vc_column][vc_column width=\u00a0\u00bb1\/2&Prime;]<div class=\"wpb_content_element \"><style type=\"text\/css\" scoped><\/style><header id=\"ut_header_69e4f52e21dc2\" class=\"section-header ut-no-title-linebreak-mobile ut-no-lead-linebreak-mobile pt-style-7 header-center element-with-custom-line-height\"><h2  class=\"section-title \"><span><b>Soul Games<\/b><\/span><\/h2><div data-delay=\"0\" class=\"lead \"><p>Des jeux avec un suppl\u00e9ment d&rsquo;\u00e2me<\/p>\n<\/div><\/header><\/div>[vc_column_text]<\/p>\n<p style=\"text-align: center;\">\u00ab Jeux d&rsquo;accompagnement<\/p>\n<p style=\"text-align: center;\">Jeux d&rsquo;\u00e9panouissement\u00bb<\/p>\n<p style=\"text-align: center;\">Pour jouer en ligne<\/p>\n<p style=\"text-align: center;\"><a href=\"https:\/\/soulgames.fr\/jouez-en-ligne\/\">https:\/\/soulgames.fr\/jouez-en-ligne\/<\/a><\/p>\n<p style=\"text-align: center;\">Pour en savoir plus, ou pour commander les jeux, d\u00e9couvrez leur site :<\/p>\n<p style=\"text-align: center;\"><a href=\"https:\/\/soulgames.fr\/\" target=\"_blank\" rel=\"noopener noreferrer\">https:\/\/soulgames.fr\/<\/a><\/p>\n<p>[\/vc_column_text]<div  class=\"wpb_content_element   clearfix\"><style type=\"text\/css\" scoped>#ut_am_69e4f52e22432 { opacity: 1; }<\/style><div id=\"ut_am_wrap_69e4f52e22433\" class=\"ut-image-gallery-image \" style=\"text-align:center;\"><div class=\"ut-animated-image-item ut-image-gallery-item ut-animation-done\"><a class=\"ut-deactivated-link\" href=\"#\"><img loading=\"lazy\" decoding=\"async\"  id=\"ut_am_69e4f52e22432\" style=\"\" src=\"https:\/\/www.diamond-consult.com\/consultant\/wp-content\/uploads\/2021\/07\/logo-SG-colors-325x217.png\" width=\"325\" height=\"217\" alt=\"Soul Games\"\/><\/a><\/div><\/div><\/div>[\/vc_column][\/vc_row][\/vc_section][vc_row][vc_column][vc_column_text]<div data-post-id=\"2563\" class=\"insert-page insert-page-2563 \"><style type=\"text\/css\" data-type=\"vc_shortcodes-custom-css\">.vc_custom_1505219378801{border-bottom-width: 1px !important;background-color: #f7f8fa !important;border-bottom-color: #dddddd !important;border-bottom-style: solid !important;}<\/style><p>[vc_row][vc_column][vc_column_text][\/vc_column_text][\/vc_column][\/vc_row][vc_section css=\u00a0\u00bb.vc_custom_1505219378801{border-bottom-width: 1px !important;background-color: #f7f8fa !important;border-bottom-color: #dddddd !important;border-bottom-style: solid !important;}\u00a0\u00bb el_id=\u00a0\u00bboffres\u00a0\u00bb][vc_row effect=\u00a0\u00bbnone\u00a0\u00bb][vc_column width=\u00a0\u00bb1\/4&Prime; offset=\u00a0\u00bbvc_col-lg-3 vc_col-md-6 vc_col-sm-6 vc_col-xs-12&Prime;]<div class=\"wpb_content_element \"><style type=\"text\/css\" scoped>#ut_sc_69e4f52e2463a .ut-service-column a.ut-service-column-link { font-size: 12px; }#ut-svg-69e4f52e2463c { display:none; }#ut-svg-69e4f52e2463c.ut-svg-loaded { display:block; }#ut-svg-69e4f52e2463c path { stroke:#9b335d; }<\/style><div id=\"ut_sc_69e4f52e2463a\" data-effect=\"fadeInUp\" data-animateonce=\"yes\" data-delay=\"50\" class=\"ut-horizontal-style-align-left  clearfix  ut-animate-element animated ut-no-animation-tablet ut-no-animation-mobile\" ><figure class=\"ut-service-icon ut-custom-icon  ut-service-icon-normal ut-service-icon-large\"><img alt=\"<strong>Strat\u00e9gie<\/strong>, Assistance \u00e0 la <b>maitrise<\/b> d'ouvrage\" src=\"https:\/\/www.diamond-consult.com\/consultant\/wp-content\/uploads\/2021\/08\/engrenages.svg\"><\/figure><div class=\"ut-service-column ut-service-column-horiz\"><h3><strong>Strat\u00e9gie<\/strong>, Assistance \u00e0 la <b>maitrise<\/b> d'ouvrage<\/h3><p>AMOA.<\/p><a class=\"ut-service-column-link ut-service-column-link-icon-before\" title=\"En savoir plus\" href=\"http:\/\/www.diamond-consult.com\/consultant\/assistance-a-maitrise-douvrage\/\" target=\"_self\" ><i class=\"BklynIcons-First-ad\"><\/i>En savoir plus<\/a><\/div><\/div><\/div>[\/vc_column][vc_column width=\u00a0\u00bb1\/4&Prime; offset=\u00a0\u00bbvc_col-lg-3 vc_col-md-6 vc_col-sm-6 vc_col-xs-12&Prime;]<div class=\"wpb_content_element \"><style type=\"text\/css\" scoped>#ut_sc_69e4f52e249c7 .ut-service-column a.ut-service-column-link { font-size: 12px; }#ut-svg-69e4f52e249c8 { display:none; }#ut-svg-69e4f52e249c8.ut-svg-loaded { display:block; }#ut-svg-69e4f52e249c8 path { stroke:#9b335d; }<\/style><div id=\"ut_sc_69e4f52e249c7\" data-effect=\"fadeInUp\" data-animateonce=\"yes\" data-delay=\"50\" class=\"ut-horizontal-style-align-left  clearfix  ut-animate-element animated ut-no-animation-tablet ut-no-animation-mobile\" ><figure class=\"ut-service-icon ut-custom-icon  ut-service-icon-normal ut-service-icon-large\"><img alt=\"<b>Pilotage<\/b> de projets\" src=\"https:\/\/www.diamond-consult.com\/consultant\/wp-content\/uploads\/2021\/08\/outil-digital.svg\"><\/figure><div class=\"ut-service-column ut-service-column-horiz\"><h3><b>Pilotage<\/b> de projets<\/h3><p>Direction de programmes<\/p><a class=\"ut-service-column-link ut-service-column-link-icon-before\" title=\"En savoir plus\" href=\"http:\/\/www.diamond-consult.com\/consultant\/pilotage-de-projets\/\" target=\"_self\" ><i class=\"BklynIcons-First-ad\"><\/i>En savoir plus<\/a><\/div><\/div><\/div>[\/vc_column][vc_column width=\u00a0\u00bb1\/4&Prime; offset=\u00a0\u00bbvc_col-lg-3 vc_col-md-6 vc_col-sm-6 vc_col-xs-12&Prime;]<div class=\"wpb_content_element \"><style type=\"text\/css\" scoped>#ut_sc_69e4f52e24d05 .ut-service-column a.ut-service-column-link { font-size: 12px; }#ut-svg-69e4f52e24d06 { display:none; }#ut-svg-69e4f52e24d06.ut-svg-loaded { display:block; }#ut-svg-69e4f52e24d06 path { stroke:#9b335d; }<\/style><div id=\"ut_sc_69e4f52e24d05\" data-effect=\"fadeInUp\" data-animateonce=\"yes\" data-delay=\"50\" class=\"ut-horizontal-style-align-left  clearfix  ut-animate-element animated ut-no-animation-tablet ut-no-animation-mobile\" ><figure class=\"ut-service-icon ut-custom-icon  ut-service-icon-normal ut-service-icon-large\"><img alt=\"<b>Management<\/b>, Intelligence collective\" src=\"https:\/\/www.diamond-consult.com\/consultant\/wp-content\/uploads\/2021\/08\/outil-de-gestion.svg\"><\/figure><div class=\"ut-service-column ut-service-column-horiz\"><h3><b>Management<\/b>, Intelligence collective<\/h3><p>Management de vos \u00e9quipes et management de l&rsquo;innovation.<\/p><a class=\"ut-service-column-link ut-service-column-link-icon-before\" title=\"En savoir plus\" href=\"http:\/\/www.diamond-consult.com\/consultant\/management\/\" target=\"_self\" ><i class=\"BklynIcons-First-ad\"><\/i>En savoir plus<\/a><\/div><\/div><\/div>[\/vc_column][vc_column width=\u00a0\u00bb1\/4&Prime; offset=\u00a0\u00bbvc_col-lg-3 vc_col-md-6 vc_col-sm-6 vc_col-xs-12&Prime;]<div class=\"wpb_content_element \"><style type=\"text\/css\" scoped>#ut_sc_69e4f52e25040 .ut-service-column a.ut-service-column-link { font-size: 12px; }#ut-svg-69e4f52e25041 { display:none; }#ut-svg-69e4f52e25041.ut-svg-loaded { display:block; }#ut-svg-69e4f52e25041 path { stroke:#9b335d; }<\/style><div id=\"ut_sc_69e4f52e25040\" data-effect=\"fadeInUp\" data-animateonce=\"yes\" data-delay=\"50\" class=\"ut-horizontal-style-align-left  clearfix  ut-animate-element animated ut-no-animation-tablet ut-no-animation-mobile\" ><figure class=\"ut-service-icon ut-custom-icon  ut-service-icon-normal ut-service-icon-large\"><img alt=\"<strong>Formation<\/strong>\" src=\"https:\/\/www.diamond-consult.com\/consultant\/wp-content\/uploads\/2021\/08\/inclusion.svg\"><\/figure><div class=\"ut-service-column ut-service-column-horiz\"><h3><strong>Formation<\/strong><\/h3><p>Formation Intra et Inter-entreprises, formation Jeunes.<\/p><a class=\"ut-service-column-link ut-service-column-link-icon-before\" title=\"En savoir plus\" href=\"http:\/\/www.diamond-consult.com\/consultant\/formation\/\" target=\"_self\" ><i class=\"BklynIcons-First-ad\"><\/i>En savoir plus<\/a><\/div><\/div><\/div>[\/vc_column][\/vc_row][vc_row disable_element=\u00a0\u00bbyes\u00a0\u00bb][vc_column]<div class=\"wpb_content_element \"><\/div>[\/vc_column][\/vc_row][\/vc_section]<\/p>\n<\/div>\n<p>[\/vc_column_text][\/vc_column][\/vc_row]<\/p>\n","protected":false},"excerpt":{"rendered":"<p>[vc_section css=\u00a0\u00bb.vc_custom_1497455841382{border-bottom-width: 1px !important;background-color: #f7f8fa !important;border-bottom-color: #dddddd !important;border-bottom-style: solid !important;}\u00a0\u00bb][vc_row][vc_column][\/vc_column][\/vc_row][vc_row][vc_column width=\u00a0\u00bb1\/2&Prime;][vc_column_text] Coaching d&rsquo;\u00e9quipes, coaching de dirigeants Pour en savoir plus, d\u00e9couvrez leur site : http:\/\/www.glantz-man.com\/ [\/vc_column_text][\/vc_column][vc_column width=\u00a0\u00bb1\/2&Prime;][vc_column_text] \u00ab UNE COMMUNICATION ADMIRABLE. SIMPLE. EFFICACE. SUPERBE. \u00bb Pour en savoir plus, d\u00e9couvrez leur site : http:\/\/www.cybermalice.net\/ [\/vc_column_text][\/vc_column][\/vc_row][vc_row][vc_column width=\u00a0\u00bb1\/2&Prime;][vc_column_text] Pour en savoir plus, d\u00e9couvrez le site : http:\/\/rdformationpro.eu\/ [&hellip;]<\/p>\n","protected":false},"author":1,"featured_media":0,"parent":0,"menu_order":0,"comment_status":"closed","ping_status":"closed","template":"","meta":{"footnotes":""},"yoast_head":"<!-- This site is optimized with the Yoast SEO plugin v22.9 - https:\/\/yoast.com\/wordpress\/plugins\/seo\/ -->\n<title>Exp\u00e9rience intelligence artificielle - Diamond Consult<\/title>\n<meta name=\"description\" content=\"Ing\u00e9nieure form\u00e9e en intelligence artificielle et passionn\u00e9e par les nouvelles technologies du num\u00e9rique, les m\u00e9tiers \u00e9mergents, l&#039;innovation cr\u00e9ative.\" \/>\n<meta name=\"robots\" content=\"index, follow, max-snippet:-1, max-image-preview:large, max-video-preview:-1\" \/>\n<link rel=\"canonical\" href=\"https:\/\/www.diamond-consult.com\/consultant\/partenaires\/\" \/>\n<meta property=\"og:locale\" content=\"fr_FR\" \/>\n<meta property=\"og:type\" content=\"article\" \/>\n<meta property=\"og:title\" content=\"Exp\u00e9rience intelligence artificielle - Diamond Consult\" \/>\n<meta property=\"og:description\" content=\"Ing\u00e9nieure form\u00e9e en intelligence artificielle et passionn\u00e9e par les nouvelles technologies du num\u00e9rique, les m\u00e9tiers \u00e9mergents, l&#039;innovation cr\u00e9ative.\" \/>\n<meta property=\"og:url\" content=\"https:\/\/www.diamond-consult.com\/consultant\/partenaires\/\" \/>\n<meta property=\"og:site_name\" content=\"Diamond Consult\" \/>\n<meta property=\"article:modified_time\" content=\"2022-02-01T14:41:00+00:00\" \/>\n<meta name=\"twitter:card\" content=\"summary_large_image\" \/>\n<meta name=\"twitter:label1\" content=\"Dur\u00e9e de lecture estim\u00e9e\" \/>\n\t<meta name=\"twitter:data1\" content=\"1 minute\" \/>\n<script type=\"application\/ld+json\" class=\"yoast-schema-graph\">{\"@context\":\"https:\/\/schema.org\",\"@graph\":[{\"@type\":\"WebPage\",\"@id\":\"https:\/\/www.diamond-consult.com\/consultant\/partenaires\/\",\"url\":\"https:\/\/www.diamond-consult.com\/consultant\/partenaires\/\",\"name\":\"Exp\u00e9rience intelligence artificielle - Diamond Consult\",\"isPartOf\":{\"@id\":\"https:\/\/www.diamond-consult.com\/consultant\/#website\"},\"datePublished\":\"2018-01-10T09:36:10+00:00\",\"dateModified\":\"2022-02-01T14:41:00+00:00\",\"description\":\"Ing\u00e9nieure form\u00e9e en intelligence artificielle et passionn\u00e9e par les nouvelles technologies du num\u00e9rique, les m\u00e9tiers \u00e9mergents, l'innovation cr\u00e9ative.\",\"breadcrumb\":{\"@id\":\"https:\/\/www.diamond-consult.com\/consultant\/partenaires\/#breadcrumb\"},\"inLanguage\":\"fr-FR\",\"potentialAction\":[{\"@type\":\"ReadAction\",\"target\":[\"https:\/\/www.diamond-consult.com\/consultant\/partenaires\/\"]}]},{\"@type\":\"BreadcrumbList\",\"@id\":\"https:\/\/www.diamond-consult.com\/consultant\/partenaires\/#breadcrumb\",\"itemListElement\":[{\"@type\":\"ListItem\",\"position\":1,\"name\":\"Accueil\",\"item\":\"https:\/\/www.diamond-consult.com\/consultant\/\"},{\"@type\":\"ListItem\",\"position\":2,\"name\":\"Partenaires\"}]},{\"@type\":\"WebSite\",\"@id\":\"https:\/\/www.diamond-consult.com\/consultant\/#website\",\"url\":\"https:\/\/www.diamond-consult.com\/consultant\/\",\"name\":\"Diamond Consult\",\"description\":\"Cr\u00e9ativit\u00e9 collective et transformation digitale\",\"potentialAction\":[{\"@type\":\"SearchAction\",\"target\":{\"@type\":\"EntryPoint\",\"urlTemplate\":\"https:\/\/www.diamond-consult.com\/consultant\/?s={search_term_string}\"},\"query-input\":\"required name=search_term_string\"}],\"inLanguage\":\"fr-FR\"}]}<\/script>\n<!-- \/ Yoast SEO plugin. -->","yoast_head_json":{"title":"Exp\u00e9rience intelligence artificielle - Diamond Consult","description":"Ing\u00e9nieure form\u00e9e en intelligence artificielle et passionn\u00e9e par les nouvelles technologies du num\u00e9rique, les m\u00e9tiers \u00e9mergents, l'innovation cr\u00e9ative.","robots":{"index":"index","follow":"follow","max-snippet":"max-snippet:-1","max-image-preview":"max-image-preview:large","max-video-preview":"max-video-preview:-1"},"canonical":"https:\/\/www.diamond-consult.com\/consultant\/partenaires\/","og_locale":"fr_FR","og_type":"article","og_title":"Exp\u00e9rience intelligence artificielle - Diamond Consult","og_description":"Ing\u00e9nieure form\u00e9e en intelligence artificielle et passionn\u00e9e par les nouvelles technologies du num\u00e9rique, les m\u00e9tiers \u00e9mergents, l'innovation cr\u00e9ative.","og_url":"https:\/\/www.diamond-consult.com\/consultant\/partenaires\/","og_site_name":"Diamond Consult","article_modified_time":"2022-02-01T14:41:00+00:00","twitter_card":"summary_large_image","twitter_misc":{"Dur\u00e9e de lecture estim\u00e9e":"1 minute"},"schema":{"@context":"https:\/\/schema.org","@graph":[{"@type":"WebPage","@id":"https:\/\/www.diamond-consult.com\/consultant\/partenaires\/","url":"https:\/\/www.diamond-consult.com\/consultant\/partenaires\/","name":"Exp\u00e9rience intelligence artificielle - Diamond Consult","isPartOf":{"@id":"https:\/\/www.diamond-consult.com\/consultant\/#website"},"datePublished":"2018-01-10T09:36:10+00:00","dateModified":"2022-02-01T14:41:00+00:00","description":"Ing\u00e9nieure form\u00e9e en intelligence artificielle et passionn\u00e9e par les nouvelles technologies du num\u00e9rique, les m\u00e9tiers \u00e9mergents, l'innovation cr\u00e9ative.","breadcrumb":{"@id":"https:\/\/www.diamond-consult.com\/consultant\/partenaires\/#breadcrumb"},"inLanguage":"fr-FR","potentialAction":[{"@type":"ReadAction","target":["https:\/\/www.diamond-consult.com\/consultant\/partenaires\/"]}]},{"@type":"BreadcrumbList","@id":"https:\/\/www.diamond-consult.com\/consultant\/partenaires\/#breadcrumb","itemListElement":[{"@type":"ListItem","position":1,"name":"Accueil","item":"https:\/\/www.diamond-consult.com\/consultant\/"},{"@type":"ListItem","position":2,"name":"Partenaires"}]},{"@type":"WebSite","@id":"https:\/\/www.diamond-consult.com\/consultant\/#website","url":"https:\/\/www.diamond-consult.com\/consultant\/","name":"Diamond Consult","description":"Cr\u00e9ativit\u00e9 collective et transformation digitale","potentialAction":[{"@type":"SearchAction","target":{"@type":"EntryPoint","urlTemplate":"https:\/\/www.diamond-consult.com\/consultant\/?s={search_term_string}"},"query-input":"required name=search_term_string"}],"inLanguage":"fr-FR"}]}},"_links":{"self":[{"href":"https:\/\/www.diamond-consult.com\/consultant\/wp-json\/wp\/v2\/pages\/2774"}],"collection":[{"href":"https:\/\/www.diamond-consult.com\/consultant\/wp-json\/wp\/v2\/pages"}],"about":[{"href":"https:\/\/www.diamond-consult.com\/consultant\/wp-json\/wp\/v2\/types\/page"}],"author":[{"embeddable":true,"href":"https:\/\/www.diamond-consult.com\/consultant\/wp-json\/wp\/v2\/users\/1"}],"replies":[{"embeddable":true,"href":"https:\/\/www.diamond-consult.com\/consultant\/wp-json\/wp\/v2\/comments?post=2774"}],"version-history":[{"count":32,"href":"https:\/\/www.diamond-consult.com\/consultant\/wp-json\/wp\/v2\/pages\/2774\/revisions"}],"predecessor-version":[{"id":2776,"href":"https:\/\/www.diamond-consult.com\/consultant\/wp-json\/wp\/v2\/pages\/2774\/revisions\/2776"}],"wp:attachment":[{"href":"https:\/\/www.diamond-consult.com\/consultant\/wp-json\/wp\/v2\/media?parent=2774"}],"curies":[{"name":"wp","href":"https:\/\/api.w.org\/{rel}","templated":true}]}}