{"id":2915,"date":"2018-06-07T08:59:33","date_gmt":"2018-06-07T06:59:33","guid":{"rendered":"http:\/\/www.diamond-consult.com\/consultant\/assistance-a-maitrise-douvrage-copy\/"},"modified":"2021-08-04T15:37:44","modified_gmt":"2021-08-04T13:37:44","slug":"cegos-reference","status":"publish","type":"page","link":"https:\/\/www.diamond-consult.com\/consultant\/cegos-reference\/","title":{"rendered":"Cegos R\u00e9f\u00e9rence"},"content":{"rendered":"<p>[vc_section css=\u00a0\u00bb.vc_custom_1497455841382{border-bottom-width: 1px !important;background-color: #f7f8fa !important;border-bottom-color: #dddddd !important;border-bottom-style: solid !important;}\u00a0\u00bb][vc_row][vc_column]<div class=\"wpb_content_element \"><style type=\"text\/css\" scoped><\/style><header id=\"ut_header_69df70dba95ec\" class=\"section-header ut-no-title-linebreak-mobile ut-no-lead-linebreak-mobile pt-style-7 header-center element-with-custom-line-height\"><h2  class=\"section-title \"><span>Cegos<\/span><\/h2><\/header><\/div>[\/vc_column][\/vc_row][vc_row][vc_column width=\u00a0\u00bb1\/2&Prime;][vc_column_text el_class=\u00a0\u00bbjustifier\u00a0\u00bb]<\/p>\n<h1>Prestation : Animation et conception de formations<\/h1>\n<p style=\"text-align: left;\">J\u2019anime des sessions pr\u00e9sentielles inter ou intra entreprises, personnalis\u00e9es, \u00e0 la demande.<\/p>\n<p style=\"text-align: left;\">J&rsquo;organise des visio formations distancielles avec les outils Adobe connect, Zoom, Teams, ou autres&#8230;<\/p>\n<p style=\"text-align: left;\">Je suis habilit\u00e9e \u00ab formatrice digitale praticienne niveau 2\u00bb<\/p>\n<p style=\"text-align: left;\">par le leader international de la formation professionnelle et continue <a href=\"https:\/\/www.cegos.com\/fr\/\">Cegos.<\/a><\/p>\n<ul>\n<li>\n<h5>Gamme <a href=\"https:\/\/www.cegos.fr\/formations\/management-de-projets-gestion-de-projets\">projet<\/a>,<\/h5>\n<\/li>\n<li>\n<h5>Gamme <a href=\"https:\/\/www.cegos.fr\/formations\/developpement-produit-innovation-creativite\/manager-rd-2019\">innovation<\/a> et<\/h5>\n<\/li>\n<li>\n<h5>Gamme <a href=\"https:\/\/www.cegos.fr\/formations\/transformation-digitale-de-lentreprise\">digital<\/a><\/h5>\n<\/li>\n<\/ul>\n<p><a href=\"https:\/\/www.diamond-consult.com\/consultant\/gerer-les-risques-projets-en-utilisant-la-creativite-collective-pour-trouver-de-nouvelles-opportunites\/\">Article bilan d&rsquo;un stage<\/a>\u00a0: Osez l\u2019innovation et la cr\u00e9ativit\u00e9 collective, et imaginez les opportunit\u00e9s associ\u00e9es aux risques projet<\/p>\n<h1>Prestation : Tutorat et jury de certification cycle responsable digital et directeur informatique<\/h1>\n<ul>\n<li>J\u2019ai toujours beaucoup de plaisir \u00e0 accompagner les candidats lors de la pr\u00e9paration de leur m\u00e9moire et de leur soutenance en pr\u00e9paration des certifications Responsable Digital ou Direction de projets<\/li>\n<\/ul>\n<p>[\/vc_column_text][\/vc_column][vc_column width=\u00a0\u00bb1\/2&Prime;]<div  class=\"wpb_content_element   clearfix\"><style type=\"text\/css\" scoped>#ut_am_69df70dba9db1 { opacity: 1; }<\/style><div id=\"ut_am_wrap_69df70dba9db3\" class=\"ut-image-gallery-image \" style=\"text-align:center;\"><div class=\"ut-animated-image-item ut-image-gallery-item ut-animation-done\"><a target=\" _blank\" href=\"https:\/\/www.cegos.fr\/\" ><img loading=\"lazy\" decoding=\"async\"  id=\"ut_am_69df70dba9db1\" style=\"\" src=\"https:\/\/www.diamond-consult.com\/consultant\/wp-content\/uploads\/2019\/04\/Certification-formatrice-digitale.gif\" width=\"1280\" height=\"720\" alt=\"\"\/><\/a><\/div><\/div><\/div><div  class=\"wpb_content_element   clearfix\"><style type=\"text\/css\" scoped>#ut_am_69df70dbaa52c { opacity: 1; }<\/style><div id=\"ut_am_wrap_69df70dbaa52d\" class=\"ut-image-gallery-image \" style=\"text-align:center;\"><div class=\"ut-animated-image-item ut-image-gallery-item ut-animation-done\"><a target=\" _blank\" href=\"https:\/\/www.cegos.fr\/\" ><img loading=\"lazy\" decoding=\"async\"  id=\"ut_am_69df70dbaa52c\" style=\"\" src=\"https:\/\/www.diamond-consult.com\/consultant\/wp-content\/uploads\/2021\/08\/Reference-CEgos.jpg\" width=\"960\" height=\"540\" alt=\"Reference cegos\"\/><\/a><\/div><\/div><\/div><div  class=\"wpb_content_element   clearfix\"><style type=\"text\/css\" scoped>#ut_am_69df70dbaac60 { opacity: 1; }<\/style><div id=\"ut_am_wrap_69df70dbaac61\" class=\"ut-image-gallery-image \" style=\"text-align:center;\"><div class=\"ut-animated-image-item ut-image-gallery-item ut-animation-done\"><a target=\" _blank\" href=\"https:\/\/www.cegos.fr\/formation-gestion-risques-projet\/p-20182481-2018.htm\" ><img loading=\"lazy\" decoding=\"async\"  id=\"ut_am_69df70dbaac60\" style=\"\" src=\"https:\/\/www.diamond-consult.com\/consultant\/wp-content\/uploads\/2018\/05\/Cegos-risques-projet.png\" width=\"1068\" height=\"467\" alt=\"Cegos Avis risques projet\"\/><div class=\"ut-image-gallery-image-caption\"><div class=\"ut-image-gallery-item-caption-title\"><h3>Cegos Avis risques projet<\/h3><\/div><\/div><\/a><\/div><\/div><\/div><div  class=\"wpb_content_element   clearfix\"><style type=\"text\/css\" scoped>#ut_am_69df70dbab34e { opacity: 1; }<\/style><div id=\"ut_am_wrap_69df70dbab350\" class=\"ut-image-gallery-image \" style=\"text-align:center;\"><div class=\"ut-animated-image-item ut-image-gallery-item ut-animation-done\"><a target=\" _blank\" href=\"https:\/\/www.cegos.fr\/formation-certification-responsable-digital-avec-tutorat\/p-20188230-2018.htm\" ><img loading=\"lazy\" decoding=\"async\"  id=\"ut_am_69df70dbab34e\" style=\"\" src=\"https:\/\/www.diamond-consult.com\/consultant\/wp-content\/uploads\/2018\/06\/memoire.jpg\" width=\"480\" height=\"640\" alt=\"\"\/><div class=\"ut-image-gallery-image-caption\"><div class=\"ut-image-gallery-item-caption-title\"><h3 class=\"ut-image-gallery-empty-title\">+<\/h3><\/div><\/div><\/a><\/div><\/div><\/div>[\/vc_column][\/vc_row][\/vc_section][vc_row][vc_column][vc_column_text]<div data-post-id=\"2563\" class=\"insert-page insert-page-2563 \"><style type=\"text\/css\" data-type=\"vc_shortcodes-custom-css\">.vc_custom_1505219378801{border-bottom-width: 1px !important;background-color: #f7f8fa !important;border-bottom-color: #dddddd !important;border-bottom-style: solid !important;}<\/style><p>[vc_row][vc_column][vc_column_text][\/vc_column_text][\/vc_column][\/vc_row][vc_section css=\u00a0\u00bb.vc_custom_1505219378801{border-bottom-width: 1px !important;background-color: #f7f8fa !important;border-bottom-color: #dddddd !important;border-bottom-style: solid !important;}\u00a0\u00bb el_id=\u00a0\u00bboffres\u00a0\u00bb][vc_row effect=\u00a0\u00bbnone\u00a0\u00bb][vc_column width=\u00a0\u00bb1\/4&Prime; offset=\u00a0\u00bbvc_col-lg-3 vc_col-md-6 vc_col-sm-6 vc_col-xs-12&Prime;]<div class=\"wpb_content_element \"><style type=\"text\/css\" scoped>#ut_sc_69df70dbae512 .ut-service-column a.ut-service-column-link { font-size: 12px; }#ut-svg-69df70dbae513 { display:none; }#ut-svg-69df70dbae513.ut-svg-loaded { display:block; }#ut-svg-69df70dbae513 path { stroke:#9b335d; }<\/style><div id=\"ut_sc_69df70dbae512\" data-effect=\"fadeInUp\" data-animateonce=\"yes\" data-delay=\"50\" class=\"ut-horizontal-style-align-left  clearfix  ut-animate-element animated ut-no-animation-tablet ut-no-animation-mobile\" ><figure class=\"ut-service-icon ut-custom-icon  ut-service-icon-normal ut-service-icon-large\"><img alt=\"<strong>Strat\u00e9gie<\/strong>, Assistance \u00e0 la <b>maitrise<\/b> d'ouvrage\" src=\"https:\/\/www.diamond-consult.com\/consultant\/wp-content\/uploads\/2021\/08\/engrenages.svg\"><\/figure><div class=\"ut-service-column ut-service-column-horiz\"><h3><strong>Strat\u00e9gie<\/strong>, Assistance \u00e0 la <b>maitrise<\/b> d'ouvrage<\/h3><p>AMOA.<\/p><a class=\"ut-service-column-link ut-service-column-link-icon-before\" title=\"En savoir plus\" href=\"http:\/\/www.diamond-consult.com\/consultant\/assistance-a-maitrise-douvrage\/\" target=\"_self\" ><i class=\"BklynIcons-First-ad\"><\/i>En savoir plus<\/a><\/div><\/div><\/div>[\/vc_column][vc_column width=\u00a0\u00bb1\/4&Prime; offset=\u00a0\u00bbvc_col-lg-3 vc_col-md-6 vc_col-sm-6 vc_col-xs-12&Prime;]<div class=\"wpb_content_element \"><style type=\"text\/css\" scoped>#ut_sc_69df70dbaea6a .ut-service-column a.ut-service-column-link { font-size: 12px; }#ut-svg-69df70dbaea6b { display:none; }#ut-svg-69df70dbaea6b.ut-svg-loaded { display:block; }#ut-svg-69df70dbaea6b path { stroke:#9b335d; }<\/style><div id=\"ut_sc_69df70dbaea6a\" data-effect=\"fadeInUp\" data-animateonce=\"yes\" data-delay=\"50\" class=\"ut-horizontal-style-align-left  clearfix  ut-animate-element animated ut-no-animation-tablet ut-no-animation-mobile\" ><figure class=\"ut-service-icon ut-custom-icon  ut-service-icon-normal ut-service-icon-large\"><img alt=\"<b>Pilotage<\/b> de projets\" src=\"https:\/\/www.diamond-consult.com\/consultant\/wp-content\/uploads\/2021\/08\/outil-digital.svg\"><\/figure><div class=\"ut-service-column ut-service-column-horiz\"><h3><b>Pilotage<\/b> de projets<\/h3><p>Direction de programmes<\/p><a class=\"ut-service-column-link ut-service-column-link-icon-before\" title=\"En savoir plus\" href=\"http:\/\/www.diamond-consult.com\/consultant\/pilotage-de-projets\/\" target=\"_self\" ><i class=\"BklynIcons-First-ad\"><\/i>En savoir plus<\/a><\/div><\/div><\/div>[\/vc_column][vc_column width=\u00a0\u00bb1\/4&Prime; offset=\u00a0\u00bbvc_col-lg-3 vc_col-md-6 vc_col-sm-6 vc_col-xs-12&Prime;]<div class=\"wpb_content_element \"><style type=\"text\/css\" scoped>#ut_sc_69df70dbaef4d .ut-service-column a.ut-service-column-link { font-size: 12px; }#ut-svg-69df70dbaef4e { display:none; }#ut-svg-69df70dbaef4e.ut-svg-loaded { display:block; }#ut-svg-69df70dbaef4e path { stroke:#9b335d; }<\/style><div id=\"ut_sc_69df70dbaef4d\" data-effect=\"fadeInUp\" data-animateonce=\"yes\" data-delay=\"50\" class=\"ut-horizontal-style-align-left  clearfix  ut-animate-element animated ut-no-animation-tablet ut-no-animation-mobile\" ><figure class=\"ut-service-icon ut-custom-icon  ut-service-icon-normal ut-service-icon-large\"><img alt=\"<b>Management<\/b>, Intelligence collective\" src=\"https:\/\/www.diamond-consult.com\/consultant\/wp-content\/uploads\/2021\/08\/outil-de-gestion.svg\"><\/figure><div class=\"ut-service-column ut-service-column-horiz\"><h3><b>Management<\/b>, Intelligence collective<\/h3><p>Management de vos \u00e9quipes et management de l&rsquo;innovation.<\/p><a class=\"ut-service-column-link ut-service-column-link-icon-before\" title=\"En savoir plus\" href=\"http:\/\/www.diamond-consult.com\/consultant\/management\/\" target=\"_self\" ><i class=\"BklynIcons-First-ad\"><\/i>En savoir plus<\/a><\/div><\/div><\/div>[\/vc_column][vc_column width=\u00a0\u00bb1\/4&Prime; offset=\u00a0\u00bbvc_col-lg-3 vc_col-md-6 vc_col-sm-6 vc_col-xs-12&Prime;]<div class=\"wpb_content_element \"><style type=\"text\/css\" scoped>#ut_sc_69df70dbaf46e .ut-service-column a.ut-service-column-link { font-size: 12px; }#ut-svg-69df70dbaf46f { display:none; }#ut-svg-69df70dbaf46f.ut-svg-loaded { display:block; }#ut-svg-69df70dbaf46f path { stroke:#9b335d; }<\/style><div id=\"ut_sc_69df70dbaf46e\" data-effect=\"fadeInUp\" data-animateonce=\"yes\" data-delay=\"50\" class=\"ut-horizontal-style-align-left  clearfix  ut-animate-element animated ut-no-animation-tablet ut-no-animation-mobile\" ><figure class=\"ut-service-icon ut-custom-icon  ut-service-icon-normal ut-service-icon-large\"><img alt=\"<strong>Formation<\/strong>\" src=\"https:\/\/www.diamond-consult.com\/consultant\/wp-content\/uploads\/2021\/08\/inclusion.svg\"><\/figure><div class=\"ut-service-column ut-service-column-horiz\"><h3><strong>Formation<\/strong><\/h3><p>Formation Intra et Inter-entreprises, formation Jeunes.<\/p><a class=\"ut-service-column-link ut-service-column-link-icon-before\" title=\"En savoir plus\" href=\"http:\/\/www.diamond-consult.com\/consultant\/formation\/\" target=\"_self\" ><i class=\"BklynIcons-First-ad\"><\/i>En savoir plus<\/a><\/div><\/div><\/div>[\/vc_column][\/vc_row][vc_row disable_element=\u00a0\u00bbyes\u00a0\u00bb][vc_column]<div class=\"wpb_content_element \"><\/div>[\/vc_column][\/vc_row][\/vc_section]<\/p>\n<\/div>\n<p>&nbsp;[\/vc_column_text][\/vc_column][\/vc_row]<\/p>\n","protected":false},"excerpt":{"rendered":"<p>[vc_section css=\u00a0\u00bb.vc_custom_1497455841382{border-bottom-width: 1px !important;background-color: #f7f8fa !important;border-bottom-color: #dddddd !important;border-bottom-style: solid !important;}\u00a0\u00bb][vc_row][vc_column][\/vc_column][\/vc_row][vc_row][vc_column width=\u00a0\u00bb1\/2&Prime;][vc_column_text el_class=\u00a0\u00bbjustifier\u00a0\u00bb] Prestation : Animation et conception de formations J\u2019anime des sessions pr\u00e9sentielles inter ou intra entreprises, personnalis\u00e9es, \u00e0 la demande. J&rsquo;organise des visio formations distancielles avec les outils Adobe connect, Zoom, Teams, ou autres&#8230; Je suis habilit\u00e9e \u00ab formatrice digitale praticienne niveau 2\u00bb par [&hellip;]<\/p>\n","protected":false},"author":1,"featured_media":0,"parent":0,"menu_order":0,"comment_status":"closed","ping_status":"closed","template":"","meta":{"footnotes":""},"yoast_head":"<!-- This site is optimized with the Yoast SEO plugin v22.9 - https:\/\/yoast.com\/wordpress\/plugins\/seo\/ -->\n<title>Cegos R\u00e9f\u00e9rence - Diamond Consult<\/title>\n<meta name=\"description\" content=\"Strat\u00e9gie d\u2019am\u00e9lioration de la performance et pilotage de l\u2019excellence op\u00e9rationnelle, r\u00e9duction des co\u00fbts.\" \/>\n<meta name=\"robots\" content=\"index, follow, max-snippet:-1, max-image-preview:large, max-video-preview:-1\" \/>\n<link rel=\"canonical\" href=\"https:\/\/www.diamond-consult.com\/consultant\/cegos-reference\/\" \/>\n<meta property=\"og:locale\" content=\"fr_FR\" \/>\n<meta property=\"og:type\" content=\"article\" \/>\n<meta property=\"og:title\" content=\"Cegos R\u00e9f\u00e9rence - Diamond Consult\" \/>\n<meta property=\"og:description\" content=\"Strat\u00e9gie d\u2019am\u00e9lioration de la performance et pilotage de l\u2019excellence op\u00e9rationnelle, r\u00e9duction des co\u00fbts.\" \/>\n<meta property=\"og:url\" content=\"https:\/\/www.diamond-consult.com\/consultant\/cegos-reference\/\" \/>\n<meta property=\"og:site_name\" content=\"Diamond Consult\" \/>\n<meta property=\"article:modified_time\" content=\"2021-08-04T13:37:44+00:00\" \/>\n<meta name=\"twitter:card\" content=\"summary_large_image\" \/>\n<meta name=\"twitter:label1\" content=\"Dur\u00e9e de lecture estim\u00e9e\" \/>\n\t<meta name=\"twitter:data1\" content=\"2 minutes\" \/>\n<script type=\"application\/ld+json\" class=\"yoast-schema-graph\">{\"@context\":\"https:\/\/schema.org\",\"@graph\":[{\"@type\":\"WebPage\",\"@id\":\"https:\/\/www.diamond-consult.com\/consultant\/cegos-reference\/\",\"url\":\"https:\/\/www.diamond-consult.com\/consultant\/cegos-reference\/\",\"name\":\"Cegos R\u00e9f\u00e9rence - Diamond Consult\",\"isPartOf\":{\"@id\":\"https:\/\/www.diamond-consult.com\/consultant\/#website\"},\"datePublished\":\"2018-06-07T06:59:33+00:00\",\"dateModified\":\"2021-08-04T13:37:44+00:00\",\"description\":\"Strat\u00e9gie d\u2019am\u00e9lioration de la performance et pilotage de l\u2019excellence op\u00e9rationnelle, r\u00e9duction des co\u00fbts.\",\"breadcrumb\":{\"@id\":\"https:\/\/www.diamond-consult.com\/consultant\/cegos-reference\/#breadcrumb\"},\"inLanguage\":\"fr-FR\",\"potentialAction\":[{\"@type\":\"ReadAction\",\"target\":[\"https:\/\/www.diamond-consult.com\/consultant\/cegos-reference\/\"]}]},{\"@type\":\"BreadcrumbList\",\"@id\":\"https:\/\/www.diamond-consult.com\/consultant\/cegos-reference\/#breadcrumb\",\"itemListElement\":[{\"@type\":\"ListItem\",\"position\":1,\"name\":\"Accueil\",\"item\":\"https:\/\/www.diamond-consult.com\/consultant\/\"},{\"@type\":\"ListItem\",\"position\":2,\"name\":\"Cegos R\u00e9f\u00e9rence\"}]},{\"@type\":\"WebSite\",\"@id\":\"https:\/\/www.diamond-consult.com\/consultant\/#website\",\"url\":\"https:\/\/www.diamond-consult.com\/consultant\/\",\"name\":\"Diamond Consult\",\"description\":\"Cr\u00e9ativit\u00e9 collective et transformation digitale\",\"potentialAction\":[{\"@type\":\"SearchAction\",\"target\":{\"@type\":\"EntryPoint\",\"urlTemplate\":\"https:\/\/www.diamond-consult.com\/consultant\/?s={search_term_string}\"},\"query-input\":\"required name=search_term_string\"}],\"inLanguage\":\"fr-FR\"}]}<\/script>\n<!-- \/ Yoast SEO plugin. -->","yoast_head_json":{"title":"Cegos R\u00e9f\u00e9rence - Diamond Consult","description":"Strat\u00e9gie d\u2019am\u00e9lioration de la performance et pilotage de l\u2019excellence op\u00e9rationnelle, r\u00e9duction des co\u00fbts.","robots":{"index":"index","follow":"follow","max-snippet":"max-snippet:-1","max-image-preview":"max-image-preview:large","max-video-preview":"max-video-preview:-1"},"canonical":"https:\/\/www.diamond-consult.com\/consultant\/cegos-reference\/","og_locale":"fr_FR","og_type":"article","og_title":"Cegos R\u00e9f\u00e9rence - Diamond Consult","og_description":"Strat\u00e9gie d\u2019am\u00e9lioration de la performance et pilotage de l\u2019excellence op\u00e9rationnelle, r\u00e9duction des co\u00fbts.","og_url":"https:\/\/www.diamond-consult.com\/consultant\/cegos-reference\/","og_site_name":"Diamond Consult","article_modified_time":"2021-08-04T13:37:44+00:00","twitter_card":"summary_large_image","twitter_misc":{"Dur\u00e9e de lecture estim\u00e9e":"2 minutes"},"schema":{"@context":"https:\/\/schema.org","@graph":[{"@type":"WebPage","@id":"https:\/\/www.diamond-consult.com\/consultant\/cegos-reference\/","url":"https:\/\/www.diamond-consult.com\/consultant\/cegos-reference\/","name":"Cegos R\u00e9f\u00e9rence - Diamond Consult","isPartOf":{"@id":"https:\/\/www.diamond-consult.com\/consultant\/#website"},"datePublished":"2018-06-07T06:59:33+00:00","dateModified":"2021-08-04T13:37:44+00:00","description":"Strat\u00e9gie d\u2019am\u00e9lioration de la performance et pilotage de l\u2019excellence op\u00e9rationnelle, r\u00e9duction des co\u00fbts.","breadcrumb":{"@id":"https:\/\/www.diamond-consult.com\/consultant\/cegos-reference\/#breadcrumb"},"inLanguage":"fr-FR","potentialAction":[{"@type":"ReadAction","target":["https:\/\/www.diamond-consult.com\/consultant\/cegos-reference\/"]}]},{"@type":"BreadcrumbList","@id":"https:\/\/www.diamond-consult.com\/consultant\/cegos-reference\/#breadcrumb","itemListElement":[{"@type":"ListItem","position":1,"name":"Accueil","item":"https:\/\/www.diamond-consult.com\/consultant\/"},{"@type":"ListItem","position":2,"name":"Cegos R\u00e9f\u00e9rence"}]},{"@type":"WebSite","@id":"https:\/\/www.diamond-consult.com\/consultant\/#website","url":"https:\/\/www.diamond-consult.com\/consultant\/","name":"Diamond Consult","description":"Cr\u00e9ativit\u00e9 collective et transformation digitale","potentialAction":[{"@type":"SearchAction","target":{"@type":"EntryPoint","urlTemplate":"https:\/\/www.diamond-consult.com\/consultant\/?s={search_term_string}"},"query-input":"required name=search_term_string"}],"inLanguage":"fr-FR"}]}},"_links":{"self":[{"href":"https:\/\/www.diamond-consult.com\/consultant\/wp-json\/wp\/v2\/pages\/2915"}],"collection":[{"href":"https:\/\/www.diamond-consult.com\/consultant\/wp-json\/wp\/v2\/pages"}],"about":[{"href":"https:\/\/www.diamond-consult.com\/consultant\/wp-json\/wp\/v2\/types\/page"}],"author":[{"embeddable":true,"href":"https:\/\/www.diamond-consult.com\/consultant\/wp-json\/wp\/v2\/users\/1"}],"replies":[{"embeddable":true,"href":"https:\/\/www.diamond-consult.com\/consultant\/wp-json\/wp\/v2\/comments?post=2915"}],"version-history":[{"count":23,"href":"https:\/\/www.diamond-consult.com\/consultant\/wp-json\/wp\/v2\/pages\/2915\/revisions"}],"predecessor-version":[{"id":3882,"href":"https:\/\/www.diamond-consult.com\/consultant\/wp-json\/wp\/v2\/pages\/2915\/revisions\/3882"}],"wp:attachment":[{"href":"https:\/\/www.diamond-consult.com\/consultant\/wp-json\/wp\/v2\/media?parent=2915"}],"curies":[{"name":"wp","href":"https:\/\/api.w.org\/{rel}","templated":true}]}}