{"id":3130,"date":"2019-04-16T18:47:57","date_gmt":"2019-04-16T16:47:57","guid":{"rendered":"http:\/\/www.diamond-consult.com\/consultant\/?page_id=3130"},"modified":"2022-05-10T16:54:33","modified_gmt":"2022-05-10T14:54:33","slug":"bibliographie","status":"publish","type":"page","link":"https:\/\/www.diamond-consult.com\/consultant\/bibliographie\/","title":{"rendered":"Bibliographie"},"content":{"rendered":"<ul>\n<li><a href=\"https:\/\/www.pmi.org\/pmbok-guide-standards\/foundational\/pmbok\" target=\"_blank\" rel=\"noopener\">Pmbok\u00a0<\/a> : Guide de m\u00e9thodologie projets d\u00e9pos\u00e9 par le \u00ab\u00a0Project Management Institute\u00a0\u00bb PMI<\/li>\n<li><a href=\"https:\/\/www.xerficanal.com\/strategie-management\/emission\/Vincent-Desportes-Face-a-l-incertitude-mettre-la-creativite-au-coeur-de-la-strategie_3747065.html#.XKd9XDnOELU.linkedin\" target=\"_blank\" rel=\"noopener\">Entrer en Strat\u00e9gie<\/a> : G\u00e9n\u00e9ral Vincent Desportes<\/li>\n<li><a href=\"https:\/\/www.eyrolles.com\/Entreprise\/Livre\/reussir-vos-transformations-9782212564921\/\" target=\"_blank\" rel=\"noopener\">R\u00e9ussir vos transformations<\/a> : Arnaud Tonnel\u00e9<\/li>\n<li><a href=\"https:\/\/www.usine-digitale.fr\/article\/tribune-la-transformation-digitale-dans-l-industrie-il-faut-changer-la-culture-d-innovation.N915024\" target=\"_blank\" rel=\"noopener\">Les d\u00e9fis de la transformation digitale<\/a> dans l&rsquo;industrie : Dunod<\/li>\n<li><a href=\"https:\/\/www.colibris-lemouvement.org\/mouvement\/legende-colibri\" target=\"_blank\" rel=\"noopener\">La l\u00e9gende du colibri<\/a> : Pierre Rabhi<\/li>\n<li><a href=\"https:\/\/www.souffledor.fr\/economie\/2588-la-mixite-creative-9782364291362.html\" target=\"_blank\" rel=\"noopener\">Mixit\u00e9 cr\u00e9ative<\/a> : l&rsquo;innovation a t&rsquo;elle un sexe ? Anne Lang-Bringer et R\u00e9mi Saint-P\u00e9ron<\/li>\n<li><a href=\"https:\/\/www.reinventingorganizations.com\/\" target=\"_blank\" rel=\"noopener\">Reinventing organization<\/a> : Fr\u00e9d\u00e9ric Laloux<\/li>\n<li><a href=\"https:\/\/www.dunod.com\/entreprise-economie\/mega-boite-outils-du-manager-leader-100-outils-0\" target=\"_blank\" rel=\"noopener\">Manager Leader<\/a> : Dunod<\/li>\n<\/ul>\n","protected":false},"excerpt":{"rendered":"<p>Pmbok\u00a0 : Guide de m\u00e9thodologie projets d\u00e9pos\u00e9 par le \u00ab\u00a0Project Management Institute\u00a0\u00bb PMI Entrer en Strat\u00e9gie : G\u00e9n\u00e9ral Vincent Desportes R\u00e9ussir vos transformations : Arnaud Tonnel\u00e9 Les d\u00e9fis de la transformation digitale dans l&rsquo;industrie : Dunod La l\u00e9gende du colibri : Pierre Rabhi Mixit\u00e9 cr\u00e9ative : l&rsquo;innovation a t&rsquo;elle un sexe ? Anne Lang-Bringer et [&hellip;]<\/p>\n","protected":false},"author":2,"featured_media":3423,"parent":0,"menu_order":0,"comment_status":"closed","ping_status":"closed","template":"","meta":{"footnotes":""},"yoast_head":"<!-- This site is optimized with the Yoast SEO plugin v22.9 - https:\/\/yoast.com\/wordpress\/plugins\/seo\/ -->\n<title>Bibliographie - Diamond Consult<\/title>\n<meta name=\"robots\" content=\"index, follow, max-snippet:-1, max-image-preview:large, max-video-preview:-1\" \/>\n<link rel=\"canonical\" href=\"https:\/\/www.diamond-consult.com\/consultant\/bibliographie\/\" \/>\n<meta property=\"og:locale\" content=\"fr_FR\" \/>\n<meta property=\"og:type\" content=\"article\" \/>\n<meta property=\"og:title\" content=\"Bibliographie - Diamond Consult\" \/>\n<meta property=\"og:description\" content=\"Pmbok\u00a0 : Guide de m\u00e9thodologie projets d\u00e9pos\u00e9 par le \u00ab\u00a0Project Management Institute\u00a0\u00bb PMI Entrer en Strat\u00e9gie : G\u00e9n\u00e9ral Vincent Desportes R\u00e9ussir vos transformations : Arnaud Tonnel\u00e9 Les d\u00e9fis de la transformation digitale dans l&rsquo;industrie : Dunod La l\u00e9gende du colibri : Pierre Rabhi Mixit\u00e9 cr\u00e9ative : l&rsquo;innovation a t&rsquo;elle un sexe ? Anne Lang-Bringer et [&hellip;]\" \/>\n<meta property=\"og:url\" content=\"https:\/\/www.diamond-consult.com\/consultant\/bibliographie\/\" \/>\n<meta property=\"og:site_name\" content=\"Diamond Consult\" \/>\n<meta property=\"article:modified_time\" content=\"2022-05-10T14:54:33+00:00\" \/>\n<meta property=\"og:image\" content=\"https:\/\/www.diamond-consult.com\/consultant\/wp-content\/uploads\/2020\/03\/Livres-Biblioth\u00e8que-Lyon.jpg\" \/>\n\t<meta property=\"og:image:width\" content=\"1894\" \/>\n\t<meta property=\"og:image:height\" content=\"1933\" \/>\n\t<meta property=\"og:image:type\" content=\"image\/jpeg\" \/>\n<meta name=\"twitter:card\" content=\"summary_large_image\" \/>\n<meta name=\"twitter:label1\" content=\"Dur\u00e9e de lecture estim\u00e9e\" \/>\n\t<meta name=\"twitter:data1\" content=\"1 minute\" \/>\n<script type=\"application\/ld+json\" class=\"yoast-schema-graph\">{\"@context\":\"https:\/\/schema.org\",\"@graph\":[{\"@type\":\"WebPage\",\"@id\":\"https:\/\/www.diamond-consult.com\/consultant\/bibliographie\/\",\"url\":\"https:\/\/www.diamond-consult.com\/consultant\/bibliographie\/\",\"name\":\"Bibliographie - Diamond Consult\",\"isPartOf\":{\"@id\":\"https:\/\/www.diamond-consult.com\/consultant\/#website\"},\"primaryImageOfPage\":{\"@id\":\"https:\/\/www.diamond-consult.com\/consultant\/bibliographie\/#primaryimage\"},\"image\":{\"@id\":\"https:\/\/www.diamond-consult.com\/consultant\/bibliographie\/#primaryimage\"},\"thumbnailUrl\":\"https:\/\/www.diamond-consult.com\/consultant\/wp-content\/uploads\/2020\/03\/Livres-Biblioth\u00e8que-Lyon.jpg\",\"datePublished\":\"2019-04-16T16:47:57+00:00\",\"dateModified\":\"2022-05-10T14:54:33+00:00\",\"breadcrumb\":{\"@id\":\"https:\/\/www.diamond-consult.com\/consultant\/bibliographie\/#breadcrumb\"},\"inLanguage\":\"fr-FR\",\"potentialAction\":[{\"@type\":\"ReadAction\",\"target\":[\"https:\/\/www.diamond-consult.com\/consultant\/bibliographie\/\"]}]},{\"@type\":\"ImageObject\",\"inLanguage\":\"fr-FR\",\"@id\":\"https:\/\/www.diamond-consult.com\/consultant\/bibliographie\/#primaryimage\",\"url\":\"https:\/\/www.diamond-consult.com\/consultant\/wp-content\/uploads\/2020\/03\/Livres-Biblioth\u00e8que-Lyon.jpg\",\"contentUrl\":\"https:\/\/www.diamond-consult.com\/consultant\/wp-content\/uploads\/2020\/03\/Livres-Biblioth\u00e8que-Lyon.jpg\",\"width\":1894,\"height\":1933,\"caption\":\"Bibliographie\"},{\"@type\":\"BreadcrumbList\",\"@id\":\"https:\/\/www.diamond-consult.com\/consultant\/bibliographie\/#breadcrumb\",\"itemListElement\":[{\"@type\":\"ListItem\",\"position\":1,\"name\":\"Accueil\",\"item\":\"https:\/\/www.diamond-consult.com\/consultant\/\"},{\"@type\":\"ListItem\",\"position\":2,\"name\":\"Bibliographie\"}]},{\"@type\":\"WebSite\",\"@id\":\"https:\/\/www.diamond-consult.com\/consultant\/#website\",\"url\":\"https:\/\/www.diamond-consult.com\/consultant\/\",\"name\":\"Diamond Consult\",\"description\":\"Cr\u00e9ativit\u00e9 collective et transformation digitale\",\"potentialAction\":[{\"@type\":\"SearchAction\",\"target\":{\"@type\":\"EntryPoint\",\"urlTemplate\":\"https:\/\/www.diamond-consult.com\/consultant\/?s={search_term_string}\"},\"query-input\":\"required name=search_term_string\"}],\"inLanguage\":\"fr-FR\"}]}<\/script>\n<!-- \/ Yoast SEO plugin. -->","yoast_head_json":{"title":"Bibliographie - Diamond Consult","robots":{"index":"index","follow":"follow","max-snippet":"max-snippet:-1","max-image-preview":"max-image-preview:large","max-video-preview":"max-video-preview:-1"},"canonical":"https:\/\/www.diamond-consult.com\/consultant\/bibliographie\/","og_locale":"fr_FR","og_type":"article","og_title":"Bibliographie - Diamond Consult","og_description":"Pmbok\u00a0 : Guide de m\u00e9thodologie projets d\u00e9pos\u00e9 par le \u00ab\u00a0Project Management Institute\u00a0\u00bb PMI Entrer en Strat\u00e9gie : G\u00e9n\u00e9ral Vincent Desportes R\u00e9ussir vos transformations : Arnaud Tonnel\u00e9 Les d\u00e9fis de la transformation digitale dans l&rsquo;industrie : Dunod La l\u00e9gende du colibri : Pierre Rabhi Mixit\u00e9 cr\u00e9ative : l&rsquo;innovation a t&rsquo;elle un sexe ? Anne Lang-Bringer et [&hellip;]","og_url":"https:\/\/www.diamond-consult.com\/consultant\/bibliographie\/","og_site_name":"Diamond Consult","article_modified_time":"2022-05-10T14:54:33+00:00","og_image":[{"width":1894,"height":1933,"url":"https:\/\/www.diamond-consult.com\/consultant\/wp-content\/uploads\/2020\/03\/Livres-Biblioth\u00e8que-Lyon.jpg","type":"image\/jpeg"}],"twitter_card":"summary_large_image","twitter_misc":{"Dur\u00e9e de lecture estim\u00e9e":"1 minute"},"schema":{"@context":"https:\/\/schema.org","@graph":[{"@type":"WebPage","@id":"https:\/\/www.diamond-consult.com\/consultant\/bibliographie\/","url":"https:\/\/www.diamond-consult.com\/consultant\/bibliographie\/","name":"Bibliographie - Diamond Consult","isPartOf":{"@id":"https:\/\/www.diamond-consult.com\/consultant\/#website"},"primaryImageOfPage":{"@id":"https:\/\/www.diamond-consult.com\/consultant\/bibliographie\/#primaryimage"},"image":{"@id":"https:\/\/www.diamond-consult.com\/consultant\/bibliographie\/#primaryimage"},"thumbnailUrl":"https:\/\/www.diamond-consult.com\/consultant\/wp-content\/uploads\/2020\/03\/Livres-Biblioth\u00e8que-Lyon.jpg","datePublished":"2019-04-16T16:47:57+00:00","dateModified":"2022-05-10T14:54:33+00:00","breadcrumb":{"@id":"https:\/\/www.diamond-consult.com\/consultant\/bibliographie\/#breadcrumb"},"inLanguage":"fr-FR","potentialAction":[{"@type":"ReadAction","target":["https:\/\/www.diamond-consult.com\/consultant\/bibliographie\/"]}]},{"@type":"ImageObject","inLanguage":"fr-FR","@id":"https:\/\/www.diamond-consult.com\/consultant\/bibliographie\/#primaryimage","url":"https:\/\/www.diamond-consult.com\/consultant\/wp-content\/uploads\/2020\/03\/Livres-Biblioth\u00e8que-Lyon.jpg","contentUrl":"https:\/\/www.diamond-consult.com\/consultant\/wp-content\/uploads\/2020\/03\/Livres-Biblioth\u00e8que-Lyon.jpg","width":1894,"height":1933,"caption":"Bibliographie"},{"@type":"BreadcrumbList","@id":"https:\/\/www.diamond-consult.com\/consultant\/bibliographie\/#breadcrumb","itemListElement":[{"@type":"ListItem","position":1,"name":"Accueil","item":"https:\/\/www.diamond-consult.com\/consultant\/"},{"@type":"ListItem","position":2,"name":"Bibliographie"}]},{"@type":"WebSite","@id":"https:\/\/www.diamond-consult.com\/consultant\/#website","url":"https:\/\/www.diamond-consult.com\/consultant\/","name":"Diamond Consult","description":"Cr\u00e9ativit\u00e9 collective et transformation digitale","potentialAction":[{"@type":"SearchAction","target":{"@type":"EntryPoint","urlTemplate":"https:\/\/www.diamond-consult.com\/consultant\/?s={search_term_string}"},"query-input":"required name=search_term_string"}],"inLanguage":"fr-FR"}]}},"_links":{"self":[{"href":"https:\/\/www.diamond-consult.com\/consultant\/wp-json\/wp\/v2\/pages\/3130"}],"collection":[{"href":"https:\/\/www.diamond-consult.com\/consultant\/wp-json\/wp\/v2\/pages"}],"about":[{"href":"https:\/\/www.diamond-consult.com\/consultant\/wp-json\/wp\/v2\/types\/page"}],"author":[{"embeddable":true,"href":"https:\/\/www.diamond-consult.com\/consultant\/wp-json\/wp\/v2\/users\/2"}],"replies":[{"embeddable":true,"href":"https:\/\/www.diamond-consult.com\/consultant\/wp-json\/wp\/v2\/comments?post=3130"}],"version-history":[{"count":18,"href":"https:\/\/www.diamond-consult.com\/consultant\/wp-json\/wp\/v2\/pages\/3130\/revisions"}],"predecessor-version":[{"id":4078,"href":"https:\/\/www.diamond-consult.com\/consultant\/wp-json\/wp\/v2\/pages\/3130\/revisions\/4078"}],"wp:featuredmedia":[{"embeddable":true,"href":"https:\/\/www.diamond-consult.com\/consultant\/wp-json\/wp\/v2\/media\/3423"}],"wp:attachment":[{"href":"https:\/\/www.diamond-consult.com\/consultant\/wp-json\/wp\/v2\/media?parent=3130"}],"curies":[{"name":"wp","href":"https:\/\/api.w.org\/{rel}","templated":true}]}}