{"id":315,"date":"2017-06-12T15:03:06","date_gmt":"2017-06-12T15:03:06","guid":{"rendered":"http:\/\/themeforest.unitedthemes.com\/wpversions\/brooklyn\/xml\/demo3\/?page_id=315"},"modified":"2022-02-04T22:16:20","modified_gmt":"2022-02-04T21:16:20","slug":"contact","status":"publish","type":"page","link":"https:\/\/www.diamond-consult.com\/consultant\/contact\/","title":{"rendered":"Contact"},"content":{"rendered":"<p>[vc_section css=\u00a0\u00bb.vc_custom_1498244312933{padding-bottom: 160px !important;}\u00a0\u00bb][vc_row delay=\u00a0\u00bbtrue\u00a0\u00bb effect=\u00a0\u00bbfadeIn\u00a0\u00bb delay_timer=\u00a0\u00bb50&Prime;][vc_column width=\u00a0\u00bb1\/2&Prime;]<div class=\"wpb_content_element \"><style type=\"text\/css\" scoped><\/style><header id=\"ut_header_69dedbe8b6ef0\" class=\"section-header ut-no-title-linebreak-mobile ut-no-lead-linebreak-mobile pt-style-7 header-left element-with-custom-line-height\"><h2  class=\"section-title \"><span>Nous <b>\u00e9crire<\/b><\/span><\/h2><div data-delay=\"0\" class=\"lead \"><p>Nous vous invitons \u00e0 prendre contact avec nous pour \u00e9changer sur vos probl\u00e9matiques et trouver ensemble des solutions.<\/p>\n<\/div><\/header><\/div><div class=\"wpb_content_element \"><style class=\"bklyn-inline-styles\" type=\"text\/css\" scoped>#ut_fl_69dedbe8b708b.bklyn-fancy-list { text-align: left; }#ut_fl_69dedbe8b708b li { color: #393c3e; }#ut_fl_69dedbe8b708b li span { color: #393c3e; }#ut_fl_69dedbe8b708b a { color: #393c3e; }#ut_fl_69dedbe8b708b a:visited { color: #393c3e; }#ut_fl_69dedbe8b708b a:hover { color: #0267c1; }#ut_fl_69dedbe8b708b a:focus { color: #0267c1; }#ut_fl_69dedbe8b708b a:active { color: #0267c1; }#ut_fl_69dedbe8b708b ul { list-style-type: none; }<\/style><div id=\"ut_fl_69dedbe8b708b\" class=\"bklyn-fancy-list\"><ul class=\"bklyn-list bklyn-list-style-none\"><li><span>14 rue Philom\u00e8ne Magnin - B\u00e2timent B  - 69003 Lyon<\/span><\/li><li><span><a title=\"\" href=\"mailto:kbontemps@diamond-consult.com\" target=\"_self\" >kbontemps@diamond-consult.com<\/a><\/span><\/li><li><span>+33 6 13 54 19 79<\/span><\/li><\/ul><\/div><\/div>[vc_custom_heading text=\u00a0\u00bbNos r\u00e9seaux\u00a0\u00bb font_container=\u00a0\u00bbtag:h3|text_align:left\u00a0\u00bb use_theme_fonts=\u00a0\u00bbyes\u00a0\u00bb]<div class=\"wpb_content_element \">            \r\n            <script type=\"text\/javascript\">\r\n                \r\n                (function($){\r\n                    \r\n                    $(document).ready(function(){\r\n                                                \r\n                        function get_animated_objects( $all_appeared_elements, effect ) {\r\n                            \r\n                            var counter = 0;\r\n                            \r\n                            $all_appeared_elements.each(function(){\r\n                                        \r\n                                if( $(this).hasClass(effect) ) {\r\n\r\n                                    counter++;\r\n\r\n                                }\r\n\r\n                            });\r\n                            \r\n                            return counter;\r\n                            \r\n                        }\r\n                        \r\n                          \r\n                    });\r\n                        \r\n                })(jQuery);\r\n            \r\n            <\/script>\r\n            \r\n            <style class=\"bklyn-inline-styles\" type=\"text\/css\" scoped>#ut_sf_69dedbe8b7297 li a i { color: #393c3e; }#ut_sf_69dedbe8b7297 li a:hover i { color: #bc6f86; }#ut_sf_69dedbe8b7297 li a:focus i { color: #bc6f86; }#ut_sf_69dedbe8b7297 { font-size: 20px; }<\/style><ul id=\"ut_sf_69dedbe8b7297\" class=\"ut-social-follow-module  ut-social-follow-module-left ut-social-follow-module-40 Pixel\"><li  class=\"ut-social-follow-0 ut-social-follow-icon-only \"><a title=\"\" href=\"https:\/\/www.linkedin.com\/in\/karine-bontemps-a894631b\/detail\/recent-activity\/\" target=\" _blank\" ><i class=\"fa fa-linkedin-square\"><\/i><\/a><\/li><li  class=\"ut-social-follow-1 ut-social-follow-icon-only \"><a title=\"\" href=\"https:\/\/twitter.com\/Bontempskvt\" target=\" _blank\" ><i class=\"fa fa-twitter\"><\/i><\/a><\/li><\/ul><\/div>[\/vc_column][vc_column width=\u00a0\u00bb1\/2&Prime;]\n<div class=\"wpcf7 no-js\" id=\"wpcf7-f6-o1\" lang=\"fr-FR\" dir=\"ltr\">\n<div class=\"screen-reader-response\"><p role=\"status\" aria-live=\"polite\" aria-atomic=\"true\"><\/p> <ul><\/ul><\/div>\n<form action=\"\/consultant\/wp-json\/wp\/v2\/pages\/315#wpcf7-f6-o1\" method=\"post\" class=\"wpcf7-form init\" aria-label=\"Formulaire de contact\" novalidate=\"novalidate\" data-status=\"init\">\n<div style=\"display: none;\">\n<input type=\"hidden\" name=\"_wpcf7\" value=\"6\" \/>\n<input type=\"hidden\" name=\"_wpcf7_version\" value=\"5.7.7\" \/>\n<input type=\"hidden\" name=\"_wpcf7_locale\" value=\"fr_FR\" \/>\n<input type=\"hidden\" name=\"_wpcf7_unit_tag\" value=\"wpcf7-f6-o1\" \/>\n<input type=\"hidden\" name=\"_wpcf7_container_post\" value=\"0\" \/>\n<input type=\"hidden\" name=\"_wpcf7_posted_data_hash\" value=\"\" \/>\n<input type=\"hidden\" name=\"_wpcf7_recaptcha_response\" value=\"\" \/>\n<\/div>\n<p><label> Votre nom (obligatoire)<br \/>\n<span class=\"wpcf7-form-control-wrap\" data-name=\"your-name\"><input size=\"40\" class=\"wpcf7-form-control wpcf7-text wpcf7-validates-as-required\" aria-required=\"true\" aria-invalid=\"false\" value=\"\" type=\"text\" name=\"your-name\" \/><\/span> <\/label>\n<\/p>\n<p><label> Votre e-mail (obligatoire)<br \/>\n<span class=\"wpcf7-form-control-wrap\" data-name=\"your-email\"><input size=\"40\" class=\"wpcf7-form-control wpcf7-text wpcf7-email wpcf7-validates-as-required wpcf7-validates-as-email\" aria-required=\"true\" aria-invalid=\"false\" value=\"\" type=\"email\" name=\"your-email\" \/><\/span> <\/label>\n<\/p>\n<p><label> Sujet<br \/>\n<span class=\"wpcf7-form-control-wrap\" data-name=\"your-subject\"><input size=\"40\" class=\"wpcf7-form-control wpcf7-text\" aria-invalid=\"false\" value=\"\" type=\"text\" name=\"your-subject\" \/><\/span> <\/label>\n<\/p>\n<p><label> Votre message (obligatoire)<br \/>\n<span class=\"wpcf7-form-control-wrap\" data-name=\"your-message\"><textarea cols=\"40\" rows=\"10\" class=\"wpcf7-form-control wpcf7-textarea wpcf7-validates-as-required\" aria-required=\"true\" aria-invalid=\"false\" name=\"your-message\"><\/textarea><\/span> <\/label>\n<\/p>\n<p>Les informations recueillies \u00e0 partir de ce formulaire sont transmises \u00e0 la direction de Diamond-Consult pour r\u00e9pondre \u00e0 vos sollicitations. Elles ne sont pas stock\u00e9es.\n<\/p>\n<p><input class=\"wpcf7-form-control has-spinner wpcf7-submit\" type=\"submit\" value=\"Envoyer\" \/>\n<\/p><div class=\"wpcf7-response-output\" aria-hidden=\"true\"><\/div>\n<\/form>\n<\/div>\n[\/vc_column][\/vc_row][\/vc_section]<\/p>\n","protected":false},"excerpt":{"rendered":"<p>[vc_section css=\u00a0\u00bb.vc_custom_1498244312933{padding-bottom: 160px !important;}\u00a0\u00bb][vc_row delay=\u00a0\u00bbtrue\u00a0\u00bb effect=\u00a0\u00bbfadeIn\u00a0\u00bb delay_timer=\u00a0\u00bb50&Prime;][vc_column width=\u00a0\u00bb1\/2&Prime;][vc_custom_heading text=\u00a0\u00bbNos r\u00e9seaux\u00a0\u00bb font_container=\u00a0\u00bbtag:h3|text_align:left\u00a0\u00bb use_theme_fonts=\u00a0\u00bbyes\u00a0\u00bb][\/vc_column][vc_column width=\u00a0\u00bb1\/2&Prime;][\/vc_column][\/vc_row][\/vc_section]<\/p>\n","protected":false},"author":1,"featured_media":0,"parent":0,"menu_order":0,"comment_status":"closed","ping_status":"closed","template":"","meta":{"footnotes":""},"yoast_head":"<!-- This site is optimized with the Yoast SEO plugin v22.9 - https:\/\/yoast.com\/wordpress\/plugins\/seo\/ -->\n<title>Contact - Diamond Consult<\/title>\n<meta name=\"description\" content=\"DSI projets, m\u00e9thodes, outils, actrice de l\u2019Innovation, partenaire de votre transformation avec Diamond Consult.\" \/>\n<meta name=\"robots\" content=\"index, follow, max-snippet:-1, max-image-preview:large, max-video-preview:-1\" \/>\n<link rel=\"canonical\" href=\"https:\/\/www.diamond-consult.com\/consultant\/contact\/\" \/>\n<meta property=\"og:locale\" content=\"fr_FR\" \/>\n<meta property=\"og:type\" content=\"article\" \/>\n<meta property=\"og:title\" content=\"Contact - Diamond Consult\" \/>\n<meta property=\"og:description\" content=\"DSI projets, m\u00e9thodes, outils, actrice de l\u2019Innovation, partenaire de votre transformation avec Diamond Consult.\" \/>\n<meta property=\"og:url\" content=\"https:\/\/www.diamond-consult.com\/consultant\/contact\/\" \/>\n<meta property=\"og:site_name\" content=\"Diamond Consult\" \/>\n<meta property=\"article:modified_time\" content=\"2022-02-04T21:16:20+00:00\" \/>\n<meta name=\"twitter:card\" content=\"summary_large_image\" \/>\n<meta name=\"twitter:label1\" content=\"Dur\u00e9e de lecture estim\u00e9e\" \/>\n\t<meta name=\"twitter:data1\" content=\"1 minute\" \/>\n<script type=\"application\/ld+json\" class=\"yoast-schema-graph\">{\"@context\":\"https:\/\/schema.org\",\"@graph\":[{\"@type\":\"WebPage\",\"@id\":\"https:\/\/www.diamond-consult.com\/consultant\/contact\/\",\"url\":\"https:\/\/www.diamond-consult.com\/consultant\/contact\/\",\"name\":\"Contact - Diamond Consult\",\"isPartOf\":{\"@id\":\"https:\/\/www.diamond-consult.com\/consultant\/#website\"},\"datePublished\":\"2017-06-12T15:03:06+00:00\",\"dateModified\":\"2022-02-04T21:16:20+00:00\",\"description\":\"DSI projets, m\u00e9thodes, outils, actrice de l\u2019Innovation, partenaire de votre transformation avec Diamond Consult.\",\"breadcrumb\":{\"@id\":\"https:\/\/www.diamond-consult.com\/consultant\/contact\/#breadcrumb\"},\"inLanguage\":\"fr-FR\",\"potentialAction\":[{\"@type\":\"ReadAction\",\"target\":[\"https:\/\/www.diamond-consult.com\/consultant\/contact\/\"]}]},{\"@type\":\"BreadcrumbList\",\"@id\":\"https:\/\/www.diamond-consult.com\/consultant\/contact\/#breadcrumb\",\"itemListElement\":[{\"@type\":\"ListItem\",\"position\":1,\"name\":\"Accueil\",\"item\":\"https:\/\/www.diamond-consult.com\/consultant\/\"},{\"@type\":\"ListItem\",\"position\":2,\"name\":\"Contact\"}]},{\"@type\":\"WebSite\",\"@id\":\"https:\/\/www.diamond-consult.com\/consultant\/#website\",\"url\":\"https:\/\/www.diamond-consult.com\/consultant\/\",\"name\":\"Diamond Consult\",\"description\":\"Cr\u00e9ativit\u00e9 collective et transformation digitale\",\"potentialAction\":[{\"@type\":\"SearchAction\",\"target\":{\"@type\":\"EntryPoint\",\"urlTemplate\":\"https:\/\/www.diamond-consult.com\/consultant\/?s={search_term_string}\"},\"query-input\":\"required name=search_term_string\"}],\"inLanguage\":\"fr-FR\"}]}<\/script>\n<!-- \/ Yoast SEO plugin. -->","yoast_head_json":{"title":"Contact - Diamond Consult","description":"DSI projets, m\u00e9thodes, outils, actrice de l\u2019Innovation, partenaire de votre transformation avec Diamond Consult.","robots":{"index":"index","follow":"follow","max-snippet":"max-snippet:-1","max-image-preview":"max-image-preview:large","max-video-preview":"max-video-preview:-1"},"canonical":"https:\/\/www.diamond-consult.com\/consultant\/contact\/","og_locale":"fr_FR","og_type":"article","og_title":"Contact - Diamond Consult","og_description":"DSI projets, m\u00e9thodes, outils, actrice de l\u2019Innovation, partenaire de votre transformation avec Diamond Consult.","og_url":"https:\/\/www.diamond-consult.com\/consultant\/contact\/","og_site_name":"Diamond Consult","article_modified_time":"2022-02-04T21:16:20+00:00","twitter_card":"summary_large_image","twitter_misc":{"Dur\u00e9e de lecture estim\u00e9e":"1 minute"},"schema":{"@context":"https:\/\/schema.org","@graph":[{"@type":"WebPage","@id":"https:\/\/www.diamond-consult.com\/consultant\/contact\/","url":"https:\/\/www.diamond-consult.com\/consultant\/contact\/","name":"Contact - Diamond Consult","isPartOf":{"@id":"https:\/\/www.diamond-consult.com\/consultant\/#website"},"datePublished":"2017-06-12T15:03:06+00:00","dateModified":"2022-02-04T21:16:20+00:00","description":"DSI projets, m\u00e9thodes, outils, actrice de l\u2019Innovation, partenaire de votre transformation avec Diamond Consult.","breadcrumb":{"@id":"https:\/\/www.diamond-consult.com\/consultant\/contact\/#breadcrumb"},"inLanguage":"fr-FR","potentialAction":[{"@type":"ReadAction","target":["https:\/\/www.diamond-consult.com\/consultant\/contact\/"]}]},{"@type":"BreadcrumbList","@id":"https:\/\/www.diamond-consult.com\/consultant\/contact\/#breadcrumb","itemListElement":[{"@type":"ListItem","position":1,"name":"Accueil","item":"https:\/\/www.diamond-consult.com\/consultant\/"},{"@type":"ListItem","position":2,"name":"Contact"}]},{"@type":"WebSite","@id":"https:\/\/www.diamond-consult.com\/consultant\/#website","url":"https:\/\/www.diamond-consult.com\/consultant\/","name":"Diamond Consult","description":"Cr\u00e9ativit\u00e9 collective et transformation digitale","potentialAction":[{"@type":"SearchAction","target":{"@type":"EntryPoint","urlTemplate":"https:\/\/www.diamond-consult.com\/consultant\/?s={search_term_string}"},"query-input":"required name=search_term_string"}],"inLanguage":"fr-FR"}]}},"_links":{"self":[{"href":"https:\/\/www.diamond-consult.com\/consultant\/wp-json\/wp\/v2\/pages\/315"}],"collection":[{"href":"https:\/\/www.diamond-consult.com\/consultant\/wp-json\/wp\/v2\/pages"}],"about":[{"href":"https:\/\/www.diamond-consult.com\/consultant\/wp-json\/wp\/v2\/types\/page"}],"author":[{"embeddable":true,"href":"https:\/\/www.diamond-consult.com\/consultant\/wp-json\/wp\/v2\/users\/1"}],"replies":[{"embeddable":true,"href":"https:\/\/www.diamond-consult.com\/consultant\/wp-json\/wp\/v2\/comments?post=315"}],"version-history":[{"count":11,"href":"https:\/\/www.diamond-consult.com\/consultant\/wp-json\/wp\/v2\/pages\/315\/revisions"}],"predecessor-version":[{"id":4012,"href":"https:\/\/www.diamond-consult.com\/consultant\/wp-json\/wp\/v2\/pages\/315\/revisions\/4012"}],"wp:attachment":[{"href":"https:\/\/www.diamond-consult.com\/consultant\/wp-json\/wp\/v2\/media?parent=315"}],"curies":[{"name":"wp","href":"https:\/\/api.w.org\/{rel}","templated":true}]}}