{"id":3477,"date":"2020-04-27T13:57:43","date_gmt":"2020-04-27T11:57:43","guid":{"rendered":"https:\/\/www.diamond-consult.com\/consultant\/formation-copy\/"},"modified":"2022-03-15T19:39:09","modified_gmt":"2022-03-15T18:39:09","slug":"formation-copy","status":"publish","type":"page","link":"https:\/\/www.diamond-consult.com\/consultant\/formation-copy\/","title":{"rendered":"Animation S\u00e9minaires"},"content":{"rendered":"<p>[vc_section css=\u00a0\u00bb.vc_custom_1497455841382{border-bottom-width: 1px !important;background-color: #f7f8fa !important;border-bottom-color: #dddddd !important;border-bottom-style: solid !important;}\u00a0\u00bb][vc_row][vc_column]<div class=\"wpb_content_element \"><style type=\"text\/css\" scoped><\/style><header id=\"ut_header_69e0dab3ba984\" class=\"section-header ut-no-title-linebreak-mobile ut-no-lead-linebreak-mobile pt-style-7 header-center element-with-custom-line-height\"><h2  class=\"section-title \"><span><b>S\u00e9minaires<\/b><\/span><\/h2><div data-delay=\"0\" class=\"lead \"><p>Construction et animation d&rsquo;ateliers, de s\u00e9minaires.<\/p>\n<\/div><\/header><\/div>[\/vc_column][\/vc_row][vc_row][vc_column width=\u00a0\u00bb1\/2&Prime;][vc_column_text el_class=\u00a0\u00bbjustifier\u00a0\u00bb]Nous concevons et nous animons des s\u00e9minaires, des ateliers innovants, des tables rondes pour vous accompagner dans vos <strong>projets innovants.<\/strong><\/p>\n<p>Vous voulez cr\u00e9er des s\u00e9minaires performants.<\/p>\n<p>Vous voulez r\u00e9ussir votre virage<strong> num\u00e9rique, <\/strong>embarquons vos collaborateurs dans des exp\u00e9riences cr\u00e9atives.<\/p>\n<p>&nbsp;<\/p>\n<h1><b>S\u00e9minaires : <\/b><\/h1>\n<h2>S\u00e9minaire de cr\u00e9ativit\u00e9 \u00e0 l&rsquo;\u00e9cole des Mines d&rsquo;Al\u00e8s<\/h2>\n<p>Depuis plusieurs ann\u00e9es, animation\u00a0 d&rsquo;un s\u00e9minaire cr\u00e9ativit\u00e9 pour les futurs ing\u00e9nieurs.<\/p>\n<p>Par exemple, en 2018, pour r\u00e9pondre \u00e0 la probl\u00e9matique :<\/p>\n<p>\u00ab\u00a0Comment faire pour redorer l&rsquo;image de l&rsquo;industrie du futur ? \u00a0\u00bb\u00a0\u00a0<a href=\"https:\/\/www.diamond-consult.com\/consultant\/wp-content\/uploads\/2018\/06\/padlet-Mines-2018.pdf\">padlet-Mines 2018<\/a><\/p>\n<p>Nous sommes \u00e0 l&rsquo;aff\u00fb<strong>t d&rsquo;innovations p\u00e9dagogiques<\/strong>, nous exp\u00e9rimentons r\u00e9guli\u00e8rement de nouveaux outils qui me permettent d&rsquo;\u00eatre autonomes dans la production de ressources digitales, et de transformer en profondeur l&rsquo;exp\u00e9rience de mes apprenants.<\/p>\n<p>Notre large <strong>palette d&rsquo;outils et m\u00e9thodes<\/strong>\u00a0permet de combiner diff\u00e9rentes approches et diff\u00e9rentes techniques p\u00e9dagogiques pour optimiser la mont\u00e9e en comp\u00e9tences.<\/p>\n<p>Nous aimons improviser et utiliser l&rsquo;<strong>art et la cr\u00e9ativit\u00e9<\/strong> y compris sur des th\u00e8mes techniques pour ouvrir le champ des possibles.<\/p>\n<p>Nous construisons <strong>\u00e0 la carte<\/strong>, vos <strong>animations sur mesure<\/strong>, en fonction de vos besoins et de vos objectifs pour des exp\u00e9riences personnalis\u00e9es r\u00e9pondant \u00e0 vos objectifs.<\/p>\n<p>Par exemple, dans les brise-glace (ice-breaker) ou au travers de la facilitation graphique, ou sur une m\u00e9thode originale bas\u00e9e sur les fondamentaux du <strong>CPS<\/strong> (Creative Problem Solving).<\/p>\n<p>Nous pouvons animer des sessions en fran\u00e7ais et en <strong>anglais<\/strong> (certificat Advanced English Cambridge) en introduisant nos exp\u00e9riences interculturelles.<\/p>\n<p>[\/vc_column_text][\/vc_column][vc_column width=\u00a0\u00bb1\/2&Prime;]<div  class=\"wpb_content_element   clearfix\"><style type=\"text\/css\" scoped>#ut_am_69e0dab3bb1bb { opacity: 1; }<\/style><div id=\"ut_am_wrap_69e0dab3bb1bc\" class=\"ut-image-gallery-image \" style=\"text-align:left;\"><div class=\"ut-animated-image-item ut-image-gallery-item ut-animation-done\"><a class=\"ut-deactivated-link\" href=\"#\"><img loading=\"lazy\" decoding=\"async\"  id=\"ut_am_69e0dab3bb1bb\" style=\"\" src=\"https:\/\/www.diamond-consult.com\/consultant\/wp-content\/uploads\/2022\/02\/Karine-Bontemps-Diamond-consult-Seminaire-Alliance-pour-la-Mixite-en-entreprise.jpg\" width=\"800\" height=\"533\" alt=\"Festival Lumi\u00e8re Lyon Karine Bontemps\"\/><\/a><\/div><\/div><\/div>[\/vc_column][\/vc_row][\/vc_section][vc_row][vc_column][vc_column_text]<div data-post-id=\"2563\" class=\"insert-page insert-page-2563 \"><style type=\"text\/css\" data-type=\"vc_shortcodes-custom-css\">.vc_custom_1505219378801{border-bottom-width: 1px !important;background-color: #f7f8fa !important;border-bottom-color: #dddddd !important;border-bottom-style: solid !important;}<\/style><p>[vc_row][vc_column][vc_column_text][\/vc_column_text][\/vc_column][\/vc_row][vc_section css=\u00a0\u00bb.vc_custom_1505219378801{border-bottom-width: 1px !important;background-color: #f7f8fa !important;border-bottom-color: #dddddd !important;border-bottom-style: solid !important;}\u00a0\u00bb el_id=\u00a0\u00bboffres\u00a0\u00bb][vc_row effect=\u00a0\u00bbnone\u00a0\u00bb][vc_column width=\u00a0\u00bb1\/4&Prime; offset=\u00a0\u00bbvc_col-lg-3 vc_col-md-6 vc_col-sm-6 vc_col-xs-12&Prime;]<div class=\"wpb_content_element \"><style type=\"text\/css\" scoped>#ut_sc_69e0dab3bd3e2 .ut-service-column a.ut-service-column-link { font-size: 12px; }#ut-svg-69e0dab3bd3e3 { display:none; }#ut-svg-69e0dab3bd3e3.ut-svg-loaded { display:block; }#ut-svg-69e0dab3bd3e3 path { stroke:#9b335d; }<\/style><div id=\"ut_sc_69e0dab3bd3e2\" data-effect=\"fadeInUp\" data-animateonce=\"yes\" data-delay=\"50\" class=\"ut-horizontal-style-align-left  clearfix  ut-animate-element animated ut-no-animation-tablet ut-no-animation-mobile\" ><figure class=\"ut-service-icon ut-custom-icon  ut-service-icon-normal ut-service-icon-large\"><img alt=\"<strong>Strat\u00e9gie<\/strong>, Assistance \u00e0 la <b>maitrise<\/b> d'ouvrage\" src=\"https:\/\/www.diamond-consult.com\/consultant\/wp-content\/uploads\/2021\/08\/engrenages.svg\"><\/figure><div class=\"ut-service-column ut-service-column-horiz\"><h3><strong>Strat\u00e9gie<\/strong>, Assistance \u00e0 la <b>maitrise<\/b> d'ouvrage<\/h3><p>AMOA.<\/p><a class=\"ut-service-column-link ut-service-column-link-icon-before\" title=\"En savoir plus\" href=\"http:\/\/www.diamond-consult.com\/consultant\/assistance-a-maitrise-douvrage\/\" target=\"_self\" ><i class=\"BklynIcons-First-ad\"><\/i>En savoir plus<\/a><\/div><\/div><\/div>[\/vc_column][vc_column width=\u00a0\u00bb1\/4&Prime; offset=\u00a0\u00bbvc_col-lg-3 vc_col-md-6 vc_col-sm-6 vc_col-xs-12&Prime;]<div class=\"wpb_content_element \"><style type=\"text\/css\" scoped>#ut_sc_69e0dab3bd7fe .ut-service-column a.ut-service-column-link { font-size: 12px; }#ut-svg-69e0dab3bd800 { display:none; }#ut-svg-69e0dab3bd800.ut-svg-loaded { display:block; }#ut-svg-69e0dab3bd800 path { stroke:#9b335d; }<\/style><div id=\"ut_sc_69e0dab3bd7fe\" data-effect=\"fadeInUp\" data-animateonce=\"yes\" data-delay=\"50\" class=\"ut-horizontal-style-align-left  clearfix  ut-animate-element animated ut-no-animation-tablet ut-no-animation-mobile\" ><figure class=\"ut-service-icon ut-custom-icon  ut-service-icon-normal ut-service-icon-large\"><img alt=\"<b>Pilotage<\/b> de projets\" src=\"https:\/\/www.diamond-consult.com\/consultant\/wp-content\/uploads\/2021\/08\/outil-digital.svg\"><\/figure><div class=\"ut-service-column ut-service-column-horiz\"><h3><b>Pilotage<\/b> de projets<\/h3><p>Direction de programmes<\/p><a class=\"ut-service-column-link ut-service-column-link-icon-before\" title=\"En savoir plus\" href=\"http:\/\/www.diamond-consult.com\/consultant\/pilotage-de-projets\/\" target=\"_self\" ><i class=\"BklynIcons-First-ad\"><\/i>En savoir plus<\/a><\/div><\/div><\/div>[\/vc_column][vc_column width=\u00a0\u00bb1\/4&Prime; offset=\u00a0\u00bbvc_col-lg-3 vc_col-md-6 vc_col-sm-6 vc_col-xs-12&Prime;]<div class=\"wpb_content_element \"><style type=\"text\/css\" scoped>#ut_sc_69e0dab3bdac8 .ut-service-column a.ut-service-column-link { font-size: 12px; }#ut-svg-69e0dab3bdaca { display:none; }#ut-svg-69e0dab3bdaca.ut-svg-loaded { display:block; }#ut-svg-69e0dab3bdaca path { stroke:#9b335d; }<\/style><div id=\"ut_sc_69e0dab3bdac8\" data-effect=\"fadeInUp\" data-animateonce=\"yes\" data-delay=\"50\" class=\"ut-horizontal-style-align-left  clearfix  ut-animate-element animated ut-no-animation-tablet ut-no-animation-mobile\" ><figure class=\"ut-service-icon ut-custom-icon  ut-service-icon-normal ut-service-icon-large\"><img alt=\"<b>Management<\/b>, Intelligence collective\" src=\"https:\/\/www.diamond-consult.com\/consultant\/wp-content\/uploads\/2021\/08\/outil-de-gestion.svg\"><\/figure><div class=\"ut-service-column ut-service-column-horiz\"><h3><b>Management<\/b>, Intelligence collective<\/h3><p>Management de vos \u00e9quipes et management de l&rsquo;innovation.<\/p><a class=\"ut-service-column-link ut-service-column-link-icon-before\" title=\"En savoir plus\" href=\"http:\/\/www.diamond-consult.com\/consultant\/management\/\" target=\"_self\" ><i class=\"BklynIcons-First-ad\"><\/i>En savoir plus<\/a><\/div><\/div><\/div>[\/vc_column][vc_column width=\u00a0\u00bb1\/4&Prime; offset=\u00a0\u00bbvc_col-lg-3 vc_col-md-6 vc_col-sm-6 vc_col-xs-12&Prime;]<div class=\"wpb_content_element \"><style type=\"text\/css\" scoped>#ut_sc_69e0dab3bdd9b .ut-service-column a.ut-service-column-link { font-size: 12px; }#ut-svg-69e0dab3bdd9c { display:none; }#ut-svg-69e0dab3bdd9c.ut-svg-loaded { display:block; }#ut-svg-69e0dab3bdd9c path { stroke:#9b335d; }<\/style><div id=\"ut_sc_69e0dab3bdd9b\" data-effect=\"fadeInUp\" data-animateonce=\"yes\" data-delay=\"50\" class=\"ut-horizontal-style-align-left  clearfix  ut-animate-element animated ut-no-animation-tablet ut-no-animation-mobile\" ><figure class=\"ut-service-icon ut-custom-icon  ut-service-icon-normal ut-service-icon-large\"><img alt=\"<strong>Formation<\/strong>\" src=\"https:\/\/www.diamond-consult.com\/consultant\/wp-content\/uploads\/2021\/08\/inclusion.svg\"><\/figure><div class=\"ut-service-column ut-service-column-horiz\"><h3><strong>Formation<\/strong><\/h3><p>Formation Intra et Inter-entreprises, formation Jeunes.<\/p><a class=\"ut-service-column-link ut-service-column-link-icon-before\" title=\"En savoir plus\" href=\"http:\/\/www.diamond-consult.com\/consultant\/formation\/\" target=\"_self\" ><i class=\"BklynIcons-First-ad\"><\/i>En savoir plus<\/a><\/div><\/div><\/div>[\/vc_column][\/vc_row][vc_row disable_element=\u00a0\u00bbyes\u00a0\u00bb][vc_column]<div class=\"wpb_content_element \"><\/div>[\/vc_column][\/vc_row][\/vc_section]<\/p>\n<\/div>\n<p>&nbsp;<\/p>\n<p>[\/vc_column_text][\/vc_column][\/vc_row]<\/p>\n","protected":false},"excerpt":{"rendered":"<p>[vc_section css=\u00a0\u00bb.vc_custom_1497455841382{border-bottom-width: 1px !important;background-color: #f7f8fa !important;border-bottom-color: #dddddd !important;border-bottom-style: solid !important;}\u00a0\u00bb][vc_row][vc_column][\/vc_column][\/vc_row][vc_row][vc_column width=\u00a0\u00bb1\/2&Prime;][vc_column_text el_class=\u00a0\u00bbjustifier\u00a0\u00bb]Nous concevons et nous animons des s\u00e9minaires, des ateliers innovants, des tables rondes pour vous accompagner dans vos projets innovants. Vous voulez cr\u00e9er des s\u00e9minaires performants. Vous voulez r\u00e9ussir votre virage num\u00e9rique, embarquons vos collaborateurs dans des exp\u00e9riences cr\u00e9atives. &nbsp; S\u00e9minaires : S\u00e9minaire de [&hellip;]<\/p>\n","protected":false},"author":1,"featured_media":0,"parent":0,"menu_order":0,"comment_status":"closed","ping_status":"closed","template":"","meta":{"footnotes":""},"yoast_head":"<!-- This site is optimized with the Yoast SEO plugin v22.9 - https:\/\/yoast.com\/wordpress\/plugins\/seo\/ -->\n<title>Formation intra et inter entreprises et formation jeunes<\/title>\n<meta name=\"description\" content=\"Sensibilisation \u00e0 la culture digitale, aux syst\u00e8mes d\u2019information et au pilotage des projets et des risques.\" \/>\n<meta name=\"robots\" content=\"index, follow, max-snippet:-1, max-image-preview:large, max-video-preview:-1\" \/>\n<link rel=\"canonical\" href=\"https:\/\/www.diamond-consult.com\/consultant\/formation-copy\/\" \/>\n<meta property=\"og:locale\" content=\"fr_FR\" \/>\n<meta property=\"og:type\" content=\"article\" \/>\n<meta property=\"og:title\" content=\"Formation intra et inter entreprises et formation jeunes\" \/>\n<meta property=\"og:description\" content=\"Sensibilisation \u00e0 la culture digitale, aux syst\u00e8mes d\u2019information et au pilotage des projets et des risques.\" \/>\n<meta property=\"og:url\" content=\"https:\/\/www.diamond-consult.com\/consultant\/formation-copy\/\" \/>\n<meta property=\"og:site_name\" content=\"Diamond Consult\" \/>\n<meta property=\"article:modified_time\" content=\"2022-03-15T18:39:09+00:00\" \/>\n<meta name=\"twitter:card\" content=\"summary_large_image\" \/>\n<meta name=\"twitter:label1\" content=\"Dur\u00e9e de lecture estim\u00e9e\" \/>\n\t<meta name=\"twitter:data1\" content=\"2 minutes\" \/>\n<script type=\"application\/ld+json\" class=\"yoast-schema-graph\">{\"@context\":\"https:\/\/schema.org\",\"@graph\":[{\"@type\":\"WebPage\",\"@id\":\"https:\/\/www.diamond-consult.com\/consultant\/formation-copy\/\",\"url\":\"https:\/\/www.diamond-consult.com\/consultant\/formation-copy\/\",\"name\":\"Formation intra et inter entreprises et formation jeunes\",\"isPartOf\":{\"@id\":\"https:\/\/www.diamond-consult.com\/consultant\/#website\"},\"datePublished\":\"2020-04-27T11:57:43+00:00\",\"dateModified\":\"2022-03-15T18:39:09+00:00\",\"description\":\"Sensibilisation \u00e0 la culture digitale, aux syst\u00e8mes d\u2019information et au pilotage des projets et des risques.\",\"breadcrumb\":{\"@id\":\"https:\/\/www.diamond-consult.com\/consultant\/formation-copy\/#breadcrumb\"},\"inLanguage\":\"fr-FR\",\"potentialAction\":[{\"@type\":\"ReadAction\",\"target\":[\"https:\/\/www.diamond-consult.com\/consultant\/formation-copy\/\"]}]},{\"@type\":\"BreadcrumbList\",\"@id\":\"https:\/\/www.diamond-consult.com\/consultant\/formation-copy\/#breadcrumb\",\"itemListElement\":[{\"@type\":\"ListItem\",\"position\":1,\"name\":\"Accueil\",\"item\":\"https:\/\/www.diamond-consult.com\/consultant\/\"},{\"@type\":\"ListItem\",\"position\":2,\"name\":\"Animation S\u00e9minaires\"}]},{\"@type\":\"WebSite\",\"@id\":\"https:\/\/www.diamond-consult.com\/consultant\/#website\",\"url\":\"https:\/\/www.diamond-consult.com\/consultant\/\",\"name\":\"Diamond Consult\",\"description\":\"Cr\u00e9ativit\u00e9 collective et transformation digitale\",\"potentialAction\":[{\"@type\":\"SearchAction\",\"target\":{\"@type\":\"EntryPoint\",\"urlTemplate\":\"https:\/\/www.diamond-consult.com\/consultant\/?s={search_term_string}\"},\"query-input\":\"required name=search_term_string\"}],\"inLanguage\":\"fr-FR\"}]}<\/script>\n<!-- \/ Yoast SEO plugin. -->","yoast_head_json":{"title":"Formation intra et inter entreprises et formation jeunes","description":"Sensibilisation \u00e0 la culture digitale, aux syst\u00e8mes d\u2019information et au pilotage des projets et des risques.","robots":{"index":"index","follow":"follow","max-snippet":"max-snippet:-1","max-image-preview":"max-image-preview:large","max-video-preview":"max-video-preview:-1"},"canonical":"https:\/\/www.diamond-consult.com\/consultant\/formation-copy\/","og_locale":"fr_FR","og_type":"article","og_title":"Formation intra et inter entreprises et formation jeunes","og_description":"Sensibilisation \u00e0 la culture digitale, aux syst\u00e8mes d\u2019information et au pilotage des projets et des risques.","og_url":"https:\/\/www.diamond-consult.com\/consultant\/formation-copy\/","og_site_name":"Diamond Consult","article_modified_time":"2022-03-15T18:39:09+00:00","twitter_card":"summary_large_image","twitter_misc":{"Dur\u00e9e de lecture estim\u00e9e":"2 minutes"},"schema":{"@context":"https:\/\/schema.org","@graph":[{"@type":"WebPage","@id":"https:\/\/www.diamond-consult.com\/consultant\/formation-copy\/","url":"https:\/\/www.diamond-consult.com\/consultant\/formation-copy\/","name":"Formation intra et inter entreprises et formation jeunes","isPartOf":{"@id":"https:\/\/www.diamond-consult.com\/consultant\/#website"},"datePublished":"2020-04-27T11:57:43+00:00","dateModified":"2022-03-15T18:39:09+00:00","description":"Sensibilisation \u00e0 la culture digitale, aux syst\u00e8mes d\u2019information et au pilotage des projets et des risques.","breadcrumb":{"@id":"https:\/\/www.diamond-consult.com\/consultant\/formation-copy\/#breadcrumb"},"inLanguage":"fr-FR","potentialAction":[{"@type":"ReadAction","target":["https:\/\/www.diamond-consult.com\/consultant\/formation-copy\/"]}]},{"@type":"BreadcrumbList","@id":"https:\/\/www.diamond-consult.com\/consultant\/formation-copy\/#breadcrumb","itemListElement":[{"@type":"ListItem","position":1,"name":"Accueil","item":"https:\/\/www.diamond-consult.com\/consultant\/"},{"@type":"ListItem","position":2,"name":"Animation S\u00e9minaires"}]},{"@type":"WebSite","@id":"https:\/\/www.diamond-consult.com\/consultant\/#website","url":"https:\/\/www.diamond-consult.com\/consultant\/","name":"Diamond Consult","description":"Cr\u00e9ativit\u00e9 collective et transformation digitale","potentialAction":[{"@type":"SearchAction","target":{"@type":"EntryPoint","urlTemplate":"https:\/\/www.diamond-consult.com\/consultant\/?s={search_term_string}"},"query-input":"required name=search_term_string"}],"inLanguage":"fr-FR"}]}},"_links":{"self":[{"href":"https:\/\/www.diamond-consult.com\/consultant\/wp-json\/wp\/v2\/pages\/3477"}],"collection":[{"href":"https:\/\/www.diamond-consult.com\/consultant\/wp-json\/wp\/v2\/pages"}],"about":[{"href":"https:\/\/www.diamond-consult.com\/consultant\/wp-json\/wp\/v2\/types\/page"}],"author":[{"embeddable":true,"href":"https:\/\/www.diamond-consult.com\/consultant\/wp-json\/wp\/v2\/users\/1"}],"replies":[{"embeddable":true,"href":"https:\/\/www.diamond-consult.com\/consultant\/wp-json\/wp\/v2\/comments?post=3477"}],"version-history":[{"count":5,"href":"https:\/\/www.diamond-consult.com\/consultant\/wp-json\/wp\/v2\/pages\/3477\/revisions"}],"predecessor-version":[{"id":4039,"href":"https:\/\/www.diamond-consult.com\/consultant\/wp-json\/wp\/v2\/pages\/3477\/revisions\/4039"}],"wp:attachment":[{"href":"https:\/\/www.diamond-consult.com\/consultant\/wp-json\/wp\/v2\/media?parent=3477"}],"curies":[{"name":"wp","href":"https:\/\/api.w.org\/{rel}","templated":true}]}}