{"id":3500,"date":"2020-04-30T16:40:51","date_gmt":"2020-04-30T14:40:51","guid":{"rendered":"https:\/\/www.diamond-consult.com\/consultant\/cegos-reference-copy-2\/"},"modified":"2021-08-04T15:56:39","modified_gmt":"2021-08-04T13:56:39","slug":"lespremieres","status":"publish","type":"page","link":"https:\/\/www.diamond-consult.com\/consultant\/lespremieres\/","title":{"rendered":"Les Premi\u00e8res R\u00e9f\u00e9rence"},"content":{"rendered":"<p>[vc_section css=\u00a0\u00bb.vc_custom_1497455841382{border-bottom-width: 1px !important;background-color: #f7f8fa !important;border-bottom-color: #dddddd !important;border-bottom-style: solid !important;}\u00a0\u00bb][vc_row][vc_column]<div class=\"wpb_content_element \"><style type=\"text\/css\" scoped><\/style><header id=\"ut_header_69e042c25a89a\" class=\"section-header ut-no-title-linebreak-mobile ut-no-lead-linebreak-mobile pt-style-7 header-center element-with-custom-line-height\"><h2  class=\"section-title \"><span>Incubateur de Start Up : Les Premi\u00e8res<\/span><\/h2><\/header><\/div>[\/vc_column][\/vc_row][vc_row][vc_column width=\u00a0\u00bb1\/2&Prime;][vc_column_text el_class=\u00a0\u00bbjustifier\u00a0\u00bb]<\/p>\n<h1>Charg\u00e9e d&rsquo;accompagnement,<\/h1>\n<h1>Experte num\u00e9rique<\/h1>\n<p>J&rsquo;aide les porteurs de projets, les responsables de Start-Up ou petites entreprises \u00e0 \u00e9tablir leur strat\u00e9gie digitale.<\/p>\n<p>C&rsquo;est \u00e0 dire :<\/p>\n<ul>\n<li>faire un premier pas pour se simplifier la vie avec le num\u00e9rique<\/li>\n<li>d\u00e9finir la place des outils num\u00e9riques dans leur organisation<\/li>\n<li>comprendre l\u2019int\u00e9r\u00eat de prendre le temps de cette r\u00e9flexion et d&rsquo;investir le sujet<\/li>\n<li>inventorier les donn\u00e9es (contacts, fournisseurs, &#8230;) et les processus en place<\/li>\n<li>am\u00e9liorer leur identit\u00e9 num\u00e9rique et leur \u00ab\u00a0cyberhygi\u00e8ne\u00a0\u00bb<\/li>\n<\/ul>\n<p>Et aussi, identifier les besoins logiciels et faire les bons choix de prestataires, en maitrisant la situation et en gardant la main.[\/vc_column_text][\/vc_column][vc_column width=\u00a0\u00bb1\/2&Prime;]<div  class=\"wpb_content_element   clearfix\"><style type=\"text\/css\" scoped>#ut_am_69e042c25b550 { opacity: 1; }<\/style><div id=\"ut_am_wrap_69e042c25b552\" class=\"ut-image-gallery-image \" style=\"text-align:center;\"><div class=\"ut-animated-image-item ut-image-gallery-item ut-animation-done\"><a target=\" _blank\" href=\"https:\/\/aura.wikilespremieres.com\/fr\/nos-intervenants\" ><img loading=\"lazy\" decoding=\"async\"  id=\"ut_am_69e042c25b550\" style=\"\" src=\"https:\/\/www.diamond-consult.com\/consultant\/wp-content\/uploads\/2020\/08\/3eme-rencontre-Premieres-Ldigital.jpg\" width=\"1024\" height=\"575\" alt=\"Intervention chez Epitech\"\/><div class=\"ut-image-gallery-image-caption\"><div class=\"ut-image-gallery-item-caption-title\"><h3>Collaboration<\/h3><\/div><\/div><\/a><\/div><\/div><\/div>[\/vc_column][\/vc_row][\/vc_section][vc_row][vc_column][vc_column_text]<div data-post-id=\"2563\" class=\"insert-page insert-page-2563 \"><style type=\"text\/css\" data-type=\"vc_shortcodes-custom-css\">.vc_custom_1505219378801{border-bottom-width: 1px !important;background-color: #f7f8fa !important;border-bottom-color: #dddddd !important;border-bottom-style: solid !important;}<\/style><p>[vc_row][vc_column][vc_column_text][\/vc_column_text][\/vc_column][\/vc_row][vc_section css=\u00a0\u00bb.vc_custom_1505219378801{border-bottom-width: 1px !important;background-color: #f7f8fa !important;border-bottom-color: #dddddd !important;border-bottom-style: solid !important;}\u00a0\u00bb el_id=\u00a0\u00bboffres\u00a0\u00bb][vc_row effect=\u00a0\u00bbnone\u00a0\u00bb][vc_column width=\u00a0\u00bb1\/4&Prime; offset=\u00a0\u00bbvc_col-lg-3 vc_col-md-6 vc_col-sm-6 vc_col-xs-12&Prime;]<div class=\"wpb_content_element \"><style type=\"text\/css\" scoped>#ut_sc_69e042c25d510 .ut-service-column a.ut-service-column-link { font-size: 12px; }#ut-svg-69e042c25d511 { display:none; }#ut-svg-69e042c25d511.ut-svg-loaded { display:block; }#ut-svg-69e042c25d511 path { stroke:#9b335d; }<\/style><div id=\"ut_sc_69e042c25d510\" data-effect=\"fadeInUp\" data-animateonce=\"yes\" data-delay=\"50\" class=\"ut-horizontal-style-align-left  clearfix  ut-animate-element animated ut-no-animation-tablet ut-no-animation-mobile\" ><figure class=\"ut-service-icon ut-custom-icon  ut-service-icon-normal ut-service-icon-large\"><img alt=\"<strong>Strat\u00e9gie<\/strong>, Assistance \u00e0 la <b>maitrise<\/b> d'ouvrage\" src=\"https:\/\/www.diamond-consult.com\/consultant\/wp-content\/uploads\/2021\/08\/engrenages.svg\"><\/figure><div class=\"ut-service-column ut-service-column-horiz\"><h3><strong>Strat\u00e9gie<\/strong>, Assistance \u00e0 la <b>maitrise<\/b> d'ouvrage<\/h3><p>AMOA.<\/p><a class=\"ut-service-column-link ut-service-column-link-icon-before\" title=\"En savoir plus\" href=\"http:\/\/www.diamond-consult.com\/consultant\/assistance-a-maitrise-douvrage\/\" target=\"_self\" ><i class=\"BklynIcons-First-ad\"><\/i>En savoir plus<\/a><\/div><\/div><\/div>[\/vc_column][vc_column width=\u00a0\u00bb1\/4&Prime; offset=\u00a0\u00bbvc_col-lg-3 vc_col-md-6 vc_col-sm-6 vc_col-xs-12&Prime;]<div class=\"wpb_content_element \"><style type=\"text\/css\" scoped>#ut_sc_69e042c25d8bb .ut-service-column a.ut-service-column-link { font-size: 12px; }#ut-svg-69e042c25d8bc { display:none; }#ut-svg-69e042c25d8bc.ut-svg-loaded { display:block; }#ut-svg-69e042c25d8bc path { stroke:#9b335d; }<\/style><div id=\"ut_sc_69e042c25d8bb\" data-effect=\"fadeInUp\" data-animateonce=\"yes\" data-delay=\"50\" class=\"ut-horizontal-style-align-left  clearfix  ut-animate-element animated ut-no-animation-tablet ut-no-animation-mobile\" ><figure class=\"ut-service-icon ut-custom-icon  ut-service-icon-normal ut-service-icon-large\"><img alt=\"<b>Pilotage<\/b> de projets\" src=\"https:\/\/www.diamond-consult.com\/consultant\/wp-content\/uploads\/2021\/08\/outil-digital.svg\"><\/figure><div class=\"ut-service-column ut-service-column-horiz\"><h3><b>Pilotage<\/b> de projets<\/h3><p>Direction de programmes<\/p><a class=\"ut-service-column-link ut-service-column-link-icon-before\" title=\"En savoir plus\" href=\"http:\/\/www.diamond-consult.com\/consultant\/pilotage-de-projets\/\" target=\"_self\" ><i class=\"BklynIcons-First-ad\"><\/i>En savoir plus<\/a><\/div><\/div><\/div>[\/vc_column][vc_column width=\u00a0\u00bb1\/4&Prime; offset=\u00a0\u00bbvc_col-lg-3 vc_col-md-6 vc_col-sm-6 vc_col-xs-12&Prime;]<div class=\"wpb_content_element \"><style type=\"text\/css\" scoped>#ut_sc_69e042c25dc35 .ut-service-column a.ut-service-column-link { font-size: 12px; }#ut-svg-69e042c25dc36 { display:none; }#ut-svg-69e042c25dc36.ut-svg-loaded { display:block; }#ut-svg-69e042c25dc36 path { stroke:#9b335d; }<\/style><div id=\"ut_sc_69e042c25dc35\" data-effect=\"fadeInUp\" data-animateonce=\"yes\" data-delay=\"50\" class=\"ut-horizontal-style-align-left  clearfix  ut-animate-element animated ut-no-animation-tablet ut-no-animation-mobile\" ><figure class=\"ut-service-icon ut-custom-icon  ut-service-icon-normal ut-service-icon-large\"><img alt=\"<b>Management<\/b>, Intelligence collective\" src=\"https:\/\/www.diamond-consult.com\/consultant\/wp-content\/uploads\/2021\/08\/outil-de-gestion.svg\"><\/figure><div class=\"ut-service-column ut-service-column-horiz\"><h3><b>Management<\/b>, Intelligence collective<\/h3><p>Management de vos \u00e9quipes et management de l&rsquo;innovation.<\/p><a class=\"ut-service-column-link ut-service-column-link-icon-before\" title=\"En savoir plus\" href=\"http:\/\/www.diamond-consult.com\/consultant\/management\/\" target=\"_self\" ><i class=\"BklynIcons-First-ad\"><\/i>En savoir plus<\/a><\/div><\/div><\/div>[\/vc_column][vc_column width=\u00a0\u00bb1\/4&Prime; offset=\u00a0\u00bbvc_col-lg-3 vc_col-md-6 vc_col-sm-6 vc_col-xs-12&Prime;]<div class=\"wpb_content_element \"><style type=\"text\/css\" scoped>#ut_sc_69e042c25dfdf .ut-service-column a.ut-service-column-link { font-size: 12px; }#ut-svg-69e042c25dfe0 { display:none; }#ut-svg-69e042c25dfe0.ut-svg-loaded { display:block; }#ut-svg-69e042c25dfe0 path { stroke:#9b335d; }<\/style><div id=\"ut_sc_69e042c25dfdf\" data-effect=\"fadeInUp\" data-animateonce=\"yes\" data-delay=\"50\" class=\"ut-horizontal-style-align-left  clearfix  ut-animate-element animated ut-no-animation-tablet ut-no-animation-mobile\" ><figure class=\"ut-service-icon ut-custom-icon  ut-service-icon-normal ut-service-icon-large\"><img alt=\"<strong>Formation<\/strong>\" src=\"https:\/\/www.diamond-consult.com\/consultant\/wp-content\/uploads\/2021\/08\/inclusion.svg\"><\/figure><div class=\"ut-service-column ut-service-column-horiz\"><h3><strong>Formation<\/strong><\/h3><p>Formation Intra et Inter-entreprises, formation Jeunes.<\/p><a class=\"ut-service-column-link ut-service-column-link-icon-before\" title=\"En savoir plus\" href=\"http:\/\/www.diamond-consult.com\/consultant\/formation\/\" target=\"_self\" ><i class=\"BklynIcons-First-ad\"><\/i>En savoir plus<\/a><\/div><\/div><\/div>[\/vc_column][\/vc_row][vc_row disable_element=\u00a0\u00bbyes\u00a0\u00bb][vc_column]<div class=\"wpb_content_element \"><\/div>[\/vc_column][\/vc_row][\/vc_section]<\/p>\n<\/div>\n<p>&nbsp;[\/vc_column_text][\/vc_column][\/vc_row]<\/p>\n","protected":false},"excerpt":{"rendered":"<p>[vc_section css=\u00a0\u00bb.vc_custom_1497455841382{border-bottom-width: 1px !important;background-color: #f7f8fa !important;border-bottom-color: #dddddd !important;border-bottom-style: solid !important;}\u00a0\u00bb][vc_row][vc_column][\/vc_column][\/vc_row][vc_row][vc_column width=\u00a0\u00bb1\/2&Prime;][vc_column_text el_class=\u00a0\u00bbjustifier\u00a0\u00bb] Charg\u00e9e d&rsquo;accompagnement, Experte num\u00e9rique J&rsquo;aide les porteurs de projets, les responsables de Start-Up ou petites entreprises \u00e0 \u00e9tablir leur strat\u00e9gie digitale. C&rsquo;est \u00e0 dire : faire un premier pas pour se simplifier la vie avec le num\u00e9rique d\u00e9finir la place des outils num\u00e9riques [&hellip;]<\/p>\n","protected":false},"author":1,"featured_media":0,"parent":0,"menu_order":0,"comment_status":"closed","ping_status":"closed","template":"","meta":{"footnotes":""},"yoast_head":"<!-- This site is optimized with the Yoast SEO plugin v22.9 - https:\/\/yoast.com\/wordpress\/plugins\/seo\/ -->\n<title>Les Premi\u00e8res R\u00e9f\u00e9rence - Diamond Consult<\/title>\n<meta name=\"description\" content=\"Strat\u00e9gie d\u2019am\u00e9lioration de la performance et pilotage de l\u2019excellence op\u00e9rationnelle, r\u00e9duction des co\u00fbts.\" \/>\n<meta name=\"robots\" content=\"index, follow, max-snippet:-1, max-image-preview:large, max-video-preview:-1\" \/>\n<link rel=\"canonical\" href=\"https:\/\/www.diamond-consult.com\/consultant\/lespremieres\/\" \/>\n<meta property=\"og:locale\" content=\"fr_FR\" \/>\n<meta property=\"og:type\" content=\"article\" \/>\n<meta property=\"og:title\" content=\"Les Premi\u00e8res R\u00e9f\u00e9rence - Diamond Consult\" \/>\n<meta property=\"og:description\" content=\"Strat\u00e9gie d\u2019am\u00e9lioration de la performance et pilotage de l\u2019excellence op\u00e9rationnelle, r\u00e9duction des co\u00fbts.\" \/>\n<meta property=\"og:url\" content=\"https:\/\/www.diamond-consult.com\/consultant\/lespremieres\/\" \/>\n<meta property=\"og:site_name\" content=\"Diamond Consult\" \/>\n<meta property=\"article:modified_time\" content=\"2021-08-04T13:56:39+00:00\" \/>\n<meta name=\"twitter:card\" content=\"summary_large_image\" \/>\n<meta name=\"twitter:label1\" content=\"Dur\u00e9e de lecture estim\u00e9e\" \/>\n\t<meta name=\"twitter:data1\" content=\"1 minute\" \/>\n<script type=\"application\/ld+json\" class=\"yoast-schema-graph\">{\"@context\":\"https:\/\/schema.org\",\"@graph\":[{\"@type\":\"WebPage\",\"@id\":\"https:\/\/www.diamond-consult.com\/consultant\/lespremieres\/\",\"url\":\"https:\/\/www.diamond-consult.com\/consultant\/lespremieres\/\",\"name\":\"Les Premi\u00e8res R\u00e9f\u00e9rence - Diamond Consult\",\"isPartOf\":{\"@id\":\"https:\/\/www.diamond-consult.com\/consultant\/#website\"},\"datePublished\":\"2020-04-30T14:40:51+00:00\",\"dateModified\":\"2021-08-04T13:56:39+00:00\",\"description\":\"Strat\u00e9gie d\u2019am\u00e9lioration de la performance et pilotage de l\u2019excellence op\u00e9rationnelle, r\u00e9duction des co\u00fbts.\",\"breadcrumb\":{\"@id\":\"https:\/\/www.diamond-consult.com\/consultant\/lespremieres\/#breadcrumb\"},\"inLanguage\":\"fr-FR\",\"potentialAction\":[{\"@type\":\"ReadAction\",\"target\":[\"https:\/\/www.diamond-consult.com\/consultant\/lespremieres\/\"]}]},{\"@type\":\"BreadcrumbList\",\"@id\":\"https:\/\/www.diamond-consult.com\/consultant\/lespremieres\/#breadcrumb\",\"itemListElement\":[{\"@type\":\"ListItem\",\"position\":1,\"name\":\"Accueil\",\"item\":\"https:\/\/www.diamond-consult.com\/consultant\/\"},{\"@type\":\"ListItem\",\"position\":2,\"name\":\"Les Premi\u00e8res R\u00e9f\u00e9rence\"}]},{\"@type\":\"WebSite\",\"@id\":\"https:\/\/www.diamond-consult.com\/consultant\/#website\",\"url\":\"https:\/\/www.diamond-consult.com\/consultant\/\",\"name\":\"Diamond Consult\",\"description\":\"Cr\u00e9ativit\u00e9 collective et transformation digitale\",\"potentialAction\":[{\"@type\":\"SearchAction\",\"target\":{\"@type\":\"EntryPoint\",\"urlTemplate\":\"https:\/\/www.diamond-consult.com\/consultant\/?s={search_term_string}\"},\"query-input\":\"required name=search_term_string\"}],\"inLanguage\":\"fr-FR\"}]}<\/script>\n<!-- \/ Yoast SEO plugin. -->","yoast_head_json":{"title":"Les Premi\u00e8res R\u00e9f\u00e9rence - Diamond Consult","description":"Strat\u00e9gie d\u2019am\u00e9lioration de la performance et pilotage de l\u2019excellence op\u00e9rationnelle, r\u00e9duction des co\u00fbts.","robots":{"index":"index","follow":"follow","max-snippet":"max-snippet:-1","max-image-preview":"max-image-preview:large","max-video-preview":"max-video-preview:-1"},"canonical":"https:\/\/www.diamond-consult.com\/consultant\/lespremieres\/","og_locale":"fr_FR","og_type":"article","og_title":"Les Premi\u00e8res R\u00e9f\u00e9rence - Diamond Consult","og_description":"Strat\u00e9gie d\u2019am\u00e9lioration de la performance et pilotage de l\u2019excellence op\u00e9rationnelle, r\u00e9duction des co\u00fbts.","og_url":"https:\/\/www.diamond-consult.com\/consultant\/lespremieres\/","og_site_name":"Diamond Consult","article_modified_time":"2021-08-04T13:56:39+00:00","twitter_card":"summary_large_image","twitter_misc":{"Dur\u00e9e de lecture estim\u00e9e":"1 minute"},"schema":{"@context":"https:\/\/schema.org","@graph":[{"@type":"WebPage","@id":"https:\/\/www.diamond-consult.com\/consultant\/lespremieres\/","url":"https:\/\/www.diamond-consult.com\/consultant\/lespremieres\/","name":"Les Premi\u00e8res R\u00e9f\u00e9rence - Diamond Consult","isPartOf":{"@id":"https:\/\/www.diamond-consult.com\/consultant\/#website"},"datePublished":"2020-04-30T14:40:51+00:00","dateModified":"2021-08-04T13:56:39+00:00","description":"Strat\u00e9gie d\u2019am\u00e9lioration de la performance et pilotage de l\u2019excellence op\u00e9rationnelle, r\u00e9duction des co\u00fbts.","breadcrumb":{"@id":"https:\/\/www.diamond-consult.com\/consultant\/lespremieres\/#breadcrumb"},"inLanguage":"fr-FR","potentialAction":[{"@type":"ReadAction","target":["https:\/\/www.diamond-consult.com\/consultant\/lespremieres\/"]}]},{"@type":"BreadcrumbList","@id":"https:\/\/www.diamond-consult.com\/consultant\/lespremieres\/#breadcrumb","itemListElement":[{"@type":"ListItem","position":1,"name":"Accueil","item":"https:\/\/www.diamond-consult.com\/consultant\/"},{"@type":"ListItem","position":2,"name":"Les Premi\u00e8res R\u00e9f\u00e9rence"}]},{"@type":"WebSite","@id":"https:\/\/www.diamond-consult.com\/consultant\/#website","url":"https:\/\/www.diamond-consult.com\/consultant\/","name":"Diamond Consult","description":"Cr\u00e9ativit\u00e9 collective et transformation digitale","potentialAction":[{"@type":"SearchAction","target":{"@type":"EntryPoint","urlTemplate":"https:\/\/www.diamond-consult.com\/consultant\/?s={search_term_string}"},"query-input":"required name=search_term_string"}],"inLanguage":"fr-FR"}]}},"_links":{"self":[{"href":"https:\/\/www.diamond-consult.com\/consultant\/wp-json\/wp\/v2\/pages\/3500"}],"collection":[{"href":"https:\/\/www.diamond-consult.com\/consultant\/wp-json\/wp\/v2\/pages"}],"about":[{"href":"https:\/\/www.diamond-consult.com\/consultant\/wp-json\/wp\/v2\/types\/page"}],"author":[{"embeddable":true,"href":"https:\/\/www.diamond-consult.com\/consultant\/wp-json\/wp\/v2\/users\/1"}],"replies":[{"embeddable":true,"href":"https:\/\/www.diamond-consult.com\/consultant\/wp-json\/wp\/v2\/comments?post=3500"}],"version-history":[{"count":10,"href":"https:\/\/www.diamond-consult.com\/consultant\/wp-json\/wp\/v2\/pages\/3500\/revisions"}],"predecessor-version":[{"id":3884,"href":"https:\/\/www.diamond-consult.com\/consultant\/wp-json\/wp\/v2\/pages\/3500\/revisions\/3884"}],"wp:attachment":[{"href":"https:\/\/www.diamond-consult.com\/consultant\/wp-json\/wp\/v2\/media?parent=3500"}],"curies":[{"name":"wp","href":"https:\/\/api.w.org\/{rel}","templated":true}]}}