{"id":3630,"date":"2020-08-04T10:59:40","date_gmt":"2020-08-04T08:59:40","guid":{"rendered":"https:\/\/www.diamond-consult.com\/consultant\/areva-reference-copy\/"},"modified":"2022-05-10T16:59:48","modified_gmt":"2022-05-10T14:59:48","slug":"keolis-reference","status":"publish","type":"page","link":"https:\/\/www.diamond-consult.com\/consultant\/keolis-reference\/","title":{"rendered":"Keolis R\u00e9f\u00e9rence"},"content":{"rendered":"<p>[vc_section css=\u00a0\u00bb.vc_custom_1497455841382{border-bottom-width: 1px !important;background-color: #f7f8fa !important;border-bottom-color: #dddddd !important;border-bottom-style: solid !important;}\u00a0\u00bb][vc_row][vc_column]<div class=\"wpb_content_element \"><style type=\"text\/css\" scoped><\/style><header id=\"ut_header_6a00804777a7a\" class=\"section-header ut-no-title-linebreak-mobile ut-no-lead-linebreak-mobile pt-style-7 header-center element-with-custom-line-height\"><h2  class=\"section-title \"><span>Keolis<\/span><\/h2><\/header><\/div>[\/vc_column][\/vc_row][vc_row][vc_column width=\u00a0\u00bb1\/2&Prime;][vc_column_text el_class=\u00a0\u00bbjustifier\u00a0\u00bb]<\/p>\n<h1>Prestation : Strat\u00e9gie digitale<\/h1>\n<h2>Contribution \u00e0 la feuille de route digitale : Mise en place d\u2019un LAB digital.<\/h2>\n<p>&nbsp;<\/p>\n<ul>\n<li>Identification des enjeux et des besoins<\/li>\n<li>Cartographie des applicatifs<\/li>\n<li>Identification des outils<\/li>\n<li>R\u00e9flexion sur les r\u00f4les et responsabilit\u00e9 et challenge des prestataires<\/li>\n<\/ul>\n<p>[\/vc_column_text][\/vc_column][vc_column width=\u00a0\u00bb1\/2&Prime;]<div  class=\"wpb_content_element   clearfix\"><style type=\"text\/css\" scoped>#ut_am_6a00804777fc1 { opacity: 1; }<\/style><div id=\"ut_am_wrap_6a00804777fc3\" class=\"ut-image-gallery-image \" style=\"text-align:center;\"><div class=\"ut-animated-image-item ut-image-gallery-item ut-animation-done\"><a target=\" _blank\" href=\"https:\/\/www.orano.group\/fr\/innovation\/innovation-industrielle\" ><img loading=\"lazy\" decoding=\"async\"  id=\"ut_am_6a00804777fc1\" style=\"\" src=\"https:\/\/www.diamond-consult.com\/consultant\/wp-content\/uploads\/2020\/08\/Diamond-consult-Keolis-Livrable.png\" width=\"960\" height=\"720\" alt=\"Lab digital\"\/><\/a><\/div><\/div><\/div>[\/vc_column][\/vc_row][\/vc_section][vc_row][vc_column][vc_column_text]<div data-post-id=\"2563\" class=\"insert-page insert-page-2563 \"><style type=\"text\/css\" data-type=\"vc_shortcodes-custom-css\">.vc_custom_1505219378801{border-bottom-width: 1px !important;background-color: #f7f8fa !important;border-bottom-color: #dddddd !important;border-bottom-style: solid !important;}<\/style><p>[vc_row][vc_column][vc_column_text][\/vc_column_text][\/vc_column][\/vc_row][vc_section css=\u00a0\u00bb.vc_custom_1505219378801{border-bottom-width: 1px !important;background-color: #f7f8fa !important;border-bottom-color: #dddddd !important;border-bottom-style: solid !important;}\u00a0\u00bb el_id=\u00a0\u00bboffres\u00a0\u00bb][vc_row effect=\u00a0\u00bbnone\u00a0\u00bb][vc_column width=\u00a0\u00bb1\/4&Prime; offset=\u00a0\u00bbvc_col-lg-3 vc_col-md-6 vc_col-sm-6 vc_col-xs-12&Prime;]<div class=\"wpb_content_element \"><style type=\"text\/css\" scoped>#ut_sc_6a00804779846 .ut-service-column a.ut-service-column-link { font-size: 12px; }#ut-svg-6a00804779847 { display:none; }#ut-svg-6a00804779847.ut-svg-loaded { display:block; }#ut-svg-6a00804779847 path { stroke:#9b335d; }<\/style><div id=\"ut_sc_6a00804779846\" data-effect=\"fadeInUp\" data-animateonce=\"yes\" data-delay=\"50\" class=\"ut-horizontal-style-align-left  clearfix  ut-animate-element animated ut-no-animation-tablet ut-no-animation-mobile\" ><figure class=\"ut-service-icon ut-custom-icon  ut-service-icon-normal ut-service-icon-large\"><img alt=\"<strong>Strat\u00e9gie<\/strong>, Assistance \u00e0 la <b>maitrise<\/b> d'ouvrage\" src=\"https:\/\/www.diamond-consult.com\/consultant\/wp-content\/uploads\/2021\/08\/engrenages.svg\"><\/figure><div class=\"ut-service-column ut-service-column-horiz\"><h3><strong>Strat\u00e9gie<\/strong>, Assistance \u00e0 la <b>maitrise<\/b> d'ouvrage<\/h3><p>AMOA.<\/p><a class=\"ut-service-column-link ut-service-column-link-icon-before\" title=\"En savoir plus\" href=\"http:\/\/www.diamond-consult.com\/consultant\/assistance-a-maitrise-douvrage\/\" target=\"_self\" ><i class=\"BklynIcons-First-ad\"><\/i>En savoir plus<\/a><\/div><\/div><\/div>[\/vc_column][vc_column width=\u00a0\u00bb1\/4&Prime; offset=\u00a0\u00bbvc_col-lg-3 vc_col-md-6 vc_col-sm-6 vc_col-xs-12&Prime;]<div class=\"wpb_content_element \"><style type=\"text\/css\" scoped>#ut_sc_6a00804779c70 .ut-service-column a.ut-service-column-link { font-size: 12px; }#ut-svg-6a00804779c71 { display:none; }#ut-svg-6a00804779c71.ut-svg-loaded { display:block; }#ut-svg-6a00804779c71 path { stroke:#9b335d; }<\/style><div id=\"ut_sc_6a00804779c70\" data-effect=\"fadeInUp\" data-animateonce=\"yes\" data-delay=\"50\" class=\"ut-horizontal-style-align-left  clearfix  ut-animate-element animated ut-no-animation-tablet ut-no-animation-mobile\" ><figure class=\"ut-service-icon ut-custom-icon  ut-service-icon-normal ut-service-icon-large\"><img alt=\"<b>Pilotage<\/b> de projets\" src=\"https:\/\/www.diamond-consult.com\/consultant\/wp-content\/uploads\/2021\/08\/outil-digital.svg\"><\/figure><div class=\"ut-service-column ut-service-column-horiz\"><h3><b>Pilotage<\/b> de projets<\/h3><p>Direction de programmes<\/p><a class=\"ut-service-column-link ut-service-column-link-icon-before\" title=\"En savoir plus\" href=\"http:\/\/www.diamond-consult.com\/consultant\/pilotage-de-projets\/\" target=\"_self\" ><i class=\"BklynIcons-First-ad\"><\/i>En savoir plus<\/a><\/div><\/div><\/div>[\/vc_column][vc_column width=\u00a0\u00bb1\/4&Prime; offset=\u00a0\u00bbvc_col-lg-3 vc_col-md-6 vc_col-sm-6 vc_col-xs-12&Prime;]<div class=\"wpb_content_element \"><style type=\"text\/css\" scoped>#ut_sc_6a00804779f41 .ut-service-column a.ut-service-column-link { font-size: 12px; }#ut-svg-6a00804779f42 { display:none; }#ut-svg-6a00804779f42.ut-svg-loaded { display:block; }#ut-svg-6a00804779f42 path { stroke:#9b335d; }<\/style><div id=\"ut_sc_6a00804779f41\" data-effect=\"fadeInUp\" data-animateonce=\"yes\" data-delay=\"50\" class=\"ut-horizontal-style-align-left  clearfix  ut-animate-element animated ut-no-animation-tablet ut-no-animation-mobile\" ><figure class=\"ut-service-icon ut-custom-icon  ut-service-icon-normal ut-service-icon-large\"><img alt=\"<b>Management<\/b>, Intelligence collective\" src=\"https:\/\/www.diamond-consult.com\/consultant\/wp-content\/uploads\/2021\/08\/outil-de-gestion.svg\"><\/figure><div class=\"ut-service-column ut-service-column-horiz\"><h3><b>Management<\/b>, Intelligence collective<\/h3><p>Management de vos \u00e9quipes et management de l&rsquo;innovation.<\/p><a class=\"ut-service-column-link ut-service-column-link-icon-before\" title=\"En savoir plus\" href=\"http:\/\/www.diamond-consult.com\/consultant\/management\/\" target=\"_self\" ><i class=\"BklynIcons-First-ad\"><\/i>En savoir plus<\/a><\/div><\/div><\/div>[\/vc_column][vc_column width=\u00a0\u00bb1\/4&Prime; offset=\u00a0\u00bbvc_col-lg-3 vc_col-md-6 vc_col-sm-6 vc_col-xs-12&Prime;]<div class=\"wpb_content_element \"><style type=\"text\/css\" scoped>#ut_sc_6a0080477a1f2 .ut-service-column a.ut-service-column-link { font-size: 12px; }#ut-svg-6a0080477a1f3 { display:none; }#ut-svg-6a0080477a1f3.ut-svg-loaded { display:block; }#ut-svg-6a0080477a1f3 path { stroke:#9b335d; }<\/style><div id=\"ut_sc_6a0080477a1f2\" data-effect=\"fadeInUp\" data-animateonce=\"yes\" data-delay=\"50\" class=\"ut-horizontal-style-align-left  clearfix  ut-animate-element animated ut-no-animation-tablet ut-no-animation-mobile\" ><figure class=\"ut-service-icon ut-custom-icon  ut-service-icon-normal ut-service-icon-large\"><img alt=\"<strong>Formation<\/strong>\" src=\"https:\/\/www.diamond-consult.com\/consultant\/wp-content\/uploads\/2021\/08\/inclusion.svg\"><\/figure><div class=\"ut-service-column ut-service-column-horiz\"><h3><strong>Formation<\/strong><\/h3><p>Formation Intra et Inter-entreprises, formation Jeunes.<\/p><a class=\"ut-service-column-link ut-service-column-link-icon-before\" title=\"En savoir plus\" href=\"http:\/\/www.diamond-consult.com\/consultant\/formation\/\" target=\"_self\" ><i class=\"BklynIcons-First-ad\"><\/i>En savoir plus<\/a><\/div><\/div><\/div>[\/vc_column][\/vc_row][vc_row disable_element=\u00a0\u00bbyes\u00a0\u00bb][vc_column]<div class=\"wpb_content_element \"><\/div>[\/vc_column][\/vc_row][\/vc_section]<\/p>\n<\/div>[\/vc_column_text][\/vc_column][\/vc_row]<\/p>\n","protected":false},"excerpt":{"rendered":"<p>[vc_section css=\u00a0\u00bb.vc_custom_1497455841382{border-bottom-width: 1px !important;background-color: #f7f8fa !important;border-bottom-color: #dddddd !important;border-bottom-style: solid !important;}\u00a0\u00bb][vc_row][vc_column][\/vc_column][\/vc_row][vc_row][vc_column width=\u00a0\u00bb1\/2&Prime;][vc_column_text el_class=\u00a0\u00bbjustifier\u00a0\u00bb] Prestation : Strat\u00e9gie digitale Contribution \u00e0 la feuille de route digitale : Mise en place d\u2019un LAB digital. &nbsp; Identification des enjeux et des besoins Cartographie des applicatifs Identification des outils R\u00e9flexion sur les r\u00f4les et responsabilit\u00e9 et challenge des prestataires [\/vc_column_text][\/vc_column][vc_column width=\u00a0\u00bb1\/2&Prime;][\/vc_column][\/vc_row][\/vc_section][vc_row][vc_column][vc_column_text][\/vc_column_text][\/vc_column][\/vc_row]<\/p>\n","protected":false},"author":1,"featured_media":0,"parent":0,"menu_order":0,"comment_status":"closed","ping_status":"closed","template":"","meta":{"footnotes":""},"yoast_head":"<!-- This site is optimized with the Yoast SEO plugin v22.9 - https:\/\/yoast.com\/wordpress\/plugins\/seo\/ -->\n<title>Keolis R\u00e9f\u00e9rence - Diamond Consult<\/title>\n<meta name=\"description\" content=\"Strat\u00e9gie d\u2019am\u00e9lioration de la performance et pilotage de l\u2019excellence op\u00e9rationnelle, r\u00e9duction des co\u00fbts.\" \/>\n<meta name=\"robots\" content=\"index, follow, max-snippet:-1, max-image-preview:large, max-video-preview:-1\" \/>\n<link rel=\"canonical\" href=\"https:\/\/www.diamond-consult.com\/consultant\/keolis-reference\/\" \/>\n<meta property=\"og:locale\" content=\"fr_FR\" \/>\n<meta property=\"og:type\" content=\"article\" \/>\n<meta property=\"og:title\" content=\"Keolis R\u00e9f\u00e9rence - Diamond Consult\" \/>\n<meta property=\"og:description\" content=\"Strat\u00e9gie d\u2019am\u00e9lioration de la performance et pilotage de l\u2019excellence op\u00e9rationnelle, r\u00e9duction des co\u00fbts.\" \/>\n<meta property=\"og:url\" content=\"https:\/\/www.diamond-consult.com\/consultant\/keolis-reference\/\" \/>\n<meta property=\"og:site_name\" content=\"Diamond Consult\" \/>\n<meta property=\"article:modified_time\" content=\"2022-05-10T14:59:48+00:00\" \/>\n<meta name=\"twitter:card\" content=\"summary_large_image\" \/>\n<meta name=\"twitter:label1\" content=\"Dur\u00e9e de lecture estim\u00e9e\" \/>\n\t<meta name=\"twitter:data1\" content=\"1 minute\" \/>\n<script type=\"application\/ld+json\" class=\"yoast-schema-graph\">{\"@context\":\"https:\/\/schema.org\",\"@graph\":[{\"@type\":\"WebPage\",\"@id\":\"https:\/\/www.diamond-consult.com\/consultant\/keolis-reference\/\",\"url\":\"https:\/\/www.diamond-consult.com\/consultant\/keolis-reference\/\",\"name\":\"Keolis R\u00e9f\u00e9rence - Diamond Consult\",\"isPartOf\":{\"@id\":\"https:\/\/www.diamond-consult.com\/consultant\/#website\"},\"datePublished\":\"2020-08-04T08:59:40+00:00\",\"dateModified\":\"2022-05-10T14:59:48+00:00\",\"description\":\"Strat\u00e9gie d\u2019am\u00e9lioration de la performance et pilotage de l\u2019excellence op\u00e9rationnelle, r\u00e9duction des co\u00fbts.\",\"breadcrumb\":{\"@id\":\"https:\/\/www.diamond-consult.com\/consultant\/keolis-reference\/#breadcrumb\"},\"inLanguage\":\"fr-FR\",\"potentialAction\":[{\"@type\":\"ReadAction\",\"target\":[\"https:\/\/www.diamond-consult.com\/consultant\/keolis-reference\/\"]}]},{\"@type\":\"BreadcrumbList\",\"@id\":\"https:\/\/www.diamond-consult.com\/consultant\/keolis-reference\/#breadcrumb\",\"itemListElement\":[{\"@type\":\"ListItem\",\"position\":1,\"name\":\"Accueil\",\"item\":\"https:\/\/www.diamond-consult.com\/consultant\/\"},{\"@type\":\"ListItem\",\"position\":2,\"name\":\"Keolis R\u00e9f\u00e9rence\"}]},{\"@type\":\"WebSite\",\"@id\":\"https:\/\/www.diamond-consult.com\/consultant\/#website\",\"url\":\"https:\/\/www.diamond-consult.com\/consultant\/\",\"name\":\"Diamond Consult\",\"description\":\"Cr\u00e9ativit\u00e9 collective et transformation digitale\",\"potentialAction\":[{\"@type\":\"SearchAction\",\"target\":{\"@type\":\"EntryPoint\",\"urlTemplate\":\"https:\/\/www.diamond-consult.com\/consultant\/?s={search_term_string}\"},\"query-input\":\"required name=search_term_string\"}],\"inLanguage\":\"fr-FR\"}]}<\/script>\n<!-- \/ Yoast SEO plugin. -->","yoast_head_json":{"title":"Keolis R\u00e9f\u00e9rence - Diamond Consult","description":"Strat\u00e9gie d\u2019am\u00e9lioration de la performance et pilotage de l\u2019excellence op\u00e9rationnelle, r\u00e9duction des co\u00fbts.","robots":{"index":"index","follow":"follow","max-snippet":"max-snippet:-1","max-image-preview":"max-image-preview:large","max-video-preview":"max-video-preview:-1"},"canonical":"https:\/\/www.diamond-consult.com\/consultant\/keolis-reference\/","og_locale":"fr_FR","og_type":"article","og_title":"Keolis R\u00e9f\u00e9rence - Diamond Consult","og_description":"Strat\u00e9gie d\u2019am\u00e9lioration de la performance et pilotage de l\u2019excellence op\u00e9rationnelle, r\u00e9duction des co\u00fbts.","og_url":"https:\/\/www.diamond-consult.com\/consultant\/keolis-reference\/","og_site_name":"Diamond Consult","article_modified_time":"2022-05-10T14:59:48+00:00","twitter_card":"summary_large_image","twitter_misc":{"Dur\u00e9e de lecture estim\u00e9e":"1 minute"},"schema":{"@context":"https:\/\/schema.org","@graph":[{"@type":"WebPage","@id":"https:\/\/www.diamond-consult.com\/consultant\/keolis-reference\/","url":"https:\/\/www.diamond-consult.com\/consultant\/keolis-reference\/","name":"Keolis R\u00e9f\u00e9rence - Diamond Consult","isPartOf":{"@id":"https:\/\/www.diamond-consult.com\/consultant\/#website"},"datePublished":"2020-08-04T08:59:40+00:00","dateModified":"2022-05-10T14:59:48+00:00","description":"Strat\u00e9gie d\u2019am\u00e9lioration de la performance et pilotage de l\u2019excellence op\u00e9rationnelle, r\u00e9duction des co\u00fbts.","breadcrumb":{"@id":"https:\/\/www.diamond-consult.com\/consultant\/keolis-reference\/#breadcrumb"},"inLanguage":"fr-FR","potentialAction":[{"@type":"ReadAction","target":["https:\/\/www.diamond-consult.com\/consultant\/keolis-reference\/"]}]},{"@type":"BreadcrumbList","@id":"https:\/\/www.diamond-consult.com\/consultant\/keolis-reference\/#breadcrumb","itemListElement":[{"@type":"ListItem","position":1,"name":"Accueil","item":"https:\/\/www.diamond-consult.com\/consultant\/"},{"@type":"ListItem","position":2,"name":"Keolis R\u00e9f\u00e9rence"}]},{"@type":"WebSite","@id":"https:\/\/www.diamond-consult.com\/consultant\/#website","url":"https:\/\/www.diamond-consult.com\/consultant\/","name":"Diamond Consult","description":"Cr\u00e9ativit\u00e9 collective et transformation digitale","potentialAction":[{"@type":"SearchAction","target":{"@type":"EntryPoint","urlTemplate":"https:\/\/www.diamond-consult.com\/consultant\/?s={search_term_string}"},"query-input":"required name=search_term_string"}],"inLanguage":"fr-FR"}]}},"_links":{"self":[{"href":"https:\/\/www.diamond-consult.com\/consultant\/wp-json\/wp\/v2\/pages\/3630"}],"collection":[{"href":"https:\/\/www.diamond-consult.com\/consultant\/wp-json\/wp\/v2\/pages"}],"about":[{"href":"https:\/\/www.diamond-consult.com\/consultant\/wp-json\/wp\/v2\/types\/page"}],"author":[{"embeddable":true,"href":"https:\/\/www.diamond-consult.com\/consultant\/wp-json\/wp\/v2\/users\/1"}],"replies":[{"embeddable":true,"href":"https:\/\/www.diamond-consult.com\/consultant\/wp-json\/wp\/v2\/comments?post=3630"}],"version-history":[{"count":6,"href":"https:\/\/www.diamond-consult.com\/consultant\/wp-json\/wp\/v2\/pages\/3630\/revisions"}],"predecessor-version":[{"id":4079,"href":"https:\/\/www.diamond-consult.com\/consultant\/wp-json\/wp\/v2\/pages\/3630\/revisions\/4079"}],"wp:attachment":[{"href":"https:\/\/www.diamond-consult.com\/consultant\/wp-json\/wp\/v2\/media?parent=3630"}],"curies":[{"name":"wp","href":"https:\/\/api.w.org\/{rel}","templated":true}]}}