{"id":3833,"date":"2021-07-28T16:51:08","date_gmt":"2021-07-28T14:51:08","guid":{"rendered":"https:\/\/www.diamond-consult.com\/consultant\/lespremieres-copy\/"},"modified":"2022-03-15T11:18:48","modified_gmt":"2022-03-15T10:18:48","slug":"decarbonum","status":"publish","type":"page","link":"https:\/\/www.diamond-consult.com\/consultant\/decarbonum\/","title":{"rendered":"Decarbonum"},"content":{"rendered":"<p>[vc_section css=\u00a0\u00bb.vc_custom_1497455841382{border-bottom-width: 1px !important;background-color: #f7f8fa !important;border-bottom-color: #dddddd !important;border-bottom-style: solid !important;}\u00a0\u00bb][vc_row][vc_column]<div class=\"wpb_content_element \"><style type=\"text\/css\" scoped><\/style><header id=\"ut_header_69e03ed72ba84\" class=\"section-header ut-no-title-linebreak-mobile ut-no-lead-linebreak-mobile pt-style-7 header-center element-with-custom-line-height\"><h2  class=\"section-title \"><span>RESPONSABILITE SOCIALE ECOLOGIQUE NUMERIQUE<\/span><\/h2><\/header><\/div>[\/vc_column][\/vc_row][vc_row][vc_column width=\u00a0\u00bb1\/2&Prime;][vc_column_text el_class=\u00a0\u00bbjustifier\u00a0\u00bb]<\/p>\n<h1>Accompagnement vers un num\u00e9rique responsable #RSEN<\/h1>\n<h2>Le num\u00e9rique g\u00e9n\u00e8re 4% des \u00e9missions de gaz \u00e0 effet de serre.<\/h2>\n<p>Vous r\u00eavez d&rsquo;une soci\u00e9t\u00e9 juste et \u00e9cologique ?<\/p>\n<p>Gr\u00e2ce \u00e0 un solide \u00e9co-syst\u00e8me et d&rsquo;experts dans la transition \u00e9cologiques, j&rsquo;accompagne les organisations dans la mise en place d&rsquo;une d\u00e9marche pour suivre leur contribution \u00e0 la r\u00e9duction d&rsquo;\u00e9mission de gaz \u00e0 effet de serre.<\/p>\n<p>Lors de l\u2019Accord de Paris en 2015 , 195 pays se sont donn\u00e9s pour objectif d\u2019agir face au changement climatique. Pour aller vers la neutralit\u00e9 carbone et limiter la hausse des temp\u00e9ratures \u00e0 2 \u00b0C, voire 1,5 \u00b0C, il faut diviser par 6 nos \u00e9missions de GES d\u2019ici les 30 prochaines ann\u00e9es.<\/p>\n<p>Ensemble, nous pouvons :<\/p>\n<ul>\n<li>auditer les impacts environnementaux de vos usages num\u00e9riques,<\/li>\n<li>\u00e9valuer les risques principaux,<\/li>\n<li>mettre en place un plan d&rsquo;action de d\u00e9carbonation de vos activit\u00e9s num\u00e9riques,<\/li>\n<li>mesurer et ajuster les plans d&rsquo;action en fonction de vos objectifs<\/li>\n<\/ul>\n<p>Je suis co-fondatrice du collectif <a href=\"https:\/\/www.beamazonial.com\/pages\/le-collectif\/equipe-be-amazonial.html\">Be Amazonial<\/a> et nous agissons pour un num\u00e9rique responsable.[\/vc_column_text][\/vc_column][vc_column width=\u00a0\u00bb1\/2&Prime;]<div  class=\"wpb_content_element   clearfix\"><style type=\"text\/css\" scoped>#ut_am_69e03ed72c2f8 { opacity: 1; }<\/style><div id=\"ut_am_wrap_69e03ed72c2fa\" class=\"ut-image-gallery-image \" style=\"text-align:center;\"><div class=\"ut-animated-image-item ut-image-gallery-item ut-animation-done\"><a target=\" _blank\" href=\"https:\/\/aura.wikilespremieres.com\/fr\/nos-intervenants\" ><img loading=\"lazy\" decoding=\"async\"  id=\"ut_am_69e03ed72c2f8\" style=\"\" src=\"https:\/\/www.diamond-consult.com\/consultant\/wp-content\/uploads\/2020\/08\/Karine-Be-Amazonial.jpg\" width=\"451\" height=\"225\" alt=\"Agir collectiviement\"\/><div class=\"ut-image-gallery-image-caption\"><div class=\"ut-image-gallery-item-caption-title\"><h3 class=\"ut-image-gallery-empty-title\">+<\/h3><\/div><\/div><\/a><\/div><\/div><\/div>[\/vc_column][\/vc_row][\/vc_section][vc_row][vc_column][vc_column_text]<div data-post-id=\"2563\" class=\"insert-page insert-page-2563 \"><style type=\"text\/css\" data-type=\"vc_shortcodes-custom-css\">.vc_custom_1505219378801{border-bottom-width: 1px !important;background-color: #f7f8fa !important;border-bottom-color: #dddddd !important;border-bottom-style: solid !important;}<\/style><p>[vc_row][vc_column][vc_column_text][\/vc_column_text][\/vc_column][\/vc_row][vc_section css=\u00a0\u00bb.vc_custom_1505219378801{border-bottom-width: 1px !important;background-color: #f7f8fa !important;border-bottom-color: #dddddd !important;border-bottom-style: solid !important;}\u00a0\u00bb el_id=\u00a0\u00bboffres\u00a0\u00bb][vc_row effect=\u00a0\u00bbnone\u00a0\u00bb][vc_column width=\u00a0\u00bb1\/4&Prime; offset=\u00a0\u00bbvc_col-lg-3 vc_col-md-6 vc_col-sm-6 vc_col-xs-12&Prime;]<div class=\"wpb_content_element \"><style type=\"text\/css\" scoped>#ut_sc_69e03ed730827 .ut-service-column a.ut-service-column-link { font-size: 12px; }#ut-svg-69e03ed730828 { display:none; }#ut-svg-69e03ed730828.ut-svg-loaded { display:block; }#ut-svg-69e03ed730828 path { stroke:#9b335d; }<\/style><div id=\"ut_sc_69e03ed730827\" data-effect=\"fadeInUp\" data-animateonce=\"yes\" data-delay=\"50\" class=\"ut-horizontal-style-align-left  clearfix  ut-animate-element animated ut-no-animation-tablet ut-no-animation-mobile\" ><figure class=\"ut-service-icon ut-custom-icon  ut-service-icon-normal ut-service-icon-large\"><img alt=\"<strong>Strat\u00e9gie<\/strong>, Assistance \u00e0 la <b>maitrise<\/b> d'ouvrage\" src=\"https:\/\/www.diamond-consult.com\/consultant\/wp-content\/uploads\/2021\/08\/engrenages.svg\"><\/figure><div class=\"ut-service-column ut-service-column-horiz\"><h3><strong>Strat\u00e9gie<\/strong>, Assistance \u00e0 la <b>maitrise<\/b> d'ouvrage<\/h3><p>AMOA.<\/p><a class=\"ut-service-column-link ut-service-column-link-icon-before\" title=\"En savoir plus\" href=\"http:\/\/www.diamond-consult.com\/consultant\/assistance-a-maitrise-douvrage\/\" target=\"_self\" ><i class=\"BklynIcons-First-ad\"><\/i>En savoir plus<\/a><\/div><\/div><\/div>[\/vc_column][vc_column width=\u00a0\u00bb1\/4&Prime; offset=\u00a0\u00bbvc_col-lg-3 vc_col-md-6 vc_col-sm-6 vc_col-xs-12&Prime;]<div class=\"wpb_content_element \"><style type=\"text\/css\" scoped>#ut_sc_69e03ed730b12 .ut-service-column a.ut-service-column-link { font-size: 12px; }#ut-svg-69e03ed730b13 { display:none; }#ut-svg-69e03ed730b13.ut-svg-loaded { display:block; }#ut-svg-69e03ed730b13 path { stroke:#9b335d; }<\/style><div id=\"ut_sc_69e03ed730b12\" data-effect=\"fadeInUp\" data-animateonce=\"yes\" data-delay=\"50\" class=\"ut-horizontal-style-align-left  clearfix  ut-animate-element animated ut-no-animation-tablet ut-no-animation-mobile\" ><figure class=\"ut-service-icon ut-custom-icon  ut-service-icon-normal ut-service-icon-large\"><img alt=\"<b>Pilotage<\/b> de projets\" src=\"https:\/\/www.diamond-consult.com\/consultant\/wp-content\/uploads\/2021\/08\/outil-digital.svg\"><\/figure><div class=\"ut-service-column ut-service-column-horiz\"><h3><b>Pilotage<\/b> de projets<\/h3><p>Direction de programmes<\/p><a class=\"ut-service-column-link ut-service-column-link-icon-before\" title=\"En savoir plus\" href=\"http:\/\/www.diamond-consult.com\/consultant\/pilotage-de-projets\/\" target=\"_self\" ><i class=\"BklynIcons-First-ad\"><\/i>En savoir plus<\/a><\/div><\/div><\/div>[\/vc_column][vc_column width=\u00a0\u00bb1\/4&Prime; offset=\u00a0\u00bbvc_col-lg-3 vc_col-md-6 vc_col-sm-6 vc_col-xs-12&Prime;]<div class=\"wpb_content_element \"><style type=\"text\/css\" scoped>#ut_sc_69e03ed730d82 .ut-service-column a.ut-service-column-link { font-size: 12px; }#ut-svg-69e03ed730d83 { display:none; }#ut-svg-69e03ed730d83.ut-svg-loaded { display:block; }#ut-svg-69e03ed730d83 path { stroke:#9b335d; }<\/style><div id=\"ut_sc_69e03ed730d82\" data-effect=\"fadeInUp\" data-animateonce=\"yes\" data-delay=\"50\" class=\"ut-horizontal-style-align-left  clearfix  ut-animate-element animated ut-no-animation-tablet ut-no-animation-mobile\" ><figure class=\"ut-service-icon ut-custom-icon  ut-service-icon-normal ut-service-icon-large\"><img alt=\"<b>Management<\/b>, Intelligence collective\" src=\"https:\/\/www.diamond-consult.com\/consultant\/wp-content\/uploads\/2021\/08\/outil-de-gestion.svg\"><\/figure><div class=\"ut-service-column ut-service-column-horiz\"><h3><b>Management<\/b>, Intelligence collective<\/h3><p>Management de vos \u00e9quipes et management de l&rsquo;innovation.<\/p><a class=\"ut-service-column-link ut-service-column-link-icon-before\" title=\"En savoir plus\" href=\"http:\/\/www.diamond-consult.com\/consultant\/management\/\" target=\"_self\" ><i class=\"BklynIcons-First-ad\"><\/i>En savoir plus<\/a><\/div><\/div><\/div>[\/vc_column][vc_column width=\u00a0\u00bb1\/4&Prime; offset=\u00a0\u00bbvc_col-lg-3 vc_col-md-6 vc_col-sm-6 vc_col-xs-12&Prime;]<div class=\"wpb_content_element \"><style type=\"text\/css\" scoped>#ut_sc_69e03ed731017 .ut-service-column a.ut-service-column-link { font-size: 12px; }#ut-svg-69e03ed731018 { display:none; }#ut-svg-69e03ed731018.ut-svg-loaded { display:block; }#ut-svg-69e03ed731018 path { stroke:#9b335d; }<\/style><div id=\"ut_sc_69e03ed731017\" data-effect=\"fadeInUp\" data-animateonce=\"yes\" data-delay=\"50\" class=\"ut-horizontal-style-align-left  clearfix  ut-animate-element animated ut-no-animation-tablet ut-no-animation-mobile\" ><figure class=\"ut-service-icon ut-custom-icon  ut-service-icon-normal ut-service-icon-large\"><img alt=\"<strong>Formation<\/strong>\" src=\"https:\/\/www.diamond-consult.com\/consultant\/wp-content\/uploads\/2021\/08\/inclusion.svg\"><\/figure><div class=\"ut-service-column ut-service-column-horiz\"><h3><strong>Formation<\/strong><\/h3><p>Formation Intra et Inter-entreprises, formation Jeunes.<\/p><a class=\"ut-service-column-link ut-service-column-link-icon-before\" title=\"En savoir plus\" href=\"http:\/\/www.diamond-consult.com\/consultant\/formation\/\" target=\"_self\" ><i class=\"BklynIcons-First-ad\"><\/i>En savoir plus<\/a><\/div><\/div><\/div>[\/vc_column][\/vc_row][vc_row disable_element=\u00a0\u00bbyes\u00a0\u00bb][vc_column]<div class=\"wpb_content_element \"><\/div>[\/vc_column][\/vc_row][\/vc_section]<\/p>\n<\/div>[\/vc_column_text][\/vc_column][\/vc_row]<\/p>\n","protected":false},"excerpt":{"rendered":"<p>[vc_section css=\u00a0\u00bb.vc_custom_1497455841382{border-bottom-width: 1px !important;background-color: #f7f8fa !important;border-bottom-color: #dddddd !important;border-bottom-style: solid !important;}\u00a0\u00bb][vc_row][vc_column][\/vc_column][\/vc_row][vc_row][vc_column width=\u00a0\u00bb1\/2&Prime;][vc_column_text el_class=\u00a0\u00bbjustifier\u00a0\u00bb] Accompagnement vers un num\u00e9rique responsable #RSEN Le num\u00e9rique g\u00e9n\u00e8re 4% des \u00e9missions de gaz \u00e0 effet de serre. Vous r\u00eavez d&rsquo;une soci\u00e9t\u00e9 juste et \u00e9cologique ? Gr\u00e2ce \u00e0 un solide \u00e9co-syst\u00e8me et d&rsquo;experts dans la transition \u00e9cologiques, j&rsquo;accompagne les organisations dans la mise [&hellip;]<\/p>\n","protected":false},"author":2,"featured_media":0,"parent":0,"menu_order":0,"comment_status":"closed","ping_status":"closed","template":"","meta":{"footnotes":""},"yoast_head":"<!-- This site is optimized with the Yoast SEO plugin v22.9 - https:\/\/yoast.com\/wordpress\/plugins\/seo\/ -->\n<title>Decarbonum - Diamond Consult<\/title>\n<meta name=\"description\" content=\"Agir pour un num\u00e9rique \u00e9thique et responsable. Comprendre l&#039;impact \u00e9cologique des usages num\u00e9riques et le r\u00e9duire.\" \/>\n<meta name=\"robots\" content=\"index, follow, max-snippet:-1, max-image-preview:large, max-video-preview:-1\" \/>\n<link rel=\"canonical\" href=\"https:\/\/www.diamond-consult.com\/consultant\/decarbonum\/\" \/>\n<meta property=\"og:locale\" content=\"fr_FR\" \/>\n<meta property=\"og:type\" content=\"article\" \/>\n<meta property=\"og:title\" content=\"Decarbonum - Diamond Consult\" \/>\n<meta property=\"og:description\" content=\"Agir pour un num\u00e9rique \u00e9thique et responsable. Comprendre l&#039;impact \u00e9cologique des usages num\u00e9riques et le r\u00e9duire.\" \/>\n<meta property=\"og:url\" content=\"https:\/\/www.diamond-consult.com\/consultant\/decarbonum\/\" \/>\n<meta property=\"og:site_name\" content=\"Diamond Consult\" \/>\n<meta property=\"article:modified_time\" content=\"2022-03-15T10:18:48+00:00\" \/>\n<meta name=\"twitter:card\" content=\"summary_large_image\" \/>\n<meta name=\"twitter:label1\" content=\"Dur\u00e9e de lecture estim\u00e9e\" \/>\n\t<meta name=\"twitter:data1\" content=\"1 minute\" \/>\n<script type=\"application\/ld+json\" class=\"yoast-schema-graph\">{\"@context\":\"https:\/\/schema.org\",\"@graph\":[{\"@type\":\"WebPage\",\"@id\":\"https:\/\/www.diamond-consult.com\/consultant\/decarbonum\/\",\"url\":\"https:\/\/www.diamond-consult.com\/consultant\/decarbonum\/\",\"name\":\"Decarbonum - Diamond Consult\",\"isPartOf\":{\"@id\":\"https:\/\/www.diamond-consult.com\/consultant\/#website\"},\"datePublished\":\"2021-07-28T14:51:08+00:00\",\"dateModified\":\"2022-03-15T10:18:48+00:00\",\"description\":\"Agir pour un num\u00e9rique \u00e9thique et responsable. Comprendre l'impact \u00e9cologique des usages num\u00e9riques et le r\u00e9duire.\",\"breadcrumb\":{\"@id\":\"https:\/\/www.diamond-consult.com\/consultant\/decarbonum\/#breadcrumb\"},\"inLanguage\":\"fr-FR\",\"potentialAction\":[{\"@type\":\"ReadAction\",\"target\":[\"https:\/\/www.diamond-consult.com\/consultant\/decarbonum\/\"]}]},{\"@type\":\"BreadcrumbList\",\"@id\":\"https:\/\/www.diamond-consult.com\/consultant\/decarbonum\/#breadcrumb\",\"itemListElement\":[{\"@type\":\"ListItem\",\"position\":1,\"name\":\"Accueil\",\"item\":\"https:\/\/www.diamond-consult.com\/consultant\/\"},{\"@type\":\"ListItem\",\"position\":2,\"name\":\"Decarbonum\"}]},{\"@type\":\"WebSite\",\"@id\":\"https:\/\/www.diamond-consult.com\/consultant\/#website\",\"url\":\"https:\/\/www.diamond-consult.com\/consultant\/\",\"name\":\"Diamond Consult\",\"description\":\"Cr\u00e9ativit\u00e9 collective et transformation digitale\",\"potentialAction\":[{\"@type\":\"SearchAction\",\"target\":{\"@type\":\"EntryPoint\",\"urlTemplate\":\"https:\/\/www.diamond-consult.com\/consultant\/?s={search_term_string}\"},\"query-input\":\"required name=search_term_string\"}],\"inLanguage\":\"fr-FR\"}]}<\/script>\n<!-- \/ Yoast SEO plugin. -->","yoast_head_json":{"title":"Decarbonum - Diamond Consult","description":"Agir pour un num\u00e9rique \u00e9thique et responsable. Comprendre l'impact \u00e9cologique des usages num\u00e9riques et le r\u00e9duire.","robots":{"index":"index","follow":"follow","max-snippet":"max-snippet:-1","max-image-preview":"max-image-preview:large","max-video-preview":"max-video-preview:-1"},"canonical":"https:\/\/www.diamond-consult.com\/consultant\/decarbonum\/","og_locale":"fr_FR","og_type":"article","og_title":"Decarbonum - Diamond Consult","og_description":"Agir pour un num\u00e9rique \u00e9thique et responsable. Comprendre l'impact \u00e9cologique des usages num\u00e9riques et le r\u00e9duire.","og_url":"https:\/\/www.diamond-consult.com\/consultant\/decarbonum\/","og_site_name":"Diamond Consult","article_modified_time":"2022-03-15T10:18:48+00:00","twitter_card":"summary_large_image","twitter_misc":{"Dur\u00e9e de lecture estim\u00e9e":"1 minute"},"schema":{"@context":"https:\/\/schema.org","@graph":[{"@type":"WebPage","@id":"https:\/\/www.diamond-consult.com\/consultant\/decarbonum\/","url":"https:\/\/www.diamond-consult.com\/consultant\/decarbonum\/","name":"Decarbonum - Diamond Consult","isPartOf":{"@id":"https:\/\/www.diamond-consult.com\/consultant\/#website"},"datePublished":"2021-07-28T14:51:08+00:00","dateModified":"2022-03-15T10:18:48+00:00","description":"Agir pour un num\u00e9rique \u00e9thique et responsable. Comprendre l'impact \u00e9cologique des usages num\u00e9riques et le r\u00e9duire.","breadcrumb":{"@id":"https:\/\/www.diamond-consult.com\/consultant\/decarbonum\/#breadcrumb"},"inLanguage":"fr-FR","potentialAction":[{"@type":"ReadAction","target":["https:\/\/www.diamond-consult.com\/consultant\/decarbonum\/"]}]},{"@type":"BreadcrumbList","@id":"https:\/\/www.diamond-consult.com\/consultant\/decarbonum\/#breadcrumb","itemListElement":[{"@type":"ListItem","position":1,"name":"Accueil","item":"https:\/\/www.diamond-consult.com\/consultant\/"},{"@type":"ListItem","position":2,"name":"Decarbonum"}]},{"@type":"WebSite","@id":"https:\/\/www.diamond-consult.com\/consultant\/#website","url":"https:\/\/www.diamond-consult.com\/consultant\/","name":"Diamond Consult","description":"Cr\u00e9ativit\u00e9 collective et transformation digitale","potentialAction":[{"@type":"SearchAction","target":{"@type":"EntryPoint","urlTemplate":"https:\/\/www.diamond-consult.com\/consultant\/?s={search_term_string}"},"query-input":"required name=search_term_string"}],"inLanguage":"fr-FR"}]}},"_links":{"self":[{"href":"https:\/\/www.diamond-consult.com\/consultant\/wp-json\/wp\/v2\/pages\/3833"}],"collection":[{"href":"https:\/\/www.diamond-consult.com\/consultant\/wp-json\/wp\/v2\/pages"}],"about":[{"href":"https:\/\/www.diamond-consult.com\/consultant\/wp-json\/wp\/v2\/types\/page"}],"author":[{"embeddable":true,"href":"https:\/\/www.diamond-consult.com\/consultant\/wp-json\/wp\/v2\/users\/2"}],"replies":[{"embeddable":true,"href":"https:\/\/www.diamond-consult.com\/consultant\/wp-json\/wp\/v2\/comments?post=3833"}],"version-history":[{"count":8,"href":"https:\/\/www.diamond-consult.com\/consultant\/wp-json\/wp\/v2\/pages\/3833\/revisions"}],"predecessor-version":[{"id":4036,"href":"https:\/\/www.diamond-consult.com\/consultant\/wp-json\/wp\/v2\/pages\/3833\/revisions\/4036"}],"wp:attachment":[{"href":"https:\/\/www.diamond-consult.com\/consultant\/wp-json\/wp\/v2\/media?parent=3833"}],"curies":[{"name":"wp","href":"https:\/\/api.w.org\/{rel}","templated":true}]}}